{"id":708483,"date":"2025-08-27T16:15:15","date_gmt":"2025-08-27T13:15:15","guid":{"rendered":"https:\/\/roveyayinevi.com.tr\/index.php\/urun\/o-iyi-kitaplar-olmasaydi\/"},"modified":"2026-04-16T02:16:55","modified_gmt":"2026-04-15T23:16:55","slug":"o-iyi-kitaplar-olmasaydi","status":"publish","type":"product","link":"https:\/\/roveyayinevi.com.tr\/index.php\/urun\/o-iyi-kitaplar-olmasaydi\/","title":{"rendered":"O \u0130yi Kitaplar Olmasayd\u0131"},"content":{"rendered":"<p>\u201c&#8230;Okudu\u011fumuz o iyi kitaplar olmasayd\u0131 \u015fimdikinden daha k\u00f6t\u00fc durumda, daha uzla\u015fmac\u0131, daha itaatk\u00e2r olurduk. \u0130lerlemenin motoru olan ele\u015ftirel ruhun esamesi bile okunmazd\u0131&#8230; Roman ve \u00f6yk\u00fc olmasayd\u0131 \u00f6zg\u00fcrl\u00fc\u011f\u00fcn hayat\u0131 ya\u015fan\u0131l\u0131r k\u0131lmadaki \u00f6neminin, \u00f6zg\u00fcrl\u00fc\u011f\u00fcn bir zorba, bir ideoloji ya da dinin ayaklar\u0131 alt\u0131nda \u00e7i\u011fnenmesinin, hayat\u0131 nas\u0131l bir cehenneme \u00e7evirdi\u011finin fark\u0131nda olmazd\u0131k. Edebiyat\u0131n bizi yaln\u0131zca g\u00fczellik ve mutluluk d\u00fc\u015flerine dald\u0131rmakla kalmad\u0131\u011f\u0131, ayn\u0131 zamanda her t\u00fcrl\u00fc bask\u0131ya kar\u015f\u0131 g\u00f6z\u00fcm\u00fcz\u00fc a\u00e7t\u0131\u011f\u0131ndan ku\u015fku duyanlar, yurtta\u015flar\u0131n davran\u0131\u015flar\u0131n\u0131 be\u015fikten mezara kadar denetim alt\u0131nda tutmaya kararl\u0131 t\u00fcm rejimlerin edebiyattan ni\u00e7in bu kadar korktuklar\u0131n\u0131 ve neden g\u00f6zlerini ba\u011f\u0131ms\u0131z yazarlar\u0131n \u00fcst\u00fcnden ay\u0131rmad\u0131klar\u0131n\u0131 sorsunlar kendilerine&#8230;\u201d <\/p>\n","protected":false},"excerpt":{"rendered":"<p>\u201c&#8230;Okudu\u011fumuz o iyi kitaplar olmasayd\u0131 \u015fimdikinden daha k\u00f6t\u00fc durumda, daha uzla\u015fmac\u0131, daha itaatk\u00e2r olurduk. \u0130lerlemenin motoru olan ele\u015ftirel ruhun esamesi bile okunmazd\u0131&#8230; Roman ve \u00f6yk\u00fc olmasayd\u0131<span class=\"excerpt-hellip\"> [\u2026]<\/span><\/p>\n","protected":false},"featured_media":0,"template":"","meta":{"_monsterinsights_skip_tracking":false,"_monsterinsights_sitenote_active":false,"_monsterinsights_sitenote_note":"","_monsterinsights_sitenote_category":0},"product_brand":[],"product_cat":[12777,12291],"product_tag":[],"class_list":{"0":"post-708483","1":"product","2":"type-product","3":"status-publish","5":"product_cat-deneme","6":"product_cat-edebiyat","7":"pa_cilt-ciltsiz","8":"pa_tur-kitap","9":"pa_yayinevi-bilgi-yayinevi","10":"pa_yazar-emin-ozdemir","12":"first","13":"instock","14":"sale","15":"shipping-taxable","16":"purchasable","17":"product-type-simple"},"_links":{"self":[{"href":"https:\/\/roveyayinevi.com.tr\/index.php\/wp-json\/wp\/v2\/product\/708483","targetHints":{"allow":["GET"]}}],"collection":[{"href":"https:\/\/roveyayinevi.com.tr\/index.php\/wp-json\/wp\/v2\/product"}],"about":[{"href":"https:\/\/roveyayinevi.com.tr\/index.php\/wp-json\/wp\/v2\/types\/product"}],"wp:attachment":[{"href":"https:\/\/roveyayinevi.com.tr\/index.php\/wp-json\/wp\/v2\/media?parent=708483"}],"wp:term":[{"taxonomy":"product_brand","embeddable":true,"href":"https:\/\/roveyayinevi.com.tr\/index.php\/wp-json\/wp\/v2\/product_brand?post=708483"},{"taxonomy":"product_cat","embeddable":true,"href":"https:\/\/roveyayinevi.com.tr\/index.php\/wp-json\/wp\/v2\/product_cat?post=708483"},{"taxonomy":"product_tag","embeddable":true,"href":"https:\/\/roveyayinevi.com.tr\/index.php\/wp-json\/wp\/v2\/product_tag?post=708483"}],"curies":[{"name":"wp","href":"https:\/\/api.w.org\/{rel}","templated":true}]}}