{"id":708482,"date":"2025-08-27T16:15:14","date_gmt":"2025-08-27T13:15:14","guid":{"rendered":"https:\/\/roveyayinevi.com.tr\/index.php\/urun\/osmanli-tarihi-savaslar-padisahlar-onemli-olaylar\/"},"modified":"2026-04-16T02:16:55","modified_gmt":"2026-04-15T23:16:55","slug":"osmanli-tarihi-savaslar-padisahlar-onemli-olaylar","status":"publish","type":"product","link":"https:\/\/roveyayinevi.com.tr\/index.php\/urun\/osmanli-tarihi-savaslar-padisahlar-onemli-olaylar\/","title":{"rendered":"Osmanl\u0131 Tarihi &#8211; Sava\u015flar &#8211; Padi\u015fahlar &#8211; \u00d6nemli Olaylar"},"content":{"rendered":"<p>XIII. y\u00fczy\u0131l sonlar\u0131na do\u011fru Kuzeybat\u0131 Anadolu\u2019da ortaya \u00e7\u0131kan k\u00fc\u00e7\u00fck bir beylik, y\u00fczy\u0131l gibi k\u0131sa bir s\u00fcre i\u00e7erisinde Anadolu\u2019nun d\u00f6rtte \u00fc\u00e7\u00fcn\u00fc, Balkanlarda ise S\u0131rbistan ve Bo\u011fdan\u2019a kadar olan topraklar\u0131 h\u00e2kimiyetine alan bir devlet haline gelmi\u015f, daha sonraki as\u0131rlarda ise Asya, Avrupa ve Afrika\u2019da \u00e7ok geni\u015f topraklara sahip olarak y\u00fcksek bir medeniyet v\u00fccuda getirmi\u015ftir.Sel\u00e7uklu-Bizans s\u0131n\u0131r\u0131ndaki k\u00fc\u00e7\u00fck bir beyli\u011fin nas\u0131l olup da d\u00fcnyan\u0131n en b\u00fcy\u00fck devletlerinden biri h\u00e2line geldi\u011fi tarih\u00e7ileri h\u00e2l\u00e2 me\u015fgul eden bir sorudur. Asl\u0131nda verilecek tek bir cevap vard\u0131r. Osmanl\u0131 sadece bir imparatorluk de\u011fil, bir medeniyetin her alanda var olu\u015fudur. Kurmu\u015f oldu\u011fu medeniyetle yery\u00fcz\u00fcnde 6 as\u0131r h\u00fck\u00fcm s\u00fcrm\u00fc\u015f cihan devleti Osmanl\u0131 \u0130mparatorlu\u011fu&#8217;nun tarihi elbette bir kitab\u0131n sayfalar\u0131na s\u0131\u011fmayacak kadar engin ve heybetlidir. G\u00f6rm\u00fc\u015f oldu\u011funuz bu \u00e7al\u0131\u015fma asl\u0131nda bu heybetli tarihin bilimsel kaynaklardan haz\u0131rlanm\u0131\u015f anla\u015f\u0131labilir k\u0131sa bir \u00f6zetidir. Osmanl\u0131 Devleti binlerce y\u0131ll\u0131k T\u00fcrk tarihi zincirinin en \u00f6nemli halkalar\u0131ndan birisidir. Bunun yan\u0131 s\u0131ra hatalar\u0131 da vard\u0131r, sevaplar\u0131 da. \u00d6nemli olan onu tartmak, k\u0131yaslamak ve anlamak i\u00e7in okumak, tarihten ders \u00e7\u0131kartmakt\u0131r. Umar\u0131z ki bu eser, g\u00fcn\u00fcm\u00fcze kadar izleri ula\u015fan bu k\u00f6kl\u00fc medeniyeti bir nebze de olsa anla\u015f\u0131lmas\u0131nda fayda sa\u011flayabilir.<\/p>\n","protected":false},"excerpt":{"rendered":"<p>XIII. y\u00fczy\u0131l sonlar\u0131na do\u011fru Kuzeybat\u0131 Anadolu\u2019da ortaya \u00e7\u0131kan k\u00fc\u00e7\u00fck bir beylik, y\u00fczy\u0131l gibi k\u0131sa bir s\u00fcre i\u00e7erisinde Anadolu\u2019nun d\u00f6rtte \u00fc\u00e7\u00fcn\u00fc, Balkanlarda ise S\u0131rbistan ve Bo\u011fdan\u2019a kadar<span class=\"excerpt-hellip\"> [\u2026]<\/span><\/p>\n","protected":false},"featured_media":0,"template":"","meta":{"_monsterinsights_skip_tracking":false,"_monsterinsights_sitenote_active":false,"_monsterinsights_sitenote_note":"","_monsterinsights_sitenote_category":0},"product_brand":[],"product_cat":[13517,12304],"product_tag":[],"class_list":{"0":"post-708482","1":"product","2":"type-product","3":"status-publish","5":"product_cat-osmanli-tarihi","6":"product_cat-tarih","7":"pa_cilt-ciltsiz","8":"pa_tur-kitap","9":"pa_yayinevi-kripto-basim-yayin","10":"pa_yazar-bora-iyiat","12":"first","13":"instock","14":"sale","15":"shipping-taxable","16":"purchasable","17":"product-type-simple"},"_links":{"self":[{"href":"https:\/\/roveyayinevi.com.tr\/index.php\/wp-json\/wp\/v2\/product\/708482","targetHints":{"allow":["GET"]}}],"collection":[{"href":"https:\/\/roveyayinevi.com.tr\/index.php\/wp-json\/wp\/v2\/product"}],"about":[{"href":"https:\/\/roveyayinevi.com.tr\/index.php\/wp-json\/wp\/v2\/types\/product"}],"wp:attachment":[{"href":"https:\/\/roveyayinevi.com.tr\/index.php\/wp-json\/wp\/v2\/media?parent=708482"}],"wp:term":[{"taxonomy":"product_brand","embeddable":true,"href":"https:\/\/roveyayinevi.com.tr\/index.php\/wp-json\/wp\/v2\/product_brand?post=708482"},{"taxonomy":"product_cat","embeddable":true,"href":"https:\/\/roveyayinevi.com.tr\/index.php\/wp-json\/wp\/v2\/product_cat?post=708482"},{"taxonomy":"product_tag","embeddable":true,"href":"https:\/\/roveyayinevi.com.tr\/index.php\/wp-json\/wp\/v2\/product_tag?post=708482"}],"curies":[{"name":"wp","href":"https:\/\/api.w.org\/{rel}","templated":true}]}}