{"id":708480,"date":"2025-08-27T16:15:13","date_gmt":"2025-08-27T13:15:13","guid":{"rendered":"https:\/\/roveyayinevi.com.tr\/index.php\/urun\/oz-buyucusu-4\/"},"modified":"2026-04-16T02:16:55","modified_gmt":"2026-04-15T23:16:55","slug":"oz-buyucusu-4","status":"publish","type":"product","link":"https:\/\/roveyayinevi.com.tr\/index.php\/urun\/oz-buyucusu-4\/","title":{"rendered":"Oz B\u00fcy\u00fcc\u00fcs\u00fc"},"content":{"rendered":"<p>Kansas&#8217;ta Em Teyzesi ve Henry Amcas\u0131 ile birlikte ya\u015fayan Dorothy kas\u0131rgada eviyle birlikte s\u00fcr\u00fcklenip kendini Oz denilen tuhaf bir diyarda bulur. Burada onu ilk mini mini K\u0131t\u0131rgiller kar\u015f\u0131lar. K\u0131t\u0131rgiller ona, e\u011fer evine d\u00f6nmek istiyorsa Z\u00fcmr\u00fct Kent&#8217;e gidip Oz B\u00fcy\u00fcc\u00fcs\u00fc&#8217;n\u00fc bulmas\u0131n\u0131 tavsiye ederler. Yola koyulan Dorothy s\u0131ras\u0131yla bir korkulu\u011fa, bir teneke adama, bir de aslana rastlar. Onlar da Oz B\u00fcy\u00fcc\u00fcs\u00fc&#8217;nden birer dilek dilemek i\u00e7in Dorothy ile birlikte Z\u00fcmr\u00fct Kent&#8217;e gitmeye karar verir. B\u00f6ylece maceralarla dolu bir yolculuk ba\u015flar. <\/p>\n","protected":false},"excerpt":{"rendered":"<p>Kansas&#8217;ta Em Teyzesi ve Henry Amcas\u0131 ile birlikte ya\u015fayan Dorothy kas\u0131rgada eviyle birlikte s\u00fcr\u00fcklenip kendini Oz denilen tuhaf bir diyarda bulur. Burada onu ilk mini mini<span class=\"excerpt-hellip\"> [\u2026]<\/span><\/p>\n","protected":false},"featured_media":0,"template":"","meta":{"_monsterinsights_skip_tracking":false,"_monsterinsights_sitenote_active":false,"_monsterinsights_sitenote_note":"","_monsterinsights_sitenote_category":0},"product_brand":[],"product_cat":[12275,12274],"product_tag":[],"class_list":{"0":"post-708480","1":"product","2":"type-product","3":"status-publish","5":"product_cat-6-12-yas-kitaplari","6":"product_cat-cocuk-ve-genclik-kitaplari","7":"pa_cilt-ciltsiz","8":"pa_tur-kitap","9":"pa_yayinevi-fark-yayinlari","10":"pa_yazar-frank-baum","12":"first","13":"instock","14":"sale","15":"shipping-taxable","16":"purchasable","17":"product-type-simple"},"_links":{"self":[{"href":"https:\/\/roveyayinevi.com.tr\/index.php\/wp-json\/wp\/v2\/product\/708480","targetHints":{"allow":["GET"]}}],"collection":[{"href":"https:\/\/roveyayinevi.com.tr\/index.php\/wp-json\/wp\/v2\/product"}],"about":[{"href":"https:\/\/roveyayinevi.com.tr\/index.php\/wp-json\/wp\/v2\/types\/product"}],"wp:attachment":[{"href":"https:\/\/roveyayinevi.com.tr\/index.php\/wp-json\/wp\/v2\/media?parent=708480"}],"wp:term":[{"taxonomy":"product_brand","embeddable":true,"href":"https:\/\/roveyayinevi.com.tr\/index.php\/wp-json\/wp\/v2\/product_brand?post=708480"},{"taxonomy":"product_cat","embeddable":true,"href":"https:\/\/roveyayinevi.com.tr\/index.php\/wp-json\/wp\/v2\/product_cat?post=708480"},{"taxonomy":"product_tag","embeddable":true,"href":"https:\/\/roveyayinevi.com.tr\/index.php\/wp-json\/wp\/v2\/product_tag?post=708480"}],"curies":[{"name":"wp","href":"https:\/\/api.w.org\/{rel}","templated":true}]}}