{"id":708479,"date":"2025-08-27T16:15:13","date_gmt":"2025-08-27T13:15:13","guid":{"rendered":"https:\/\/roveyayinevi.com.tr\/index.php\/urun\/robinson-crusoe-14\/"},"modified":"2026-04-16T02:16:55","modified_gmt":"2026-04-15T23:16:55","slug":"robinson-crusoe-14","status":"publish","type":"product","link":"https:\/\/roveyayinevi.com.tr\/index.php\/urun\/robinson-crusoe-14\/","title":{"rendered":"Robinson Crusoe"},"content":{"rendered":"<p>Kitap, \u0130ngiltere&#8217;de ya\u015fayan orta halli bir ailenin en k\u00fc\u00e7\u00fck o\u011flu olan Robinson Kreutzner&#8217;in d\u00fcnyay\u0131 gezme hayalleri ile \u00e7\u0131kt\u0131\u011f\u0131 yolculuklar\u0131 ve bu s\u0131rada kar\u015f\u0131la\u015ft\u0131\u011f\u0131 olaylar\u0131 anlat\u0131r. Bu yolculuklar s\u0131ras\u0131nda, seyahat etti\u011fi gemi bat\u0131nca \u0131ss\u0131z bir adada 28 y\u0131l tek ba\u015f\u0131na ya\u015famak zorunda kal\u0131r. Sonradan eklenen ve Robinson Crusoe&#8217;nun Yeni Ser\u00fcvenleri ad\u0131 verilen ikinci kitapta, Robinson d\u00f6ner. Burada bir s\u00fcre kald\u0131ktan sonra yine denize a\u00e7\u0131l\u0131r. Madagaskar&#8217;dan, \u00c7in&#8217;e Rusya&#8217;ya ge\u00e7erek \u0130ngiltere&#8217;ye d\u00f6ner. Bu yolculuklarda ticaret yapar ve kendi k\u00fclt\u00fcr\u00fcn\u00fc bu \u00fclkelerinkiyle kar\u015f\u0131la\u015ft\u0131r\u0131r. Kitapta d\u00fcr\u00fcstl\u00fck, cesaret, \u00f6zveri, yarat\u0131c\u0131l\u0131k, dayan\u0131\u015fma ve ser\u00fcven duygusu gibi kavramlar i\u015flenmekte. Ak\u015fit G\u00f6kt\u00fcrk&#8217;\u00fcn titiz \u00e7evirisiyle tam metin ve tek cilt halinde yay\u0131mlanan Robinson Crusoe&#8217; nun yeni bask\u0131s\u0131, Grandville&#8217;in ill\u00fcstrasyonlar\u0131 ve \u00f6zenli bir bask\u0131yla sunuluyor. <\/p>\n","protected":false},"excerpt":{"rendered":"<p>Kitap, \u0130ngiltere&#8217;de ya\u015fayan orta halli bir ailenin en k\u00fc\u00e7\u00fck o\u011flu olan Robinson Kreutzner&#8217;in d\u00fcnyay\u0131 gezme hayalleri ile \u00e7\u0131kt\u0131\u011f\u0131 yolculuklar\u0131 ve bu s\u0131rada kar\u015f\u0131la\u015ft\u0131\u011f\u0131 olaylar\u0131 anlat\u0131r. Bu<span class=\"excerpt-hellip\"> [\u2026]<\/span><\/p>\n","protected":false},"featured_media":0,"template":"","meta":{"_monsterinsights_skip_tracking":false,"_monsterinsights_sitenote_active":false,"_monsterinsights_sitenote_note":"","_monsterinsights_sitenote_category":0},"product_brand":[],"product_cat":[12275,12274],"product_tag":[],"class_list":{"0":"post-708479","1":"product","2":"type-product","3":"status-publish","5":"product_cat-6-12-yas-kitaplari","6":"product_cat-cocuk-ve-genclik-kitaplari","7":"pa_cilt-ciltsiz","8":"pa_tur-kitap","9":"pa_yayinevi-fark-yayinlari","10":"pa_yazar-daniel-defoe","12":"first","13":"instock","14":"sale","15":"shipping-taxable","16":"purchasable","17":"product-type-simple"},"_links":{"self":[{"href":"https:\/\/roveyayinevi.com.tr\/index.php\/wp-json\/wp\/v2\/product\/708479","targetHints":{"allow":["GET"]}}],"collection":[{"href":"https:\/\/roveyayinevi.com.tr\/index.php\/wp-json\/wp\/v2\/product"}],"about":[{"href":"https:\/\/roveyayinevi.com.tr\/index.php\/wp-json\/wp\/v2\/types\/product"}],"wp:attachment":[{"href":"https:\/\/roveyayinevi.com.tr\/index.php\/wp-json\/wp\/v2\/media?parent=708479"}],"wp:term":[{"taxonomy":"product_brand","embeddable":true,"href":"https:\/\/roveyayinevi.com.tr\/index.php\/wp-json\/wp\/v2\/product_brand?post=708479"},{"taxonomy":"product_cat","embeddable":true,"href":"https:\/\/roveyayinevi.com.tr\/index.php\/wp-json\/wp\/v2\/product_cat?post=708479"},{"taxonomy":"product_tag","embeddable":true,"href":"https:\/\/roveyayinevi.com.tr\/index.php\/wp-json\/wp\/v2\/product_tag?post=708479"}],"curies":[{"name":"wp","href":"https:\/\/api.w.org\/{rel}","templated":true}]}}