{"id":708478,"date":"2025-08-27T16:15:12","date_gmt":"2025-08-27T13:15:12","guid":{"rendered":"https:\/\/roveyayinevi.com.tr\/index.php\/urun\/balonla-bes-hafta-5\/"},"modified":"2026-04-16T02:16:55","modified_gmt":"2026-04-15T23:16:55","slug":"balonla-bes-hafta-5","status":"publish","type":"product","link":"https:\/\/roveyayinevi.com.tr\/index.php\/urun\/balonla-bes-hafta-5\/","title":{"rendered":"Balonla Be\u015f Hafta"},"content":{"rendered":"<p>Zaman ke\u015fifler zaman\u0131, Afrika ve Nil nehri t\u00fcm gizemiyle Avrupal\u0131 k\u00e2\u015fifleri kendine \u00e7a\u011f\u0131rmaktad\u0131r. Nil\u2019in kayna\u011f\u0131n\u0131 kim ke\u015ffedecek? Bunu deneyen bir\u00e7ok k\u00e2\u015fif ya Afrikal\u0131 kabilelerin elinde, ya a\u011f\u0131r hava ko\u015fullar\u0131 y\u00fcz\u00fcnden, ya da a\u00e7l\u0131k ve susuzluktan hayat\u0131n\u0131 kaybetmi\u015fti ama en yak\u0131n dostunun bile en ba\u015fta inanmad\u0131\u011f\u0131 Dr. Ferguson, bu geziyi balonla yapmaya karar verir ve yan\u0131na sad\u0131k hizmetk\u00e2r\u0131 Joe ve en yak\u0131n arkada\u015f\u0131 Dick Kennedy\u2019yi alarak bu \u00e7\u0131lg\u0131n ve inan\u0131lmaz maceraya at\u0131l\u0131r. Bu kez Afrika havadan ke\u015ffedilecektir ve t\u00fcm tehlikelerine ra\u011fmen \u00fc\u00e7 maceraperest, bu yap\u0131lmas\u0131 zor g\u00f6revi tamamlayarak sa\u011f salim evlerine, \u0130ngiltere\u2019ye d\u00f6nebilecekler midir? <\/p>\n","protected":false},"excerpt":{"rendered":"<p>Zaman ke\u015fifler zaman\u0131, Afrika ve Nil nehri t\u00fcm gizemiyle Avrupal\u0131 k\u00e2\u015fifleri kendine \u00e7a\u011f\u0131rmaktad\u0131r. Nil\u2019in kayna\u011f\u0131n\u0131 kim ke\u015ffedecek? Bunu deneyen bir\u00e7ok k\u00e2\u015fif ya Afrikal\u0131 kabilelerin elinde, ya<span class=\"excerpt-hellip\"> [\u2026]<\/span><\/p>\n","protected":false},"featured_media":0,"template":"","meta":{"_monsterinsights_skip_tracking":false,"_monsterinsights_sitenote_active":false,"_monsterinsights_sitenote_note":"","_monsterinsights_sitenote_category":0},"product_brand":[],"product_cat":[12275,12274],"product_tag":[],"class_list":{"0":"post-708478","1":"product","2":"type-product","3":"status-publish","5":"product_cat-6-12-yas-kitaplari","6":"product_cat-cocuk-ve-genclik-kitaplari","7":"pa_cilt-ciltsiz","8":"pa_tur-kitap","9":"pa_yayinevi-fark-yayinlari","10":"pa_yazar-jules-verne","12":"first","13":"instock","14":"sale","15":"shipping-taxable","16":"purchasable","17":"product-type-simple"},"_links":{"self":[{"href":"https:\/\/roveyayinevi.com.tr\/index.php\/wp-json\/wp\/v2\/product\/708478","targetHints":{"allow":["GET"]}}],"collection":[{"href":"https:\/\/roveyayinevi.com.tr\/index.php\/wp-json\/wp\/v2\/product"}],"about":[{"href":"https:\/\/roveyayinevi.com.tr\/index.php\/wp-json\/wp\/v2\/types\/product"}],"wp:attachment":[{"href":"https:\/\/roveyayinevi.com.tr\/index.php\/wp-json\/wp\/v2\/media?parent=708478"}],"wp:term":[{"taxonomy":"product_brand","embeddable":true,"href":"https:\/\/roveyayinevi.com.tr\/index.php\/wp-json\/wp\/v2\/product_brand?post=708478"},{"taxonomy":"product_cat","embeddable":true,"href":"https:\/\/roveyayinevi.com.tr\/index.php\/wp-json\/wp\/v2\/product_cat?post=708478"},{"taxonomy":"product_tag","embeddable":true,"href":"https:\/\/roveyayinevi.com.tr\/index.php\/wp-json\/wp\/v2\/product_tag?post=708478"}],"curies":[{"name":"wp","href":"https:\/\/api.w.org\/{rel}","templated":true}]}}