{"id":708476,"date":"2025-08-27T16:15:11","date_gmt":"2025-08-27T13:15:11","guid":{"rendered":"https:\/\/roveyayinevi.com.tr\/index.php\/urun\/iki-yil-okul-tatili-4\/"},"modified":"2026-04-16T02:16:55","modified_gmt":"2026-04-15T23:16:55","slug":"iki-yil-okul-tatili-4","status":"publish","type":"product","link":"https:\/\/roveyayinevi.com.tr\/index.php\/urun\/iki-yil-okul-tatili-4\/","title":{"rendered":"\u0130ki Y\u0131l Okul Tatili"},"content":{"rendered":"<p>Sloughi isimli yat\u0131n i\u00e7inde ya\u015flar\u0131 8 ile 14 aras\u0131nda de\u011fi\u015fen ve yanlar\u0131nda tek bir yeti\u015fkin dahi bulunmayan on be\u015f \u00e7ocuk vard\u0131r. Ertesi sabah limandan ayr\u0131lacak olan yat\u0131n halatlar\u0131 esrarengiz bir \u015fekilde kopar ve Chairman yat\u0131l\u0131 okulunun \u00f6\u011frencisi olan bu \u00e7ocuklar a\u00e7\u0131k denize do\u011fru s\u00fcr\u00fcklenirler. A\u00e7\u0131k denizde uzun bir s\u00fcre s\u00fcr\u00fcklendikten sonra \u0131ss\u0131z bir adaya d\u00fc\u015fen \u00e7ocuklar, cesaretleri sayesinde adadaki ya\u015fama uyum sa\u011flayabilecekler mi? Her biri farkl\u0131 ki\u015filik ve karaktere sahip ola bu \u00e7ocuklar\u0131n ba\u015flar\u0131ndan ge\u00e7en maceralarda hep birlikte onlara e\u015flik edelim ve vazge\u00e7memenin, cesaretin her zorlu\u011fu nas\u0131l yendi\u011fini g\u00f6relim.<\/p>\n","protected":false},"excerpt":{"rendered":"<p>Sloughi isimli yat\u0131n i\u00e7inde ya\u015flar\u0131 8 ile 14 aras\u0131nda de\u011fi\u015fen ve yanlar\u0131nda tek bir yeti\u015fkin dahi bulunmayan on be\u015f \u00e7ocuk vard\u0131r. Ertesi sabah limandan ayr\u0131lacak olan<span class=\"excerpt-hellip\"> [\u2026]<\/span><\/p>\n","protected":false},"featured_media":0,"template":"","meta":{"_monsterinsights_skip_tracking":false,"_monsterinsights_sitenote_active":false,"_monsterinsights_sitenote_note":"","_monsterinsights_sitenote_category":0},"product_brand":[],"product_cat":[12275,12274],"product_tag":[],"class_list":{"0":"post-708476","1":"product","2":"type-product","3":"status-publish","5":"product_cat-6-12-yas-kitaplari","6":"product_cat-cocuk-ve-genclik-kitaplari","7":"pa_cilt-ciltsiz","8":"pa_tur-kitap","9":"pa_yayinevi-fark-yayinlari","10":"pa_yazar-jules-verne","12":"first","13":"instock","14":"sale","15":"shipping-taxable","16":"purchasable","17":"product-type-simple"},"_links":{"self":[{"href":"https:\/\/roveyayinevi.com.tr\/index.php\/wp-json\/wp\/v2\/product\/708476","targetHints":{"allow":["GET"]}}],"collection":[{"href":"https:\/\/roveyayinevi.com.tr\/index.php\/wp-json\/wp\/v2\/product"}],"about":[{"href":"https:\/\/roveyayinevi.com.tr\/index.php\/wp-json\/wp\/v2\/types\/product"}],"wp:attachment":[{"href":"https:\/\/roveyayinevi.com.tr\/index.php\/wp-json\/wp\/v2\/media?parent=708476"}],"wp:term":[{"taxonomy":"product_brand","embeddable":true,"href":"https:\/\/roveyayinevi.com.tr\/index.php\/wp-json\/wp\/v2\/product_brand?post=708476"},{"taxonomy":"product_cat","embeddable":true,"href":"https:\/\/roveyayinevi.com.tr\/index.php\/wp-json\/wp\/v2\/product_cat?post=708476"},{"taxonomy":"product_tag","embeddable":true,"href":"https:\/\/roveyayinevi.com.tr\/index.php\/wp-json\/wp\/v2\/product_tag?post=708476"}],"curies":[{"name":"wp","href":"https:\/\/api.w.org\/{rel}","templated":true}]}}