{"id":708473,"date":"2025-08-27T16:15:10","date_gmt":"2025-08-27T13:15:10","guid":{"rendered":"https:\/\/roveyayinevi.com.tr\/index.php\/urun\/seksen-gunde-devri-alem\/"},"modified":"2026-04-16T02:16:55","modified_gmt":"2026-04-15T23:16:55","slug":"seksen-gunde-devri-alem","status":"publish","type":"product","link":"https:\/\/roveyayinevi.com.tr\/index.php\/urun\/seksen-gunde-devri-alem\/","title":{"rendered":"Seksen G\u00fcnde Devri Alem"},"content":{"rendered":"<p>Phileas Fogg, kimsenin hakk\u0131nda hi\u00e7bir \u015fey bilmedi\u011fi zengin ve kibar bir \u0130ngiliz beyefen-disidir. Son derece d\u00fczenli bir hayat s\u00fcrme-siyle \u00fcnl\u00fcd\u00fcr. Bir g\u00fcn, \u00fcyesi oldu\u011fu \u201cLondra Bilim Kul\u00fcb\u00fc\u201d nde, ger\u00e7ekle\u015ftirilmesi imk\u00e2ns\u0131z gibi g\u00f6r\u00fcnen bir konuda, servetini ortaya koyarak iddiaya girer: Hi\u00e7bir haz\u0131rl\u0131k ve plan yapmadan d\u00fcnyan\u0131n \u00e7evresini 80 g\u00fcnde dola\u015facakt\u0131r. <\/p>\n","protected":false},"excerpt":{"rendered":"<p>Phileas Fogg, kimsenin hakk\u0131nda hi\u00e7bir \u015fey bilmedi\u011fi zengin ve kibar bir \u0130ngiliz beyefen-disidir. Son derece d\u00fczenli bir hayat s\u00fcrme-siyle \u00fcnl\u00fcd\u00fcr. Bir g\u00fcn, \u00fcyesi oldu\u011fu \u201cLondra Bilim<span class=\"excerpt-hellip\"> [\u2026]<\/span><\/p>\n","protected":false},"featured_media":0,"template":"","meta":{"_monsterinsights_skip_tracking":false,"_monsterinsights_sitenote_active":false,"_monsterinsights_sitenote_note":"","_monsterinsights_sitenote_category":0},"product_brand":[],"product_cat":[12275,12274],"product_tag":[],"class_list":{"0":"post-708473","1":"product","2":"type-product","3":"status-publish","5":"product_cat-6-12-yas-kitaplari","6":"product_cat-cocuk-ve-genclik-kitaplari","7":"pa_cilt-ciltsiz","8":"pa_tur-kitap","9":"pa_yayinevi-fark-yayinlari","10":"pa_yazar-jules-verne","12":"first","13":"instock","14":"sale","15":"shipping-taxable","16":"purchasable","17":"product-type-simple"},"_links":{"self":[{"href":"https:\/\/roveyayinevi.com.tr\/index.php\/wp-json\/wp\/v2\/product\/708473","targetHints":{"allow":["GET"]}}],"collection":[{"href":"https:\/\/roveyayinevi.com.tr\/index.php\/wp-json\/wp\/v2\/product"}],"about":[{"href":"https:\/\/roveyayinevi.com.tr\/index.php\/wp-json\/wp\/v2\/types\/product"}],"wp:attachment":[{"href":"https:\/\/roveyayinevi.com.tr\/index.php\/wp-json\/wp\/v2\/media?parent=708473"}],"wp:term":[{"taxonomy":"product_brand","embeddable":true,"href":"https:\/\/roveyayinevi.com.tr\/index.php\/wp-json\/wp\/v2\/product_brand?post=708473"},{"taxonomy":"product_cat","embeddable":true,"href":"https:\/\/roveyayinevi.com.tr\/index.php\/wp-json\/wp\/v2\/product_cat?post=708473"},{"taxonomy":"product_tag","embeddable":true,"href":"https:\/\/roveyayinevi.com.tr\/index.php\/wp-json\/wp\/v2\/product_tag?post=708473"}],"curies":[{"name":"wp","href":"https:\/\/api.w.org\/{rel}","templated":true}]}}