{"id":708471,"date":"2025-08-27T16:15:09","date_gmt":"2025-08-27T13:15:09","guid":{"rendered":"https:\/\/roveyayinevi.com.tr\/index.php\/urun\/kucuk-prens-15\/"},"modified":"2026-04-16T02:16:55","modified_gmt":"2026-04-15T23:16:55","slug":"kucuk-prens-15","status":"publish","type":"product","link":"https:\/\/roveyayinevi.com.tr\/index.php\/urun\/kucuk-prens-15\/","title":{"rendered":"K\u00fc\u00e7\u00fck Prens"},"content":{"rendered":"<p>Bir tanesi y\u00fcz\u00fcnden hepsini seversin&#8230;\u201cGeceleri y\u0131ld\u0131zlara bakman yeter\u201d dedi K\u00fc\u00e7\u00fck Prens. \u201cBenim evim o kadar k\u00fc\u00e7\u00fck ki sana buradan g\u00f6steremem onun yerini. Asl\u0131nda b\u00f6ylesi daha iyi&#8230;G\u00f6ky\u00fcz\u00fcndeki y\u0131ld\u0131zlardan herhangi biri benim y\u0131ld\u0131z\u0131m olacak senin i\u00e7in. Ve sadece tek bir y\u0131ld\u0131z y\u00fcz\u00fcnden, b\u00fct\u00fcn y\u0131ld\u0131zlar\u0131 \u00e7ok seveceksin.Hepsi senin dostun olacak.E\u011fer milyonlarca y\u0131ld\u0131z i\u00e7inde sadece bir tanesinde yeti\u015fen e\u015fsiz bir \u00e7i\u00e7e\u011fin varsa ve sen onu severken y\u0131ld\u0131zlara bakmak bile seni fazlas\u0131yla mutlu edebiliyorsa huzurla dolars\u0131n.\u2018\u00c7i\u00e7e\u011fim orada bir yerlerde ve o \u00e7ok g\u00fczel&#8230; Var olmaya devam edecek\u2019 dersin. Fakat o g\u00fczel, e\u015fsiz \u00e7i\u00e7e\u011fin, g\u00fcn\u00fcn birinde bir koyunun yeme\u011fi olursa, i\u015fte o vakit y\u0131ld\u0131zlar karar\u0131r, mutluluk biter.Ve bu senin i\u00e7in h\u00e2l\u00e2 \u00f6nemli say\u0131lmaz m\u0131?\u201d***Frans\u0131z pilot, yazar ve \u015fair Antoine de Saint-Exup\u00e9ry\u2019nin kaleme ald\u0131\u011f\u0131 emsalsiz bir ba\u015fyap\u0131t K\u00dc\u00c7\u00dcK PRENS&#8230;210 dile \u00e7evrilmi\u015f, 12 kez sinemaya uyarlanm\u0131\u015f e\u015fsiz bir eser.\u00c7ocuk kadar masum, g\u00fc\u00e7l\u00fc, yarat\u0131c\u0131 ve ilham verici&#8230; <\/p>\n","protected":false},"excerpt":{"rendered":"<p>Bir tanesi y\u00fcz\u00fcnden hepsini seversin&#8230;\u201cGeceleri y\u0131ld\u0131zlara bakman yeter\u201d dedi K\u00fc\u00e7\u00fck Prens. \u201cBenim evim o kadar k\u00fc\u00e7\u00fck ki sana buradan g\u00f6steremem onun yerini. Asl\u0131nda b\u00f6ylesi daha iyi&#8230;G\u00f6ky\u00fcz\u00fcndeki<span class=\"excerpt-hellip\"> [\u2026]<\/span><\/p>\n","protected":false},"featured_media":0,"template":"","meta":{"_monsterinsights_skip_tracking":false,"_monsterinsights_sitenote_active":false,"_monsterinsights_sitenote_note":"","_monsterinsights_sitenote_category":0},"product_brand":[],"product_cat":[12275,12274],"product_tag":[],"class_list":{"0":"post-708471","1":"product","2":"type-product","3":"status-publish","5":"product_cat-6-12-yas-kitaplari","6":"product_cat-cocuk-ve-genclik-kitaplari","7":"pa_cilt-ciltsiz","8":"pa_tur-kitap","9":"pa_yayinevi-destek-yayinlari","10":"pa_yazar-antoine-de-saint-exupery","12":"first","13":"instock","14":"sale","15":"shipping-taxable","16":"purchasable","17":"product-type-simple"},"_links":{"self":[{"href":"https:\/\/roveyayinevi.com.tr\/index.php\/wp-json\/wp\/v2\/product\/708471","targetHints":{"allow":["GET"]}}],"collection":[{"href":"https:\/\/roveyayinevi.com.tr\/index.php\/wp-json\/wp\/v2\/product"}],"about":[{"href":"https:\/\/roveyayinevi.com.tr\/index.php\/wp-json\/wp\/v2\/types\/product"}],"wp:attachment":[{"href":"https:\/\/roveyayinevi.com.tr\/index.php\/wp-json\/wp\/v2\/media?parent=708471"}],"wp:term":[{"taxonomy":"product_brand","embeddable":true,"href":"https:\/\/roveyayinevi.com.tr\/index.php\/wp-json\/wp\/v2\/product_brand?post=708471"},{"taxonomy":"product_cat","embeddable":true,"href":"https:\/\/roveyayinevi.com.tr\/index.php\/wp-json\/wp\/v2\/product_cat?post=708471"},{"taxonomy":"product_tag","embeddable":true,"href":"https:\/\/roveyayinevi.com.tr\/index.php\/wp-json\/wp\/v2\/product_tag?post=708471"}],"curies":[{"name":"wp","href":"https:\/\/api.w.org\/{rel}","templated":true}]}}