{"id":708469,"date":"2025-08-27T16:15:08","date_gmt":"2025-08-27T13:15:08","guid":{"rendered":"https:\/\/roveyayinevi.com.tr\/index.php\/urun\/bentler\/"},"modified":"2026-04-16T02:16:55","modified_gmt":"2026-04-15T23:16:55","slug":"bentler","status":"publish","type":"product","link":"https:\/\/roveyayinevi.com.tr\/index.php\/urun\/bentler\/","title":{"rendered":"Bentler"},"content":{"rendered":"<p>Ebubekir Ero\u011flu\u2019nun yeni \u015fiir kitab\u0131 Bentler bah\u00e7enin yolunu temizledim bir yandan bir heves a\u015f\u0131lad\u0131m \u00f6te yandan kimse kap\u0131dan d\u00f6nmesin diye ama daha ben bile d\u0131\u015f\u0131nday\u0131m kap\u0131n\u0131n 2016\u2019da Necip Faz\u0131l \u015eiir \u00d6d\u00fcl\u00fc alan Ebubekir Ero\u011flu\u2019nun yeni \u015fiir kitab\u0131 Bentler Yap\u0131 Kredi Yay\u0131nlar\u0131 taraf\u0131ndan yay\u0131mland\u0131. Ebubekir Ero\u011flu\u2019nun sekizinci \u015fiir kitab\u0131 Bentler\u2019de ge\u00e7en y\u0131l \u00e7\u0131kan \u0130\u00e7kale adl\u0131 kitab\u0131 tamamlayan nitelikte 66 par\u00e7a \u015fiirden olu\u015fuyor. \ufffcTan\u0131t\u0131m Metni<\/p>\n","protected":false},"excerpt":{"rendered":"<p>Ebubekir Ero\u011flu\u2019nun yeni \u015fiir kitab\u0131 Bentler bah\u00e7enin yolunu temizledim bir yandan bir heves a\u015f\u0131lad\u0131m \u00f6te yandan kimse kap\u0131dan d\u00f6nmesin diye ama daha ben bile d\u0131\u015f\u0131nday\u0131m kap\u0131n\u0131n<span class=\"excerpt-hellip\"> [\u2026]<\/span><\/p>\n","protected":false},"featured_media":0,"template":"","meta":{"_monsterinsights_skip_tracking":false,"_monsterinsights_sitenote_active":false,"_monsterinsights_sitenote_note":"","_monsterinsights_sitenote_category":0},"product_brand":[],"product_cat":[12291,12292],"product_tag":[],"class_list":{"0":"post-708469","1":"product","2":"type-product","3":"status-publish","5":"product_cat-edebiyat","6":"product_cat-turk-edebiyati","7":"pa_cilt-ciltsiz","8":"pa_tur-kitap","9":"pa_yayinevi-yapi-kredi-yayinlari","10":"pa_yazar-ebubekir-eroglu","12":"first","13":"instock","14":"sale","15":"shipping-taxable","16":"purchasable","17":"product-type-simple"},"_links":{"self":[{"href":"https:\/\/roveyayinevi.com.tr\/index.php\/wp-json\/wp\/v2\/product\/708469","targetHints":{"allow":["GET"]}}],"collection":[{"href":"https:\/\/roveyayinevi.com.tr\/index.php\/wp-json\/wp\/v2\/product"}],"about":[{"href":"https:\/\/roveyayinevi.com.tr\/index.php\/wp-json\/wp\/v2\/types\/product"}],"wp:attachment":[{"href":"https:\/\/roveyayinevi.com.tr\/index.php\/wp-json\/wp\/v2\/media?parent=708469"}],"wp:term":[{"taxonomy":"product_brand","embeddable":true,"href":"https:\/\/roveyayinevi.com.tr\/index.php\/wp-json\/wp\/v2\/product_brand?post=708469"},{"taxonomy":"product_cat","embeddable":true,"href":"https:\/\/roveyayinevi.com.tr\/index.php\/wp-json\/wp\/v2\/product_cat?post=708469"},{"taxonomy":"product_tag","embeddable":true,"href":"https:\/\/roveyayinevi.com.tr\/index.php\/wp-json\/wp\/v2\/product_tag?post=708469"}],"curies":[{"name":"wp","href":"https:\/\/api.w.org\/{rel}","templated":true}]}}