{"id":708467,"date":"2025-08-27T16:15:07","date_gmt":"2025-08-27T13:15:07","guid":{"rendered":"https:\/\/roveyayinevi.com.tr\/index.php\/urun\/imparatorluk-olmanin-dayanilmaz-agirligi\/"},"modified":"2026-04-16T02:16:55","modified_gmt":"2026-04-15T23:16:55","slug":"imparatorluk-olmanin-dayanilmaz-agirligi","status":"publish","type":"product","link":"https:\/\/roveyayinevi.com.tr\/index.php\/urun\/imparatorluk-olmanin-dayanilmaz-agirligi\/","title":{"rendered":"\u0130mparatorluk Olman\u0131n Dayan\u0131lmaz A\u011f\u0131rl\u0131\u011f\u0131"},"content":{"rendered":"<p>Bu kitap, Osmanl\u0131 \u0130mparatorlu\u011fu\u2019nun neden s\u00fcrekli bir sava\u015f halinde ya\u015fad\u0131\u011f\u0131, Macaristan\u2019a bir asr\u0131 a\u015fk\u0131n bir s\u00fcre hangi saiklerle ordu \u00fczerine ordu yollad\u0131\u011f\u0131 ve Osmanl\u0131 devlet ricalinin 16. y\u00fczy\u0131l\u0131n ba\u015flar\u0131nda Macar illerini, ya da daha genel ifadesiyle, Orta Avrupa\u2019y\u0131 ni\u00e7in imparatorlu\u011fun en \u00f6nemli s\u0131n\u0131r boyu sayd\u0131\u011f\u0131 sorular\u0131n\u0131n pe\u015fine d\u00fc\u015fmektedir. Bu \u00e7al\u0131\u015fman\u0131n ana gayesi, Osmanl\u0131 siyas\u00ee ve asker\u00ee planlamas\u0131nda Macar\/Orta Avrupa cephesinin oynad\u0131\u011f\u0131 rol\u00fcn daha ger\u00e7ek\u00e7i bir resmini temin etmektir. Kitap, bu vesileyle, Macar hududundaki \u00e7at\u0131\u015fman\u0131n uzun vadede Osmanl\u0131 \u0130mparatorlu\u011fu\u2019nun kaderini nas\u0131l etkiledi\u011fini ve Osmanl\u0131 saray\u0131n\u0131n verdi\u011fi bir dizi hatal\u0131 kararla arzulad\u0131\u011f\u0131 cihan\u015f\u00fcmul h\u00e2kimiyet fikrini hayata ge\u00e7irmede ne surette ba\u015far\u0131s\u0131zl\u0131\u011fa u\u011frad\u0131\u011f\u0131n\u0131 g\u00f6stermeyi ama\u00e7lamaktad\u0131r. Kitab\u0131n yazar\u0131, ayn\u0131 zamanda, son zamanlarda Osmanl\u0131 tarih\u00e7ili\u011finde g\u00f6r\u00fclen bir e\u011filimi, Osmanl\u0131 ve Avrupa tarihlerinin i\u00e7 i\u00e7e ge\u00e7mi\u015f oldu\u011fu fikrini k\u0131yas\u0131ya ele\u015ftirmektedir. \ufffcTan\u0131t\u0131m Metni<\/p>\n","protected":false},"excerpt":{"rendered":"<p>Bu kitap, Osmanl\u0131 \u0130mparatorlu\u011fu\u2019nun neden s\u00fcrekli bir sava\u015f halinde ya\u015fad\u0131\u011f\u0131, Macaristan\u2019a bir asr\u0131 a\u015fk\u0131n bir s\u00fcre hangi saiklerle ordu \u00fczerine ordu yollad\u0131\u011f\u0131 ve Osmanl\u0131 devlet ricalinin<span class=\"excerpt-hellip\"> [\u2026]<\/span><\/p>\n","protected":false},"featured_media":0,"template":"","meta":{"_monsterinsights_skip_tracking":false,"_monsterinsights_sitenote_active":false,"_monsterinsights_sitenote_note":"","_monsterinsights_sitenote_category":0},"product_brand":[],"product_cat":[12370,12304],"product_tag":[],"class_list":{"0":"post-708467","1":"product","2":"type-product","3":"status-publish","5":"product_cat-arastirma-inceleme","6":"product_cat-tarih","7":"pa_cilt-ciltsiz","8":"pa_tur-kitap","9":"pa_yayinevi-yeditepe-yayinevi","10":"pa_yazar-pal-fodor","12":"first","13":"instock","14":"sale","15":"shipping-taxable","16":"purchasable","17":"product-type-simple"},"_links":{"self":[{"href":"https:\/\/roveyayinevi.com.tr\/index.php\/wp-json\/wp\/v2\/product\/708467","targetHints":{"allow":["GET"]}}],"collection":[{"href":"https:\/\/roveyayinevi.com.tr\/index.php\/wp-json\/wp\/v2\/product"}],"about":[{"href":"https:\/\/roveyayinevi.com.tr\/index.php\/wp-json\/wp\/v2\/types\/product"}],"wp:attachment":[{"href":"https:\/\/roveyayinevi.com.tr\/index.php\/wp-json\/wp\/v2\/media?parent=708467"}],"wp:term":[{"taxonomy":"product_brand","embeddable":true,"href":"https:\/\/roveyayinevi.com.tr\/index.php\/wp-json\/wp\/v2\/product_brand?post=708467"},{"taxonomy":"product_cat","embeddable":true,"href":"https:\/\/roveyayinevi.com.tr\/index.php\/wp-json\/wp\/v2\/product_cat?post=708467"},{"taxonomy":"product_tag","embeddable":true,"href":"https:\/\/roveyayinevi.com.tr\/index.php\/wp-json\/wp\/v2\/product_tag?post=708467"}],"curies":[{"name":"wp","href":"https:\/\/api.w.org\/{rel}","templated":true}]}}