{"id":708464,"date":"2025-08-27T16:15:05","date_gmt":"2025-08-27T13:15:05","guid":{"rendered":"https:\/\/roveyayinevi.com.tr\/index.php\/urun\/susuzluk-antik-dunyada-su-ve-iktidar-ciltli\/"},"modified":"2026-04-16T02:16:55","modified_gmt":"2026-04-15T23:16:55","slug":"susuzluk-antik-dunyada-su-ve-iktidar-ciltli","status":"publish","type":"product","link":"https:\/\/roveyayinevi.com.tr\/index.php\/urun\/susuzluk-antik-dunyada-su-ve-iktidar-ciltli\/","title":{"rendered":"Susuzluk : Antik D\u00fcnyada Su ve \u0130ktidar (ciltli)"},"content":{"rendered":"<p>Gezegenimiz k\u00fcresel bir su kriziyle kar\u015f\u0131 kar\u015f\u0131ya. Biliminsanlar\u0131, tatl\u0131 su kaynaklar\u0131ndaki t\u00fckeni\u015fin 2050\u2019de d\u00fcnya n\u00fcfusunun y\u00fczde 75\u2019ini etkiler hale gelece\u011fini \u00f6ng\u00f6r\u00fcyor. S\u0131n\u0131r tan\u0131mayan bir kentle\u015fme, do\u011fan\u0131n tahrip edilmesi ve iklim de\u011fi\u015fikli\u011fi bu krizin ba\u015fl\u0131ca k\u00f6r\u00fckleyicileri. Steven Mithen, ya\u015fad\u0131\u011f\u0131m\u0131z su krizini Susuzluk\u2019ta tarihsel bir perspektif sunarak ele al\u0131yor. Neolitik Devrim\u2019den bu yana su, bir meta ve ekonomik g\u00fc\u00e7 kayna\u011f\u0131 olarak g\u00f6r\u00fclm\u00fc\u015ft\u00fcr. Tarih birbirinden iddial\u0131 su y\u00f6netim projeleri ve hidrolik m\u00fchendisli\u011fi \u00f6rnekleriyle doludur. Mithen, okuru zamanlar aras\u0131nda bir yolculu\u011fa \u00e7\u0131kar\u0131yor: Tar\u0131msal sulamadaki ba\u015far\u0131lar\u0131yla uygarl\u0131k haline gelen S\u00fcmerlerden \u00e7\u00f6l\u00fcn ortas\u0131nda bir vaha yaratan Nebatilere, sifonlu tuvaletin mucidi Minoslulardan Roma \u0130mparatorlu\u011fu\u2019nun hamamlar\u0131na, Konstantinopolis\u2019in \u015fehirler aras\u0131 sukemerlerinden \u00c7in\u2019in su kanallar\u0131na d\u00fcnyan\u0131n d\u00f6rt bir yan\u0131na uzanan Susuzluk, ge\u00e7mi\u015fin deneyimlerini gelece\u011fe yol g\u00f6stermek \u00fczere bir araya getiren kapsaml\u0131 bir kitap. Steven Mithen arkeoloji profes\u00f6r\u00fc, Reading \u00dcniversitesi\u2019nde rekt\u00f6r yard\u0131mc\u0131s\u0131. <\/p>\n","protected":false},"excerpt":{"rendered":"<p>Gezegenimiz k\u00fcresel bir su kriziyle kar\u015f\u0131 kar\u015f\u0131ya. Biliminsanlar\u0131, tatl\u0131 su kaynaklar\u0131ndaki t\u00fckeni\u015fin 2050\u2019de d\u00fcnya n\u00fcfusunun y\u00fczde 75\u2019ini etkiler hale gelece\u011fini \u00f6ng\u00f6r\u00fcyor. S\u0131n\u0131r tan\u0131mayan bir kentle\u015fme, do\u011fan\u0131n<span class=\"excerpt-hellip\"> [\u2026]<\/span><\/p>\n","protected":false},"featured_media":0,"template":"","meta":{"_monsterinsights_skip_tracking":false,"_monsterinsights_sitenote_active":false,"_monsterinsights_sitenote_note":"","_monsterinsights_sitenote_category":0},"product_brand":[],"product_cat":[12364],"product_tag":[],"class_list":{"0":"post-708464","1":"product","2":"type-product","3":"status-publish","5":"product_cat-genel-konular","6":"pa_cilt-ciltli","7":"pa_tur-kitap","8":"pa_yayinevi-koc-universitesi-yayinlari","9":"pa_yazar-steven-mithen","11":"first","12":"instock","13":"sale","14":"shipping-taxable","15":"purchasable","16":"product-type-simple"},"_links":{"self":[{"href":"https:\/\/roveyayinevi.com.tr\/index.php\/wp-json\/wp\/v2\/product\/708464","targetHints":{"allow":["GET"]}}],"collection":[{"href":"https:\/\/roveyayinevi.com.tr\/index.php\/wp-json\/wp\/v2\/product"}],"about":[{"href":"https:\/\/roveyayinevi.com.tr\/index.php\/wp-json\/wp\/v2\/types\/product"}],"wp:attachment":[{"href":"https:\/\/roveyayinevi.com.tr\/index.php\/wp-json\/wp\/v2\/media?parent=708464"}],"wp:term":[{"taxonomy":"product_brand","embeddable":true,"href":"https:\/\/roveyayinevi.com.tr\/index.php\/wp-json\/wp\/v2\/product_brand?post=708464"},{"taxonomy":"product_cat","embeddable":true,"href":"https:\/\/roveyayinevi.com.tr\/index.php\/wp-json\/wp\/v2\/product_cat?post=708464"},{"taxonomy":"product_tag","embeddable":true,"href":"https:\/\/roveyayinevi.com.tr\/index.php\/wp-json\/wp\/v2\/product_tag?post=708464"}],"curies":[{"name":"wp","href":"https:\/\/api.w.org\/{rel}","templated":true}]}}