{"id":708461,"date":"2025-08-27T16:15:04","date_gmt":"2025-08-27T13:15:04","guid":{"rendered":"https:\/\/roveyayinevi.com.tr\/index.php\/urun\/es-ve-zit-anlamli-kelimeler-sozlugu\/"},"modified":"2026-04-16T02:16:55","modified_gmt":"2026-04-15T23:16:55","slug":"es-ve-zit-anlamli-kelimeler-sozlugu","status":"publish","type":"product","link":"https:\/\/roveyayinevi.com.tr\/index.php\/urun\/es-ve-zit-anlamli-kelimeler-sozlugu\/","title":{"rendered":"E\u015f ve Z\u0131t Anlaml\u0131 Kelimeler S\u00f6zl\u00fc\u011f\u00fc"},"content":{"rendered":"<p>E\u015f ve Z\u0131t Anlaml\u0131 Kelimeler S\u00f6zl\u00fc\u011f\u00fc<\/p>\n","protected":false},"excerpt":{"rendered":"<p>E\u015f ve Z\u0131t Anlaml\u0131 Kelimeler S\u00f6zl\u00fc\u011f\u00fc<\/p>\n","protected":false},"featured_media":0,"template":"","meta":{"_monsterinsights_skip_tracking":false,"_monsterinsights_sitenote_active":false,"_monsterinsights_sitenote_note":"","_monsterinsights_sitenote_category":0},"product_brand":[],"product_cat":[36242,12566,13611],"product_tag":[],"class_list":{"0":"post-708461","1":"product","2":"type-product","3":"status-publish","5":"product_cat-diger-sozlukler-ve-konusma-kilavuzlari","6":"product_cat-egitim","7":"product_cat-sozlukler-ve-konusma-kilavuzlari","8":"pa_cilt-ciltsiz","9":"pa_tur-kitap","10":"pa_yayinevi-evrensel-iletisim-yayinlari","11":"pa_yazar-rustu-aydogan","13":"first","14":"instock","15":"sale","16":"shipping-taxable","17":"purchasable","18":"product-type-simple"},"_links":{"self":[{"href":"https:\/\/roveyayinevi.com.tr\/index.php\/wp-json\/wp\/v2\/product\/708461","targetHints":{"allow":["GET"]}}],"collection":[{"href":"https:\/\/roveyayinevi.com.tr\/index.php\/wp-json\/wp\/v2\/product"}],"about":[{"href":"https:\/\/roveyayinevi.com.tr\/index.php\/wp-json\/wp\/v2\/types\/product"}],"wp:attachment":[{"href":"https:\/\/roveyayinevi.com.tr\/index.php\/wp-json\/wp\/v2\/media?parent=708461"}],"wp:term":[{"taxonomy":"product_brand","embeddable":true,"href":"https:\/\/roveyayinevi.com.tr\/index.php\/wp-json\/wp\/v2\/product_brand?post=708461"},{"taxonomy":"product_cat","embeddable":true,"href":"https:\/\/roveyayinevi.com.tr\/index.php\/wp-json\/wp\/v2\/product_cat?post=708461"},{"taxonomy":"product_tag","embeddable":true,"href":"https:\/\/roveyayinevi.com.tr\/index.php\/wp-json\/wp\/v2\/product_tag?post=708461"}],"curies":[{"name":"wp","href":"https:\/\/api.w.org\/{rel}","templated":true}]}}