{"id":708460,"date":"2025-08-27T16:15:03","date_gmt":"2025-08-27T13:15:03","guid":{"rendered":"https:\/\/roveyayinevi.com.tr\/index.php\/urun\/yazim-imla-kilavuzu\/"},"modified":"2026-04-06T12:38:01","modified_gmt":"2026-04-06T09:38:01","slug":"yazim-imla-kilavuzu","status":"publish","type":"product","link":"https:\/\/roveyayinevi.com.tr\/index.php\/urun\/yazim-imla-kilavuzu\/","title":{"rendered":"Yaz\u0131m (\u0130mla) K\u0131lavuzu"},"content":{"rendered":"<p>Yaz\u0131m (\u0130mla) K\u0131lavuzu<\/p>\n","protected":false},"excerpt":{"rendered":"<p>Yaz\u0131m (\u0130mla) K\u0131lavuzu<\/p>\n","protected":false},"featured_media":0,"template":"","meta":{"_monsterinsights_skip_tracking":false,"_monsterinsights_sitenote_active":false,"_monsterinsights_sitenote_note":"","_monsterinsights_sitenote_category":0},"product_brand":[],"product_cat":[12567,12566],"product_tag":[],"class_list":{"0":"post-708460","1":"product","2":"type-product","3":"status-publish","5":"product_cat-diger-egitim","6":"product_cat-egitim","7":"pa_cilt-ciltsiz","8":"pa_tur-kitap","9":"pa_yayinevi-evrensel-iletisim-yayinlari","10":"pa_yazar-rustu-aydogan","12":"first","13":"instock","14":"sale","15":"shipping-taxable","16":"purchasable","17":"product-type-simple"},"_links":{"self":[{"href":"https:\/\/roveyayinevi.com.tr\/index.php\/wp-json\/wp\/v2\/product\/708460","targetHints":{"allow":["GET"]}}],"collection":[{"href":"https:\/\/roveyayinevi.com.tr\/index.php\/wp-json\/wp\/v2\/product"}],"about":[{"href":"https:\/\/roveyayinevi.com.tr\/index.php\/wp-json\/wp\/v2\/types\/product"}],"wp:attachment":[{"href":"https:\/\/roveyayinevi.com.tr\/index.php\/wp-json\/wp\/v2\/media?parent=708460"}],"wp:term":[{"taxonomy":"product_brand","embeddable":true,"href":"https:\/\/roveyayinevi.com.tr\/index.php\/wp-json\/wp\/v2\/product_brand?post=708460"},{"taxonomy":"product_cat","embeddable":true,"href":"https:\/\/roveyayinevi.com.tr\/index.php\/wp-json\/wp\/v2\/product_cat?post=708460"},{"taxonomy":"product_tag","embeddable":true,"href":"https:\/\/roveyayinevi.com.tr\/index.php\/wp-json\/wp\/v2\/product_tag?post=708460"}],"curies":[{"name":"wp","href":"https:\/\/api.w.org\/{rel}","templated":true}]}}