{"id":708458,"date":"2025-08-27T16:15:02","date_gmt":"2025-08-27T13:15:02","guid":{"rendered":"https:\/\/roveyayinevi.com.tr\/index.php\/urun\/dunya-masallari-dizisi-10-kitap-set-duz-yazili\/"},"modified":"2026-04-16T02:16:55","modified_gmt":"2026-04-15T23:16:55","slug":"dunya-masallari-dizisi-10-kitap-set-duz-yazili","status":"publish","type":"product","link":"https:\/\/roveyayinevi.com.tr\/index.php\/urun\/dunya-masallari-dizisi-10-kitap-set-duz-yazili\/","title":{"rendered":"D\u00fcnya Masallar\u0131 Dizisi ( 10 Kitap set &#8211; D\u00fcz Yaz\u0131l\u0131)"},"content":{"rendered":"<p>Yeni sistemle \u00e7ocuklar\u0131m\u0131z biti\u015fik e\u011fik yaz\u0131 ile okuma yazma \u00f6\u011frenimine ba\u015flamaktad\u0131rlar. Birinci d\u00f6nemin sonunda \u00e7ocuklar, okumalar\u0131n\u0131 geli\u015ftirmek i\u00e7in k\u0131sa c\u00fcmlelerle ve anla\u015f\u0131l\u0131r bir dille kaleme al\u0131nm\u0131\u015f okuma kitaplar\u0131na ihtiya\u00e7 duymaktalar. D\u00fcnyan\u0131n d\u00f6rt bir taraf\u0131nda anlat\u0131larak bizlere kadar ula\u015fan bu masallarla \u00e7ocuklar\u0131m\u0131z\u0131n hayal d\u00fcnyas\u0131 daha da geli\u015fecek. Reng\u00e2renk resimleri de okuma s\u00fcre\u00e7lerini e\u011flenceli k\u0131lacak. Bu dizideki her masal\u0131n ba\u015f\u0131nda yer alan sorular \u00e7ocuklar\u0131 okuma s\u00fcrecine haz\u0131rlarken sonunda yer alan sorular da onlara okuduklar\u0131n\u0131 do\u011fru anlamalar\u0131yla ilgili de\u011ferlendirme yapma olana\u011f\u0131 sunacakt\u0131r.<\/p>\n","protected":false},"excerpt":{"rendered":"<p>Yeni sistemle \u00e7ocuklar\u0131m\u0131z biti\u015fik e\u011fik yaz\u0131 ile okuma yazma \u00f6\u011frenimine ba\u015flamaktad\u0131rlar. Birinci d\u00f6nemin sonunda \u00e7ocuklar, okumalar\u0131n\u0131 geli\u015ftirmek i\u00e7in k\u0131sa c\u00fcmlelerle ve anla\u015f\u0131l\u0131r bir dille kaleme al\u0131nm\u0131\u015f<span class=\"excerpt-hellip\"> [\u2026]<\/span><\/p>\n","protected":false},"featured_media":0,"template":"","meta":{"_monsterinsights_skip_tracking":false,"_monsterinsights_sitenote_active":false,"_monsterinsights_sitenote_note":"","_monsterinsights_sitenote_category":0},"product_brand":[],"product_cat":[12275,12274],"product_tag":[],"class_list":{"0":"post-708458","1":"product","2":"type-product","3":"status-publish","5":"product_cat-6-12-yas-kitaplari","6":"product_cat-cocuk-ve-genclik-kitaplari","7":"pa_cilt-set","8":"pa_tur-kitap","9":"pa_yayinevi-evrensel-iletisim-yayinlari","10":"pa_yazar-evrensel-kolektif","12":"first","13":"instock","14":"sale","15":"shipping-taxable","16":"purchasable","17":"product-type-simple"},"_links":{"self":[{"href":"https:\/\/roveyayinevi.com.tr\/index.php\/wp-json\/wp\/v2\/product\/708458","targetHints":{"allow":["GET"]}}],"collection":[{"href":"https:\/\/roveyayinevi.com.tr\/index.php\/wp-json\/wp\/v2\/product"}],"about":[{"href":"https:\/\/roveyayinevi.com.tr\/index.php\/wp-json\/wp\/v2\/types\/product"}],"wp:attachment":[{"href":"https:\/\/roveyayinevi.com.tr\/index.php\/wp-json\/wp\/v2\/media?parent=708458"}],"wp:term":[{"taxonomy":"product_brand","embeddable":true,"href":"https:\/\/roveyayinevi.com.tr\/index.php\/wp-json\/wp\/v2\/product_brand?post=708458"},{"taxonomy":"product_cat","embeddable":true,"href":"https:\/\/roveyayinevi.com.tr\/index.php\/wp-json\/wp\/v2\/product_cat?post=708458"},{"taxonomy":"product_tag","embeddable":true,"href":"https:\/\/roveyayinevi.com.tr\/index.php\/wp-json\/wp\/v2\/product_tag?post=708458"}],"curies":[{"name":"wp","href":"https:\/\/api.w.org\/{rel}","templated":true}]}}