{"id":708457,"date":"2025-08-27T16:15:02","date_gmt":"2025-08-27T13:15:02","guid":{"rendered":"https:\/\/roveyayinevi.com.tr\/index.php\/urun\/hayat-pastanesi\/"},"modified":"2026-04-16T02:16:55","modified_gmt":"2026-04-15T23:16:55","slug":"hayat-pastanesi","status":"publish","type":"product","link":"https:\/\/roveyayinevi.com.tr\/index.php\/urun\/hayat-pastanesi\/","title":{"rendered":"Hayat Pastanesi"},"content":{"rendered":"<p>K\u00f6pr\u00fc Kitaplar koleksiyonu 20. kitaba ula\u015ft\u0131.Sessizlikte kim bilir ka\u00e7 hik\u00e2yenin m\u0131r\u0131lt\u0131s\u0131 sakl\u0131d\u0131r!2010 Memet Fuat Yay\u0131nc\u0131l\u0131k \u00d6d\u00fcl\u00fc&#8217;yle ta\u00e7lanan K\u00f6pr\u00fc Kitaplar dizisinin 20. kitab\u0131n\u0131, edebiyat\u0131m\u0131z\u0131n her ya\u015ftan okura seslenebilen \u015fair ve yazarlar\u0131ndan \u00c7i\u011fdem Sezer, bu koleksiyon i\u00e7in yazd\u0131. Gen\u00e7lerin meslek se\u00e7me kayg\u0131s\u0131n\u0131 ve ilk y\u00fcrek k\u0131p\u0131rt\u0131lar\u0131n\u0131 ge\u00e7mi\u015fin s\u0131rlar\u0131yla harmanlayan yazar, pasta kokular\u0131na bulanm\u0131\u015f bir hik\u00e2ye anlat\u0131yor. &#8220;Bir gen\u00e7lik hik\u00e2yesinin i\u00e7ine neler s\u0131\u011fabilir?&#8221; diye soran K\u00f6pr\u00fc Kitaplar edit\u00f6r\u00fc Semih G\u00fcm\u00fc\u015f, &#8220;Bizi daha ba\u015flang\u0131\u00e7 c\u00fcmlesinde yakalayan roman\u0131n nas\u0131l s\u00fcr\u00fcp sonlanaca\u011f\u0131n\u0131 merak etmemek olanaks\u0131z,&#8221; diyor.\u00dcniversite s\u0131navlar\u0131na haz\u0131rlanan Ozan, en yak\u0131n arkada\u015f\u0131 bildi\u011fi dedesinin \u00f6l\u00fcm\u00fcn\u00fcn ard\u0131ndan kendini yapayaln\u0131z hisseder. \u015eehrek\u00fcst\u00fc Mahallesi&#8217;ndeki tekd\u00fcze ya\u015fam\u0131nda, s\u0131nav bask\u0131s\u0131ndan bunald\u0131k\u00e7a solu\u011fu, Barut Dede&#8217;nin d\u00fckk\u00e2n\u0131nda al\u0131r. Beklenmedik bir anda kar\u015f\u0131s\u0131na \u00e7\u0131kan \u0130lkay akl\u0131n\u0131 kar\u0131\u015ft\u0131rsa da, iki gencin kurdu\u011fu dostluk hem gelece\u011fe umut olacak hem de y\u0131llard\u0131r uyuyan s\u0131rlar\u0131 a\u00e7\u0131\u011fa \u00e7\u0131karacakt\u0131r&#8230; <\/p>\n","protected":false},"excerpt":{"rendered":"<p>K\u00f6pr\u00fc Kitaplar koleksiyonu 20. kitaba ula\u015ft\u0131.Sessizlikte kim bilir ka\u00e7 hik\u00e2yenin m\u0131r\u0131lt\u0131s\u0131 sakl\u0131d\u0131r!2010 Memet Fuat Yay\u0131nc\u0131l\u0131k \u00d6d\u00fcl\u00fc&#8217;yle ta\u00e7lanan K\u00f6pr\u00fc Kitaplar dizisinin 20. kitab\u0131n\u0131, edebiyat\u0131m\u0131z\u0131n her ya\u015ftan okura<span class=\"excerpt-hellip\"> [\u2026]<\/span><\/p>\n","protected":false},"featured_media":0,"template":"","meta":{"_monsterinsights_skip_tracking":false,"_monsterinsights_sitenote_active":false,"_monsterinsights_sitenote_note":"","_monsterinsights_sitenote_category":0},"product_brand":[],"product_cat":[12291,12711],"product_tag":[],"class_list":{"0":"post-708457","1":"product","2":"type-product","3":"status-publish","5":"product_cat-edebiyat","6":"product_cat-roman-oyku","7":"pa_cilt-ciltsiz","8":"pa_tur-kitap","9":"pa_yayinevi-gunisigi-kitapligi","10":"pa_yazar-cigdem-sezer","12":"first","13":"instock","14":"sale","15":"shipping-taxable","16":"purchasable","17":"product-type-simple"},"_links":{"self":[{"href":"https:\/\/roveyayinevi.com.tr\/index.php\/wp-json\/wp\/v2\/product\/708457","targetHints":{"allow":["GET"]}}],"collection":[{"href":"https:\/\/roveyayinevi.com.tr\/index.php\/wp-json\/wp\/v2\/product"}],"about":[{"href":"https:\/\/roveyayinevi.com.tr\/index.php\/wp-json\/wp\/v2\/types\/product"}],"wp:attachment":[{"href":"https:\/\/roveyayinevi.com.tr\/index.php\/wp-json\/wp\/v2\/media?parent=708457"}],"wp:term":[{"taxonomy":"product_brand","embeddable":true,"href":"https:\/\/roveyayinevi.com.tr\/index.php\/wp-json\/wp\/v2\/product_brand?post=708457"},{"taxonomy":"product_cat","embeddable":true,"href":"https:\/\/roveyayinevi.com.tr\/index.php\/wp-json\/wp\/v2\/product_cat?post=708457"},{"taxonomy":"product_tag","embeddable":true,"href":"https:\/\/roveyayinevi.com.tr\/index.php\/wp-json\/wp\/v2\/product_tag?post=708457"}],"curies":[{"name":"wp","href":"https:\/\/api.w.org\/{rel}","templated":true}]}}