{"id":708456,"date":"2025-08-27T16:15:02","date_gmt":"2025-08-27T13:15:02","guid":{"rendered":"https:\/\/roveyayinevi.com.tr\/index.php\/urun\/kadinin-hak-arama-rehberi\/"},"modified":"2026-04-16T02:16:55","modified_gmt":"2026-04-15T23:16:55","slug":"kadinin-hak-arama-rehberi","status":"publish","type":"product","link":"https:\/\/roveyayinevi.com.tr\/index.php\/urun\/kadinin-hak-arama-rehberi\/","title":{"rendered":"Kad\u0131n\u0131n Hak Arama Rehberi"},"content":{"rendered":"<p>Bilmek \u00f6zg\u00fcrle\u015fmektir! Kad\u0131nlar vard\u0131r ve kad\u0131nlar\u0131n haklar\u0131 vard\u0131r\u2026 Kad\u0131nlara evde, i\u015fyerinde, sokakta; severken, sevilirken, aldat\u0131l\u0131rken, \u015fiddet g\u00f6r\u00fcrken, tacize ve tecav\u00fcze u\u011frarken \u00e7aresiz ve yaln\u0131z olmad\u0131klar\u0131n\u0131 hat\u0131rlatmak amac\u0131n\u0131 ta\u015f\u0131yan bu kitap, T\u00fcrkiye\u2019nin en \u00fcnl\u00fc bo\u015fanma avukatlar\u0131ndan, kad\u0131n haklar\u0131 savunucusu Alt\u0131n Mimir taraf\u0131ndan kaleme al\u0131nd\u0131. Yasalardaki maddeleri ve hak arama yollar\u0131n\u0131 bir uzman g\u00f6z\u00fcyle eksiksiz ve anla\u015f\u0131l\u0131r bir dille okura sunan Kad\u0131n\u0131n Hak Arama Rehberi hukuki bir k\u0131lavuz niteli\u011fi ta\u015f\u0131yor. G\u00fcc\u00fcn\u00fc ve \u00f6zg\u00fcrl\u00fc\u011f\u00fcn\u00fc kazanma yolunda Kad\u0131n\u0131n Hak Arama Rehberi. Yazar Hakk\u0131nda Avukat Alt\u0131n Mimir 1972 y\u0131l\u0131nda Ovac\u0131k\/Tunceli&#8217;de do\u011fdu. \u0130lk ve Orta \u00f6\u011frenimini Ovac\u0131k&#8217;ta tamamlad\u0131.1985 ile 1989 y\u0131llar\u0131 aras\u0131nda \u00c7orum Sa\u011fl\u0131k Meslek Lisesi&#8217;ni bitirdikten sonra, hem\u015fire olarak Sa\u011fl\u0131k Bakanl\u0131\u011f\u0131&#8217;na ba\u011fl\u0131 Beyo\u011flu Devlet Hastanesi&#8217;nde g\u00f6rev yapt\u0131. Bu s\u00fcre i\u00e7inde gece \u00e7al\u0131\u015f\u0131p, g\u00fcnd\u00fcz okuyarak \u0130stanbul \u00dcniversitesi Hukuk Fak\u00fcltesi&#8217;nde e\u011fitimini tamamlad\u0131. 1994 y\u0131l\u0131nda \u0130stanbul Hukuk Fak\u00fcltesi mezuniyetini takiben Prof. Dr. \u00c7etin \u00d6zek&#8217;in yan\u0131nda avukatl\u0131k staj\u0131n\u0131 bitirdi. 1998 y\u0131l\u0131nda \u00e7al\u0131\u015ft\u0131\u011f\u0131 hukuk b\u00fcrosundan ayr\u0131larak, eme\u011fe olan sayg\u0131s\u0131n\u0131n tezah\u00fcr\u00fc olarak ismini verdi\u011fi ve u\u011fruna inand\u0131\u011f\u0131 o\u011flu Emek\u2019in ad\u0131n\u0131 verdi\u011fi Emek Hukuk B\u00fcrosu nu kurdu. \u0130stanbul Barosu&#8217;na 1995 y\u0131l\u0131nda kaydolan Avukat Alt\u0131n Mimir, kariyeri boyunca say\u0131s\u0131z medeni, ticari, aile ve ceza davas\u0131nda m\u00fcvekkillerini temsil edip ayn\u0131 zamanda bir\u00e7ok b\u00fcy\u00fck \u015firketin hukuk m\u00fc\u015favirli\u011fini yapmaya devam ediyor. Kendisi ayr\u0131ca, bankac\u0131l\u0131k ve finans sekt\u00f6r\u00fcnde krizin ba\u015f g\u00f6sterdi\u011fi 2000 y\u0131l\u0131nda el konulmu\u015f olan baz\u0131 bankalar\u0131n bor\u00e7 yap\u0131land\u0131rmas\u0131 ile \u00f6zel hukuk ve ceza davalar\u0131nda g\u00f6rev alm\u0131\u015ft\u0131r. Avukat Alt\u0131n Mimir, topluma olan borcunu \u00f6demek ve toplumdaki misyonunu yerine getirmek ad\u0131na, \u00f6zellikle kad\u0131na y\u00f6nelik her t\u00fcrl\u00fc \u015fiddetin kar\u015f\u0131nda olmak ad\u0131na aile hukuku alan\u0131nda yo\u011fun \u00e7al\u0131\u015fmalar\u0131n\u0131 devam ettirirken, KAG\u0130DER ba\u015fta olmak \u00fczere \u00e7e\u015fitli sivil toplum kurulu\u015flar\u0131 i\u00e7erisinde aktif olarak yer almaktad\u0131r. Bu manada Emek Hukuk B\u00fcrosu\u2019nda t\u00fcm avukatlar\u0131n kad\u0131n olmas\u0131 bir tesad\u00fcf de\u011fil onun a\u00e7\u0131s\u0131ndan bir tercihtir. <\/p>\n","protected":false},"excerpt":{"rendered":"<p>Bilmek \u00f6zg\u00fcrle\u015fmektir! Kad\u0131nlar vard\u0131r ve kad\u0131nlar\u0131n haklar\u0131 vard\u0131r\u2026 Kad\u0131nlara evde, i\u015fyerinde, sokakta; severken, sevilirken, aldat\u0131l\u0131rken, \u015fiddet g\u00f6r\u00fcrken, tacize ve tecav\u00fcze u\u011frarken \u00e7aresiz ve yaln\u0131z olmad\u0131klar\u0131n\u0131 hat\u0131rlatmak<span class=\"excerpt-hellip\"> [\u2026]<\/span><\/p>\n","protected":false},"featured_media":0,"template":"","meta":{"_monsterinsights_skip_tracking":false,"_monsterinsights_sitenote_active":false,"_monsterinsights_sitenote_note":"","_monsterinsights_sitenote_category":0},"product_brand":[],"product_cat":[12324,27533],"product_tag":[],"class_list":{"0":"post-708456","1":"product","2":"type-product","3":"status-publish","5":"product_cat-sosyoloji","6":"product_cat-sosyolojiye-giris","7":"pa_cilt-ciltsiz","8":"pa_tur-kitap","9":"pa_yayinevi-dogan-kitap","10":"pa_yazar-altin-mimir","12":"first","13":"instock","14":"sale","15":"shipping-taxable","16":"purchasable","17":"product-type-simple"},"_links":{"self":[{"href":"https:\/\/roveyayinevi.com.tr\/index.php\/wp-json\/wp\/v2\/product\/708456","targetHints":{"allow":["GET"]}}],"collection":[{"href":"https:\/\/roveyayinevi.com.tr\/index.php\/wp-json\/wp\/v2\/product"}],"about":[{"href":"https:\/\/roveyayinevi.com.tr\/index.php\/wp-json\/wp\/v2\/types\/product"}],"wp:attachment":[{"href":"https:\/\/roveyayinevi.com.tr\/index.php\/wp-json\/wp\/v2\/media?parent=708456"}],"wp:term":[{"taxonomy":"product_brand","embeddable":true,"href":"https:\/\/roveyayinevi.com.tr\/index.php\/wp-json\/wp\/v2\/product_brand?post=708456"},{"taxonomy":"product_cat","embeddable":true,"href":"https:\/\/roveyayinevi.com.tr\/index.php\/wp-json\/wp\/v2\/product_cat?post=708456"},{"taxonomy":"product_tag","embeddable":true,"href":"https:\/\/roveyayinevi.com.tr\/index.php\/wp-json\/wp\/v2\/product_tag?post=708456"}],"curies":[{"name":"wp","href":"https:\/\/api.w.org\/{rel}","templated":true}]}}