{"id":708454,"date":"2025-08-27T16:15:01","date_gmt":"2025-08-27T13:15:01","guid":{"rendered":"https:\/\/roveyayinevi.com.tr\/index.php\/urun\/gecmisin-sozleri-deyimler\/"},"modified":"2026-04-16T02:16:55","modified_gmt":"2026-04-15T23:16:55","slug":"gecmisin-sozleri-deyimler","status":"publish","type":"product","link":"https:\/\/roveyayinevi.com.tr\/index.php\/urun\/gecmisin-sozleri-deyimler\/","title":{"rendered":"Ge\u00e7mi\u015fin S\u00f6zleri Deyimler"},"content":{"rendered":"<p>Deyim sence ne demek?Deyimlerimizi \u00f6\u011frenerek yepyenike\u015fi?ere \u00e7\u0131kmak ister misin?Ge\u00e7mi\u015fin S\u00f6zleri Deyimler ile vermek istedi\u011fin mesaj\u0131 daha kolay aktaracak, anlat\u0131m\u0131nda daha canl\u0131 ve renkli ifadelerkullanacaks\u0131n.Bu kitapla deyimleri e\u011flenerek \u00f6\u011frenirken farkl\u0131t\u00fcrlerde yaz\u0131lar yazacak, arkada\u015flar\u0131nla oyunlaroynayacak, bulmacalar \u00e7\u00f6zecek ve yarat\u0131c\u0131etkinlikler yapacaks\u0131n.Resimli bir s\u00f6zl\u00fck, \u00f6rnek metinler, yarat\u0131c\u0131 yazma y\u00f6nergeleri, oyunlar ve daha fazlas\u0131&#8230; <\/p>\n","protected":false},"excerpt":{"rendered":"<p>Deyim sence ne demek?Deyimlerimizi \u00f6\u011frenerek yepyenike\u015fi?ere \u00e7\u0131kmak ister misin?Ge\u00e7mi\u015fin S\u00f6zleri Deyimler ile vermek istedi\u011fin mesaj\u0131 daha kolay aktaracak, anlat\u0131m\u0131nda daha canl\u0131 ve renkli ifadelerkullanacaks\u0131n.Bu kitapla deyimleri<span class=\"excerpt-hellip\"> [\u2026]<\/span><\/p>\n","protected":false},"featured_media":0,"template":"","meta":{"_monsterinsights_skip_tracking":false,"_monsterinsights_sitenote_active":false,"_monsterinsights_sitenote_note":"","_monsterinsights_sitenote_category":0},"product_brand":[],"product_cat":[46349,13527],"product_tag":[],"class_list":{"0":"post-708454","1":"product","2":"type-product","3":"status-publish","5":"product_cat-cizgi-roman-sureli-yayinlar","6":"product_cat-sureli-yayinlar","7":"pa_cilt-ciltsiz","8":"pa_tur-kitap","9":"pa_yayinevi-dogan-egmont-yayincilik","10":"pa_yazar-ece-varol","12":"first","13":"instock","14":"sale","15":"shipping-taxable","16":"purchasable","17":"product-type-simple"},"_links":{"self":[{"href":"https:\/\/roveyayinevi.com.tr\/index.php\/wp-json\/wp\/v2\/product\/708454","targetHints":{"allow":["GET"]}}],"collection":[{"href":"https:\/\/roveyayinevi.com.tr\/index.php\/wp-json\/wp\/v2\/product"}],"about":[{"href":"https:\/\/roveyayinevi.com.tr\/index.php\/wp-json\/wp\/v2\/types\/product"}],"wp:attachment":[{"href":"https:\/\/roveyayinevi.com.tr\/index.php\/wp-json\/wp\/v2\/media?parent=708454"}],"wp:term":[{"taxonomy":"product_brand","embeddable":true,"href":"https:\/\/roveyayinevi.com.tr\/index.php\/wp-json\/wp\/v2\/product_brand?post=708454"},{"taxonomy":"product_cat","embeddable":true,"href":"https:\/\/roveyayinevi.com.tr\/index.php\/wp-json\/wp\/v2\/product_cat?post=708454"},{"taxonomy":"product_tag","embeddable":true,"href":"https:\/\/roveyayinevi.com.tr\/index.php\/wp-json\/wp\/v2\/product_tag?post=708454"}],"curies":[{"name":"wp","href":"https:\/\/api.w.org\/{rel}","templated":true}]}}