{"id":708450,"date":"2025-08-27T16:14:59","date_gmt":"2025-08-27T13:14:59","guid":{"rendered":"https:\/\/roveyayinevi.com.tr\/index.php\/urun\/gizli-bahce-2-ciltli\/"},"modified":"2026-04-16T02:16:55","modified_gmt":"2026-04-15T23:16:55","slug":"gizli-bahce-2-ciltli","status":"publish","type":"product","link":"https:\/\/roveyayinevi.com.tr\/index.php\/urun\/gizli-bahce-2-ciltli\/","title":{"rendered":"Gizli Bah\u00e7e 2 (ciltli)"},"content":{"rendered":"<p>Herkes, o gizli bah\u00e7eye girmeli ve a\u015fk\u0131n tad\u0131na bakmal\u0131&#8230; K\u00fcstah CEO Kim Joo Won ile gururlu dubl\u00f6r Gil Ra Im\u2019in \u015fans eseri tan\u0131\u015fmalar\u0131 ve v\u00fccut de\u011fi\u015ftirmeleriyle ba\u015flayan son derece komik, bir o kadar da romantik olan hik\u00e2yeleri kald\u0131\u011f\u0131 yerden devam ediyor! A\u015fklar\u0131, Deniz K\u0131z\u0131 gibi k\u00f6p\u00fc\u011fe mi d\u00f6n\u00fc\u015fecek, yoksa kendilerini Harikalar Diyar\u0131nda m\u0131 bulacaklar? Heyecan dolu bu modern peri masal\u0131, ikinci kitab\u0131yla sonuca ula\u015f\u0131yor. Yanl\u0131\u015fl\u0131kla kendini Ra Im\u2019in hayat\u0131nda bulan Joo Won, bu tatl\u0131 sert kad\u0131na kar\u015f\u0131 geli\u015fen hislerine anlam vermeye \u00e7al\u0131\u015f\u0131rken kendisiyle de hesapla\u015fmaya ba\u015flam\u0131\u015ft\u0131r.Ra Im, g\u00f6nl\u00fcn\u00fc kazanmaya \u00e7al\u0131\u015fan bu yak\u0131\u015f\u0131kl\u0131ya rest \u00e7ekmekte ve kendi duygular\u0131n\u0131 ink\u00e2r etmekte \u0131srarc\u0131d\u0131r.  Kavga ettik\u00e7e daha \u00e7ok yak\u0131nla\u015fan \u00e7ift, farkl\u0131l\u0131klar\u0131n\u0131n \u00fcstesinden gelmeye u\u011fra\u015f\u0131rken bir yandan da geleceklerini etkileyecek pek \u00e7ok farkl\u0131 m\u00fccadeleye girerler. Zengin, yak\u0131\u015f\u0131kl\u0131 ve zeki Joo Won ile fakir, g\u00fczel ve yetenekli  Ra Im\u2019in gelgitli a\u015fklar\u0131nda karma\u015fa ve sorunlar son bulmazken \u00e7evrelerinde de yine a\u015fk, gurur ve g\u00f6zya\u015f\u0131 h\u00fck\u00fcm s\u00fcrmektedir. \u00c2\u015f\u0131k olmak belki de bah\u00e7eyle ilgilenmek gibidir. Sizin bah\u00e7enizde de g\u00fczel \u00e7i\u00e7eklerin a\u00e7mas\u0131 dile\u011fimle. Hafif ho\u015f r\u00fczg\u00e2rlar\u0131n esmesi dile\u011fimle. Parlak g\u00fcne\u015f \u0131\u015f\u0131\u011f\u0131n\u0131n parlamas\u0131 dile\u011fimle. Ayr\u0131ca bazen sihir gibi ya\u011fmurun ya\u011fmas\u0131 dile\u011fimle. <\/p>\n","protected":false},"excerpt":{"rendered":"<p>Herkes, o gizli bah\u00e7eye girmeli ve a\u015fk\u0131n tad\u0131na bakmal\u0131&#8230; K\u00fcstah CEO Kim Joo Won ile gururlu dubl\u00f6r Gil Ra Im\u2019in \u015fans eseri tan\u0131\u015fmalar\u0131 ve v\u00fccut de\u011fi\u015ftirmeleriyle<span class=\"excerpt-hellip\"> [\u2026]<\/span><\/p>\n","protected":false},"featured_media":0,"template":"","meta":{"_monsterinsights_skip_tracking":false,"_monsterinsights_sitenote_active":false,"_monsterinsights_sitenote_note":"","_monsterinsights_sitenote_category":0},"product_brand":[],"product_cat":[12291,12711],"product_tag":[],"class_list":{"0":"post-708450","1":"product","2":"type-product","3":"status-publish","5":"product_cat-edebiyat","6":"product_cat-roman-oyku","7":"pa_cilt-ciltli","8":"pa_tur-kitap","9":"pa_yayinevi-olimpos-yayinlari","10":"pa_yazar-kang-yi-eul","12":"first","13":"instock","14":"sale","15":"shipping-taxable","16":"purchasable","17":"product-type-simple"},"_links":{"self":[{"href":"https:\/\/roveyayinevi.com.tr\/index.php\/wp-json\/wp\/v2\/product\/708450","targetHints":{"allow":["GET"]}}],"collection":[{"href":"https:\/\/roveyayinevi.com.tr\/index.php\/wp-json\/wp\/v2\/product"}],"about":[{"href":"https:\/\/roveyayinevi.com.tr\/index.php\/wp-json\/wp\/v2\/types\/product"}],"wp:attachment":[{"href":"https:\/\/roveyayinevi.com.tr\/index.php\/wp-json\/wp\/v2\/media?parent=708450"}],"wp:term":[{"taxonomy":"product_brand","embeddable":true,"href":"https:\/\/roveyayinevi.com.tr\/index.php\/wp-json\/wp\/v2\/product_brand?post=708450"},{"taxonomy":"product_cat","embeddable":true,"href":"https:\/\/roveyayinevi.com.tr\/index.php\/wp-json\/wp\/v2\/product_cat?post=708450"},{"taxonomy":"product_tag","embeddable":true,"href":"https:\/\/roveyayinevi.com.tr\/index.php\/wp-json\/wp\/v2\/product_tag?post=708450"}],"curies":[{"name":"wp","href":"https:\/\/api.w.org\/{rel}","templated":true}]}}