{"id":708446,"date":"2025-08-27T16:14:57","date_gmt":"2025-08-27T13:14:57","guid":{"rendered":"https:\/\/roveyayinevi.com.tr\/index.php\/urun\/anliyorum-ama-konusamiyorum\/"},"modified":"2026-04-16T02:16:54","modified_gmt":"2026-04-15T23:16:54","slug":"anliyorum-ama-konusamiyorum","status":"publish","type":"product","link":"https:\/\/roveyayinevi.com.tr\/index.php\/urun\/anliyorum-ama-konusamiyorum\/","title":{"rendered":"Anl\u0131yorum Ama Konu\u015fam\u0131yorum"},"content":{"rendered":"<p>Mr. and Mrs. Brown bu roman\u0131 okuyunca \u00e7ok bozulacak! Yabanc\u0131 dil konusunda t\u00fcm kal\u0131plar bu romanla y\u0131k\u0131l\u0131yor&#8230; Bir turist yolda adres sordu\u011funda, &#8220;Go, go, go, right&#8221; diye cevap vermek istemeyenler&#8230; \u015eak\u0131r \u015fak\u0131r konu\u015fturan yabanc\u0131 dil haplar\u0131n\u0131n icat edilmesini hasretle bekleyenler&#8230; Okulda ve kurslarda y\u0131llarca \u0130ngilizce dersi g\u00f6r\u00fcp de bir t\u00fcrl\u00fc konu\u015fmaya ge\u00e7emeyenler bu romana bay\u0131lacak! \u00dcniversite \u00f6\u011frencisi \u0130lker&#8217;in komik ve ilgi \u00e7ekici \u0130ngilizce \u00f6\u011frenme maceras\u0131&#8230;Onun s\u0131radan hayat\u0131, \u0130ngilizce \u00f6\u011fretmeni Hasan ile tan\u0131\u015f\u0131nca de\u011fi\u015fiyor. \u0130yi bir \u00f6\u011fretmenin, do\u011fru y\u00f6nlendirerek bir gencin hayat\u0131n\u0131 nas\u0131l d\u00f6n\u00fc\u015ft\u00fcrd\u00fc\u011f\u00fcne tan\u0131k olacaks\u0131n\u0131z&#8230; Ve burada anlat\u0131lan kolay ve h\u0131zl\u0131 y\u00f6ntemle, sadece 13 g\u00fcnde \u0130ngilizce&#8217;nin nas\u0131l \u00f6\u011frenilece\u011fini g\u00f6r\u00fcnce \u00e7ok \u015fa\u015f\u0131racaks\u0131n\u0131z&#8230; Tam anlam\u0131yla s\u0131ra d\u0131\u015f\u0131, faydal\u0131 ve e\u011flenceli bir roman&#8230; <\/p>\n","protected":false},"excerpt":{"rendered":"<p>Mr. and Mrs. Brown bu roman\u0131 okuyunca \u00e7ok bozulacak! Yabanc\u0131 dil konusunda t\u00fcm kal\u0131plar bu romanla y\u0131k\u0131l\u0131yor&#8230; Bir turist yolda adres sordu\u011funda, &#8220;Go, go, go, right&#8221;<span class=\"excerpt-hellip\"> [\u2026]<\/span><\/p>\n","protected":false},"featured_media":0,"template":"","meta":{"_monsterinsights_skip_tracking":false,"_monsterinsights_sitenote_active":false,"_monsterinsights_sitenote_note":"","_monsterinsights_sitenote_category":0},"product_brand":[],"product_cat":[12364,12376],"product_tag":[],"class_list":{"0":"post-708446","1":"product","2":"type-product","3":"status-publish","5":"product_cat-genel-konular","6":"product_cat-kisisel-gelisim","7":"pa_cilt-ciltsiz","8":"pa_tur-kitap","9":"pa_yayinevi-carpe-diem-kitaplari","10":"pa_yazar-salih-uyan","12":"first","13":"instock","14":"sale","15":"shipping-taxable","16":"purchasable","17":"product-type-simple"},"_links":{"self":[{"href":"https:\/\/roveyayinevi.com.tr\/index.php\/wp-json\/wp\/v2\/product\/708446","targetHints":{"allow":["GET"]}}],"collection":[{"href":"https:\/\/roveyayinevi.com.tr\/index.php\/wp-json\/wp\/v2\/product"}],"about":[{"href":"https:\/\/roveyayinevi.com.tr\/index.php\/wp-json\/wp\/v2\/types\/product"}],"wp:attachment":[{"href":"https:\/\/roveyayinevi.com.tr\/index.php\/wp-json\/wp\/v2\/media?parent=708446"}],"wp:term":[{"taxonomy":"product_brand","embeddable":true,"href":"https:\/\/roveyayinevi.com.tr\/index.php\/wp-json\/wp\/v2\/product_brand?post=708446"},{"taxonomy":"product_cat","embeddable":true,"href":"https:\/\/roveyayinevi.com.tr\/index.php\/wp-json\/wp\/v2\/product_cat?post=708446"},{"taxonomy":"product_tag","embeddable":true,"href":"https:\/\/roveyayinevi.com.tr\/index.php\/wp-json\/wp\/v2\/product_tag?post=708446"}],"curies":[{"name":"wp","href":"https:\/\/api.w.org\/{rel}","templated":true}]}}