{"id":708445,"date":"2025-08-27T16:14:56","date_gmt":"2025-08-27T13:14:56","guid":{"rendered":"https:\/\/roveyayinevi.com.tr\/index.php\/urun\/origami-hayvanlar\/"},"modified":"2026-04-16T02:16:54","modified_gmt":"2026-04-15T23:16:54","slug":"origami-hayvanlar","status":"publish","type":"product","link":"https:\/\/roveyayinevi.com.tr\/index.php\/urun\/origami-hayvanlar\/","title":{"rendered":"Origami &#8211; Hayvanlar"},"content":{"rendered":"<p>Nazan Tacer\u2019in Origami \u2013 Hayvanlar isimli kitab\u0131, origamiye ba\u015flamak i\u00e7in temel al\u0131nabilecek bir\u00e7ok Japon anonim \u00f6rne\u011fine yer vererek, kaplumba\u011fadan muhabbet ku\u015funa, salyangozdan yarasaya uzanan renkli bir katlama se\u00e7kisi sunuyor. Origaminin ABC\u2019sinden, temel katlama tekniklerine; kolay anla\u015f\u0131l\u0131r tan\u0131mlar, p\u00fcf noktalar ve pratik \u00f6nerilerle zenginle\u015ftirilen bu kapsaml\u0131 kitap, origamiye merak saran herkesin ba\u015fvuruda bulunaca\u011f\u0131 detayl\u0131 bir k\u0131lavuz g\u00f6revi de \u00fcstleniyor.   K\u00e2\u011f\u0131d\u0131 hayallerinizle bulu\u015fturaca\u011f\u0131n\u0131z origami ser\u00fcveninizde, yarat\u0131c\u0131l\u0131\u011f\u0131n\u0131z\u0131 ve ellerinizi konu\u015fturma s\u0131ras\u0131 sizde! Bundan b\u00f6yle k\u00e2\u011f\u0131ttan tav\u015fan, kelebek hatta sevimli bir fil ailesi katlamak hi\u00e7 de zor olmayacak. Renkli k\u00e2\u011f\u0131tlar\u0131 katlay\u0131n, kesin, k\u0131v\u0131r\u0131n, yap\u0131\u015ft\u0131r\u0131n. Ge\u00e7ti\u011fimiz y\u0131llarda bir b\u00f6l\u00fcm\u00fc Hayvanlar-Bitkiler isimli kitab\u0131nda da yay\u0131mlanan bu eser, usta sanat\u00e7\u0131 taraf\u0131ndan yepyeni hayvan katlamalar\u0131yla \u00e7e\u015fitlendirilip, kolaydan zora do\u011fru s\u0131ralanarak Origami &#8211; Hayvanlar isimli tek bir kitapta topland\u0131.   \u00dclkenin d\u00f6rt bir yan\u0131nda ger\u00e7ekle\u015ftirdi\u011fi at\u00f6lye \u00e7al\u0131\u015fmalar\u0131yla ad\u0131ndan \u00f6vg\u00fcyle bahsettiren Nazan Tacer\u2019in origami kitaplar\u0131, \u00e7ocuklar\u0131n analitik ve \u00fc\u00e7 boyutlu d\u00fc\u015f\u00fcnebilme yetilerini geli\u015ftirmelerine, dikkate ve odaklanmaya ba\u011fl\u0131 olarak kendi becerileriyle origamiden yeni \u00fcr\u00fcnler yaratmalar\u0131na olanak sa\u011fl\u0131yor. <\/p>\n","protected":false},"excerpt":{"rendered":"<p>Nazan Tacer\u2019in Origami \u2013 Hayvanlar isimli kitab\u0131, origamiye ba\u015flamak i\u00e7in temel al\u0131nabilecek bir\u00e7ok Japon anonim \u00f6rne\u011fine yer vererek, kaplumba\u011fadan muhabbet ku\u015funa, salyangozdan yarasaya uzanan renkli bir<span class=\"excerpt-hellip\"> [\u2026]<\/span><\/p>\n","protected":false},"featured_media":0,"template":"","meta":{"_monsterinsights_skip_tracking":false,"_monsterinsights_sitenote_active":false,"_monsterinsights_sitenote_note":"","_monsterinsights_sitenote_category":0},"product_brand":[],"product_cat":[12913,12274],"product_tag":[],"class_list":{"0":"post-708445","1":"product","2":"type-product","3":"status-publish","5":"product_cat-3-6-yas-kitaplari","6":"product_cat-cocuk-ve-genclik-kitaplari","7":"pa_cilt-ciltsiz","8":"pa_tur-kitap","9":"pa_yayinevi-tudem-yayinlari","10":"pa_yazar-nazan-tacer","12":"first","13":"instock","14":"sale","15":"shipping-taxable","16":"purchasable","17":"product-type-simple"},"_links":{"self":[{"href":"https:\/\/roveyayinevi.com.tr\/index.php\/wp-json\/wp\/v2\/product\/708445","targetHints":{"allow":["GET"]}}],"collection":[{"href":"https:\/\/roveyayinevi.com.tr\/index.php\/wp-json\/wp\/v2\/product"}],"about":[{"href":"https:\/\/roveyayinevi.com.tr\/index.php\/wp-json\/wp\/v2\/types\/product"}],"wp:attachment":[{"href":"https:\/\/roveyayinevi.com.tr\/index.php\/wp-json\/wp\/v2\/media?parent=708445"}],"wp:term":[{"taxonomy":"product_brand","embeddable":true,"href":"https:\/\/roveyayinevi.com.tr\/index.php\/wp-json\/wp\/v2\/product_brand?post=708445"},{"taxonomy":"product_cat","embeddable":true,"href":"https:\/\/roveyayinevi.com.tr\/index.php\/wp-json\/wp\/v2\/product_cat?post=708445"},{"taxonomy":"product_tag","embeddable":true,"href":"https:\/\/roveyayinevi.com.tr\/index.php\/wp-json\/wp\/v2\/product_tag?post=708445"}],"curies":[{"name":"wp","href":"https:\/\/api.w.org\/{rel}","templated":true}]}}