{"id":708441,"date":"2025-08-27T16:14:54","date_gmt":"2025-08-27T13:14:54","guid":{"rendered":"https:\/\/roveyayinevi.com.tr\/index.php\/urun\/turk-halk-siiri-antolojisi\/"},"modified":"2026-04-16T02:16:54","modified_gmt":"2026-04-15T23:16:54","slug":"turk-halk-siiri-antolojisi","status":"publish","type":"product","link":"https:\/\/roveyayinevi.com.tr\/index.php\/urun\/turk-halk-siiri-antolojisi\/","title":{"rendered":"T\u00fcrk Halk \u015eiiri Antolojisi"},"content":{"rendered":"<p>Eski ve yeni T\u00fcrk edebiyat\u0131n\u0131n \u00e7a\u011fda\u015f ku\u015faklarca anla\u015f\u0131lmas\u0131 ve izlenmesi i\u00e7in \u00e7ok \u00f6nemli dil k\u00f6pr\u00fcleri kurmu\u015f olan \u201cedebiyat hocam\u0131z\u201d Rauf Mutluay 1995 y\u0131l\u0131nda ya\u015fama veda etti\u011finde, geride \u00f6zenli bir k\u00fct\u00fcphane b\u0131rakm\u0131\u015ft\u0131. \u201c\u00d6\u011fretmen yazarlar\u201d olarak an\u0131lan edebiyat ailesinin son \u00fcyeleri aras\u0131nda yer alan Rauf Mutluay\u2019\u0131n b\u00fct\u00fcn eserlerini haz\u0131rlayan Ayr\u0131nt\u0131 Yay\u0131nlar\u0131, ilk olarak T\u00dcRK HALK \u015e\u0130\u0130R\u0130 ANTOLOJ\u0130S\u0130\u2019ni yay\u0131ml\u0131yor. Bu inceleme ve derleme \u00e7al\u0131\u015fmas\u0131, edebiyatseverler ve \u00f6\u011frenciler i\u00e7in bulunmaz bir ba\u015fucu kitab\u0131d\u0131r. T\u00dcRK HALK \u015e\u0130\u0130R\u0130 ANTOLOJ\u0130S\u0130, devasa Halk \u015eiiri hazinemizin en par\u0131lt\u0131l\u0131 \u00f6rneklerini, \u00d6ks\u00fcz Dede\u2019den \u00c2\u015f\u0131k Kerem\u2019e, Gevher\u00ee\u2019den S\u00fcmm\u00e2n\u00ee\u2019ye, Karacao\u011flan\u2019dan \u00c2\u015f\u0131k Veysel\u2019e 20 b\u00fcy\u00fck Ozan\u2019\u0131 kaps\u0131yor \ufffcTan\u0131t\u0131m Metni<\/p>\n","protected":false},"excerpt":{"rendered":"<p>Eski ve yeni T\u00fcrk edebiyat\u0131n\u0131n \u00e7a\u011fda\u015f ku\u015faklarca anla\u015f\u0131lmas\u0131 ve izlenmesi i\u00e7in \u00e7ok \u00f6nemli dil k\u00f6pr\u00fcleri kurmu\u015f olan \u201cedebiyat hocam\u0131z\u201d Rauf Mutluay 1995 y\u0131l\u0131nda ya\u015fama veda etti\u011finde,<span class=\"excerpt-hellip\"> [\u2026]<\/span><\/p>\n","protected":false},"featured_media":0,"template":"","meta":{"_monsterinsights_skip_tracking":false,"_monsterinsights_sitenote_active":false,"_monsterinsights_sitenote_note":"","_monsterinsights_sitenote_category":0},"product_brand":[],"product_cat":[14060,12291],"product_tag":[],"class_list":{"0":"post-708441","1":"product","2":"type-product","3":"status-publish","5":"product_cat-antoloji","6":"product_cat-edebiyat","7":"pa_cilt-ciltsiz","8":"pa_tur-kitap","9":"pa_yayinevi-ayrinti-yayinlari","10":"pa_yazar-rauf-mutluay","12":"first","13":"instock","14":"sale","15":"shipping-taxable","16":"purchasable","17":"product-type-simple"},"_links":{"self":[{"href":"https:\/\/roveyayinevi.com.tr\/index.php\/wp-json\/wp\/v2\/product\/708441","targetHints":{"allow":["GET"]}}],"collection":[{"href":"https:\/\/roveyayinevi.com.tr\/index.php\/wp-json\/wp\/v2\/product"}],"about":[{"href":"https:\/\/roveyayinevi.com.tr\/index.php\/wp-json\/wp\/v2\/types\/product"}],"wp:attachment":[{"href":"https:\/\/roveyayinevi.com.tr\/index.php\/wp-json\/wp\/v2\/media?parent=708441"}],"wp:term":[{"taxonomy":"product_brand","embeddable":true,"href":"https:\/\/roveyayinevi.com.tr\/index.php\/wp-json\/wp\/v2\/product_brand?post=708441"},{"taxonomy":"product_cat","embeddable":true,"href":"https:\/\/roveyayinevi.com.tr\/index.php\/wp-json\/wp\/v2\/product_cat?post=708441"},{"taxonomy":"product_tag","embeddable":true,"href":"https:\/\/roveyayinevi.com.tr\/index.php\/wp-json\/wp\/v2\/product_tag?post=708441"}],"curies":[{"name":"wp","href":"https:\/\/api.w.org\/{rel}","templated":true}]}}