{"id":708440,"date":"2025-08-27T16:14:54","date_gmt":"2025-08-27T13:14:54","guid":{"rendered":"https:\/\/roveyayinevi.com.tr\/index.php\/urun\/aydin-boysanin-dilinden-osmanlidan-cumhuriyete-bir-aydin-tanikligi\/"},"modified":"2026-04-16T02:16:54","modified_gmt":"2026-04-15T23:16:54","slug":"aydin-boysanin-dilinden-osmanlidan-cumhuriyete-bir-aydin-tanikligi","status":"publish","type":"product","link":"https:\/\/roveyayinevi.com.tr\/index.php\/urun\/aydin-boysanin-dilinden-osmanlidan-cumhuriyete-bir-aydin-tanikligi\/","title":{"rendered":"Ayd\u0131n Boysan&#8217;\u0131n Dilinden-Osmanl\u0131&#8217;dan Cumhuriyet&#8217;e Bir Ayd\u0131n Tan\u0131kl\u0131\u011f\u0131"},"content":{"rendered":"<p>Cumhuriyet\u2019le ya\u015f\u0131t Ayd\u0131n Boysan, mimar, yazar bir ayd\u0131n olarak sesleniyor bizlere. Ayd\u0131n Boysan\u2019\u0131n Diliyle\u2019deg\u00fcn\u00fcm\u00fczde orta ku\u015fak pek \u00e7ok insan\u0131n \u00f6zlemle and\u0131\u011f\u0131, gen\u00e7 neslin ise hi\u00e7 tan\u0131mad\u0131\u011f\u0131 bir zaman\u0131n tan\u0131kl\u0131\u011f\u0131n\u0131, g\u00f6rsel ve tarihsel dok\u00fcmanlar e\u015fli\u011finde aktar\u0131yor Cem Haydar Bekta\u015f. Cumhuriyet\u2019le birlikte yarat\u0131lan \u00e7a\u011fda\u015f de\u011ferlerin h\u0131zla yok olmakta oldu\u011funu s\u00f6yleyen Ayd\u0131n Boysan bizi, do\u011fup b\u00fcy\u00fcd\u00fc\u011f\u00fc eski \u0130stanbul\u2019un sokaklar\u0131na, Anadolu\u2019nun yoksul ama ne\u015feli, g\u00fcvenli insanlar\u0131na, mek\u00e2nlar\u0131na konuk ediyor. Ortak tarihimizin unutulmamas\u0131, unutturulmamas\u0131 gereken sayfalar\u0131n\u0131 bir solukta okuyacaks\u0131n\u0131z. <\/p>\n","protected":false},"excerpt":{"rendered":"<p>Cumhuriyet\u2019le ya\u015f\u0131t Ayd\u0131n Boysan, mimar, yazar bir ayd\u0131n olarak sesleniyor bizlere. Ayd\u0131n Boysan\u2019\u0131n Diliyle\u2019deg\u00fcn\u00fcm\u00fczde orta ku\u015fak pek \u00e7ok insan\u0131n \u00f6zlemle and\u0131\u011f\u0131, gen\u00e7 neslin ise hi\u00e7 tan\u0131mad\u0131\u011f\u0131<span class=\"excerpt-hellip\"> [\u2026]<\/span><\/p>\n","protected":false},"featured_media":0,"template":"","meta":{"_monsterinsights_skip_tracking":false,"_monsterinsights_sitenote_active":false,"_monsterinsights_sitenote_note":"","_monsterinsights_sitenote_category":0},"product_brand":[],"product_cat":[13590,12337],"product_tag":[],"class_list":{"0":"post-708440","1":"product","2":"type-product","3":"status-publish","5":"product_cat-arastirma-inceleme-politika-siyaset","6":"product_cat-politika-siyaset","7":"pa_cilt-ciltsiz","8":"pa_tur-kitap","9":"pa_yayinevi-siyah-kugu","10":"pa_yazar-cem-haydar-bektas","12":"first","13":"instock","14":"sale","15":"shipping-taxable","16":"purchasable","17":"product-type-simple"},"_links":{"self":[{"href":"https:\/\/roveyayinevi.com.tr\/index.php\/wp-json\/wp\/v2\/product\/708440","targetHints":{"allow":["GET"]}}],"collection":[{"href":"https:\/\/roveyayinevi.com.tr\/index.php\/wp-json\/wp\/v2\/product"}],"about":[{"href":"https:\/\/roveyayinevi.com.tr\/index.php\/wp-json\/wp\/v2\/types\/product"}],"wp:attachment":[{"href":"https:\/\/roveyayinevi.com.tr\/index.php\/wp-json\/wp\/v2\/media?parent=708440"}],"wp:term":[{"taxonomy":"product_brand","embeddable":true,"href":"https:\/\/roveyayinevi.com.tr\/index.php\/wp-json\/wp\/v2\/product_brand?post=708440"},{"taxonomy":"product_cat","embeddable":true,"href":"https:\/\/roveyayinevi.com.tr\/index.php\/wp-json\/wp\/v2\/product_cat?post=708440"},{"taxonomy":"product_tag","embeddable":true,"href":"https:\/\/roveyayinevi.com.tr\/index.php\/wp-json\/wp\/v2\/product_tag?post=708440"}],"curies":[{"name":"wp","href":"https:\/\/api.w.org\/{rel}","templated":true}]}}