{"id":708439,"date":"2025-08-27T16:14:53","date_gmt":"2025-08-27T13:14:53","guid":{"rendered":"https:\/\/roveyayinevi.com.tr\/index.php\/urun\/ah-su-biz-kara-biyikli-turkler\/"},"modified":"2026-04-16T02:16:54","modified_gmt":"2026-04-15T23:16:54","slug":"ah-su-biz-kara-biyikli-turkler","status":"publish","type":"product","link":"https:\/\/roveyayinevi.com.tr\/index.php\/urun\/ah-su-biz-kara-biyikli-turkler\/","title":{"rendered":"Ah \u015eu Biz Kara B\u0131y\u0131kl\u0131 T\u00fcrkler"},"content":{"rendered":"<p>Frans\u0131z tarih\u00e7i Prof. Claude Cahen, &#8220;T\u00fcrkler, atalar\u0131n\u0131n g\u00f6\u00e7ebe olmas\u0131ndan bir eziklik duyarlar.&#8221; diyor. Ger\u00e7ekten, Anadolu&#8217;ya ayak bast\u0131\u011f\u0131m\u0131z ta XI. y\u00fczy\u0131ldan bu yana, gerek Sel\u00e7uklular\u0131n gerekse Osmanl\u0131lar\u0131n g\u00f6\u00e7ebe s\u00f6zc\u00fc\u011f\u00fcn\u00fc i\u015fitmeye bile katlanamay\u0131p neredeyse dilden \u00e7\u0131kar\u0131p atmalar\u0131na bak\u0131lacak olursa, Prof. Cahen&#8217;a hak vermemek de olanaks\u0131zd\u0131r do\u011frusu. \u00c7\u00fcnk\u00fc, Osmanl\u0131lar sanki bu y\u00fczden tarihlerini bile de\u011fi\u015ftirmemi\u015fler, ta Tanzimat&#8217;a kadar okullarda Osmanl\u0131 Tarihi yerine \u0130slam Tarihi okutmu\u015flard\u0131r. \u00d6yle ki, Prof. Cahen&#8217;in bu konuyla ilgili olarak eziklik s\u0131fat\u0131n\u0131 kullanmas\u0131n\u0131 da, onun Frans\u0131zl\u0131\u011f\u0131na m\u0131 yormak gerektir, kim bilir&#8230;Burada hemen \u015funu da belirtelim ki, bu kitap, ad\u0131ndan da anla\u015f\u0131laca\u011f\u0131 gibi, ne tarihle ilgili bir ara\u015ft\u0131rmad\u0131r, ne de toplumbilimsel bir inceleme&#8230;  Salt, bir  yazar\u0131n yaz\u0131nsal \u00e7al\u0131\u015fmalar\u0131 s\u0131ras\u0131nda kalemine veya akl\u0131na tak\u0131lan sorular, notlard\u0131r kesinlikle&#8230; Birtak\u0131m derkenarlard\u0131r yani&#8230; Ola ki bir yeni tart\u0131\u015fmaya yol a\u00e7ar iyi niyetiyle yay\u0131mlanm\u0131\u015ft\u0131r ve de&#8230; Biline ve bir kusur varsa, affola&#8230; <\/p>\n","protected":false},"excerpt":{"rendered":"<p>Frans\u0131z tarih\u00e7i Prof. Claude Cahen, &#8220;T\u00fcrkler, atalar\u0131n\u0131n g\u00f6\u00e7ebe olmas\u0131ndan bir eziklik duyarlar.&#8221; diyor. Ger\u00e7ekten, Anadolu&#8217;ya ayak bast\u0131\u011f\u0131m\u0131z ta XI. y\u00fczy\u0131ldan bu yana, gerek Sel\u00e7uklular\u0131n gerekse Osmanl\u0131lar\u0131n<span class=\"excerpt-hellip\"> [\u2026]<\/span><\/p>\n","protected":false},"featured_media":0,"template":"","meta":{"_monsterinsights_skip_tracking":false,"_monsterinsights_sitenote_active":false,"_monsterinsights_sitenote_note":"","_monsterinsights_sitenote_category":0},"product_brand":[],"product_cat":[13590,12337],"product_tag":[],"class_list":{"0":"post-708439","1":"product","2":"type-product","3":"status-publish","5":"product_cat-arastirma-inceleme-politika-siyaset","6":"product_cat-politika-siyaset","7":"pa_cilt-ciltsiz","8":"pa_tur-kitap","9":"pa_yayinevi-asi-kitap","10":"pa_yazar-demirtas-ceyhun","12":"first","13":"instock","14":"sale","15":"shipping-taxable","16":"purchasable","17":"product-type-simple"},"_links":{"self":[{"href":"https:\/\/roveyayinevi.com.tr\/index.php\/wp-json\/wp\/v2\/product\/708439","targetHints":{"allow":["GET"]}}],"collection":[{"href":"https:\/\/roveyayinevi.com.tr\/index.php\/wp-json\/wp\/v2\/product"}],"about":[{"href":"https:\/\/roveyayinevi.com.tr\/index.php\/wp-json\/wp\/v2\/types\/product"}],"wp:attachment":[{"href":"https:\/\/roveyayinevi.com.tr\/index.php\/wp-json\/wp\/v2\/media?parent=708439"}],"wp:term":[{"taxonomy":"product_brand","embeddable":true,"href":"https:\/\/roveyayinevi.com.tr\/index.php\/wp-json\/wp\/v2\/product_brand?post=708439"},{"taxonomy":"product_cat","embeddable":true,"href":"https:\/\/roveyayinevi.com.tr\/index.php\/wp-json\/wp\/v2\/product_cat?post=708439"},{"taxonomy":"product_tag","embeddable":true,"href":"https:\/\/roveyayinevi.com.tr\/index.php\/wp-json\/wp\/v2\/product_tag?post=708439"}],"curies":[{"name":"wp","href":"https:\/\/api.w.org\/{rel}","templated":true}]}}