{"id":708434,"date":"2025-08-27T16:14:46","date_gmt":"2025-08-27T13:14:46","guid":{"rendered":"https:\/\/roveyayinevi.com.tr\/index.php\/urun\/sosyal-demokrasi-ve-ilkeleri\/"},"modified":"2026-04-16T02:16:54","modified_gmt":"2026-04-15T23:16:54","slug":"sosyal-demokrasi-ve-ilkeleri","status":"publish","type":"product","link":"https:\/\/roveyayinevi.com.tr\/index.php\/urun\/sosyal-demokrasi-ve-ilkeleri\/","title":{"rendered":"Sosyal Demokrasi ve \u0130lkeleri"},"content":{"rendered":"<p>Sosyal demokrasi de\u011fi\u015fken bir kavramd\u0131r. Kal\u0131pla\u015fm\u0131\u015f, donmu\u015f bir ideoloji de\u011fildir. Toplumsal boyutta farkl\u0131 de\u011fer yarg\u0131lar\u0131yla ili\u015fkilendirilir ve etkisi toplumsal oldu\u011fu i\u00e7in farkl\u0131 \u00e7\u0131kar gruplar\u0131 taraf\u0131ndan savunulur veya reddedilir. Kuramsal boyutta da \u00fczerinde uzla\u015f\u0131lm\u0131\u015f, yekpare ve ba\u011flay\u0131c\u0131 bir tan\u0131m\u0131 yoktur. Bu kitap\u00e7\u0131ktaki amac\u0131m\u0131z sosyal demokrasiyi ve sosyal demokrasinin temel ilkelerini farkl\u0131 kuramsal, ideolojik ve tarihsel pratikler \u00fczerinden a\u00e7\u0131klamaya \u00e7al\u0131\u015fmakt\u0131r. <\/p>\n","protected":false},"excerpt":{"rendered":"<p>Sosyal demokrasi de\u011fi\u015fken bir kavramd\u0131r. Kal\u0131pla\u015fm\u0131\u015f, donmu\u015f bir ideoloji de\u011fildir. Toplumsal boyutta farkl\u0131 de\u011fer yarg\u0131lar\u0131yla ili\u015fkilendirilir ve etkisi toplumsal oldu\u011fu i\u00e7in farkl\u0131 \u00e7\u0131kar gruplar\u0131 taraf\u0131ndan savunulur<span class=\"excerpt-hellip\"> [\u2026]<\/span><\/p>\n","protected":false},"featured_media":0,"template":"","meta":{"_monsterinsights_skip_tracking":false,"_monsterinsights_sitenote_active":false,"_monsterinsights_sitenote_note":"","_monsterinsights_sitenote_category":0},"product_brand":[],"product_cat":[13590,12337],"product_tag":[],"class_list":{"0":"post-708434","1":"product","2":"type-product","3":"status-publish","5":"product_cat-arastirma-inceleme-politika-siyaset","6":"product_cat-politika-siyaset","7":"pa_cilt-ciltsiz","8":"pa_tur-kitap","9":"pa_yayinevi-alabanda-yayin","10":"pa_yazar-gulgun-erdogan-tosun","12":"first","13":"instock","14":"sale","15":"shipping-taxable","16":"purchasable","17":"product-type-simple"},"_links":{"self":[{"href":"https:\/\/roveyayinevi.com.tr\/index.php\/wp-json\/wp\/v2\/product\/708434","targetHints":{"allow":["GET"]}}],"collection":[{"href":"https:\/\/roveyayinevi.com.tr\/index.php\/wp-json\/wp\/v2\/product"}],"about":[{"href":"https:\/\/roveyayinevi.com.tr\/index.php\/wp-json\/wp\/v2\/types\/product"}],"wp:attachment":[{"href":"https:\/\/roveyayinevi.com.tr\/index.php\/wp-json\/wp\/v2\/media?parent=708434"}],"wp:term":[{"taxonomy":"product_brand","embeddable":true,"href":"https:\/\/roveyayinevi.com.tr\/index.php\/wp-json\/wp\/v2\/product_brand?post=708434"},{"taxonomy":"product_cat","embeddable":true,"href":"https:\/\/roveyayinevi.com.tr\/index.php\/wp-json\/wp\/v2\/product_cat?post=708434"},{"taxonomy":"product_tag","embeddable":true,"href":"https:\/\/roveyayinevi.com.tr\/index.php\/wp-json\/wp\/v2\/product_tag?post=708434"}],"curies":[{"name":"wp","href":"https:\/\/api.w.org\/{rel}","templated":true}]}}