{"id":708433,"date":"2025-08-27T16:14:45","date_gmt":"2025-08-27T13:14:45","guid":{"rendered":"https:\/\/roveyayinevi.com.tr\/index.php\/urun\/kalbin-uyanisi\/"},"modified":"2026-04-16T02:16:54","modified_gmt":"2026-04-15T23:16:54","slug":"kalbin-uyanisi","status":"publish","type":"product","link":"https:\/\/roveyayinevi.com.tr\/index.php\/urun\/kalbin-uyanisi\/","title":{"rendered":"Kalbin Uyan\u0131\u015f\u0131"},"content":{"rendered":"<p>Kalp uyan\u0131nca g\u00f6n\u00fcl olur&#8230; G\u00f6n\u00fcl sultan\u0131n\u0131 bulunca insan-\u0131 k\u00e2mil olur. \u0130nsan-\u0131 k\u00e2mil; a\u015fk yolunun yolcusu, s\u0131rlar\u0131n bek\u00e7isidir. Sat\u0131rlarda yaz\u0131lan bu kutlu yolun bek\u00e7ileri, sat\u0131rlardan sad\u0131rlara ilmek ilmek i\u015flemi\u015flerdir yolun edeplerini. Kendilerinden sonraki nesillere nur olmu\u015ftur, a\u015fk yolunun kandilleri&#8230; Hz. Adem ile isti\u011ffar\u0131n edebini, Hz. \u0130brahim ve Hz. Meryem ile adanm\u0131\u015fl\u0131\u011f\u0131n ve tevh\u00eedin nurunu, Melik Tubba ve Ashab-\u0131 G\u00fczin\u2019le ahde vefa, teslimiyet ve tabiiyetin rahmetini, Fatih Sultan Mehmet Han ile kabul olmu\u015f duaya dahil olman\u0131n yolunu \u00f6\u011frenirken; Efendimiz (sav) ve Hz. Fat\u0131ma\u2019da a\u015fk ve s\u0131rr\u0131 talim eder bu kutlu yolun yolcular\u0131&#8230; Biz, \u00f6nce kendimizden ve sonra neslimizden mesul olanlar; Hz. Muhammed Mustafa\u2019n\u0131n (sav) Havz-\u0131 Kevser\u2019inde \u00fcmmeti olmay\u0131 murad ediyorken, bu murada uyuyan kalplerle ula\u015fmay\u0131 nas\u0131l tahayy\u00fcl edebiliriz? Uyuyan bir kalp \u00f6l\u00fcme mahk\u00fbm de\u011fil midir? \u00d6l\u00fc ruhlar nas\u0131l yola kandil olabilir? Kendi s\u0131rr\u0131m\u0131z\u0131 ke\u015ffedip, gelece\u011fimizin ge\u00e7mi\u015fimizde sakl\u0131 oldu\u011funu idrak ederek \u00e7\u0131kaca\u011f\u0131m\u0131z yolda; \u00d6lmeden \u00f6nce uykudan uyananlardan olup, gelece\u011fe \u00fczerindeki gaflet perdesinden s\u0131yr\u0131lm\u0131\u015f olarak, g\u00f6z\u00fcyle g\u00f6ren, akl\u0131yla bakan, kalbiyle idrak eden bahtiyar bir nesil b\u0131rakmak istiyorsak&#8230; Haydin! \u00c7\u0131kal\u0131m uyan\u0131\u015f yolculu\u011funa&#8230; \ufffcTan\u0131t\u0131m Metni<\/p>\n","protected":false},"excerpt":{"rendered":"<p>Kalp uyan\u0131nca g\u00f6n\u00fcl olur&#8230; G\u00f6n\u00fcl sultan\u0131n\u0131 bulunca insan-\u0131 k\u00e2mil olur. \u0130nsan-\u0131 k\u00e2mil; a\u015fk yolunun yolcusu, s\u0131rlar\u0131n bek\u00e7isidir. Sat\u0131rlarda yaz\u0131lan bu kutlu yolun bek\u00e7ileri, sat\u0131rlardan sad\u0131rlara ilmek<span class=\"excerpt-hellip\"> [\u2026]<\/span><\/p>\n","protected":false},"featured_media":0,"template":"","meta":{"_monsterinsights_skip_tracking":false,"_monsterinsights_sitenote_active":false,"_monsterinsights_sitenote_note":"","_monsterinsights_sitenote_category":0},"product_brand":[],"product_cat":[12718,12719,12720],"product_tag":[],"class_list":{"0":"post-708433","1":"product","2":"type-product","3":"status-publish","5":"product_cat-din","6":"product_cat-islam","7":"product_cat-tasavvuf-mezhepler-tarikatlar","8":"pa_cilt-ciltsiz","9":"pa_tur-kitap","10":"pa_yayinevi-hayat-yayinlari","11":"pa_yazar-busra-tasciogullari","13":"first","14":"instock","15":"sale","16":"shipping-taxable","17":"purchasable","18":"product-type-simple"},"_links":{"self":[{"href":"https:\/\/roveyayinevi.com.tr\/index.php\/wp-json\/wp\/v2\/product\/708433","targetHints":{"allow":["GET"]}}],"collection":[{"href":"https:\/\/roveyayinevi.com.tr\/index.php\/wp-json\/wp\/v2\/product"}],"about":[{"href":"https:\/\/roveyayinevi.com.tr\/index.php\/wp-json\/wp\/v2\/types\/product"}],"wp:attachment":[{"href":"https:\/\/roveyayinevi.com.tr\/index.php\/wp-json\/wp\/v2\/media?parent=708433"}],"wp:term":[{"taxonomy":"product_brand","embeddable":true,"href":"https:\/\/roveyayinevi.com.tr\/index.php\/wp-json\/wp\/v2\/product_brand?post=708433"},{"taxonomy":"product_cat","embeddable":true,"href":"https:\/\/roveyayinevi.com.tr\/index.php\/wp-json\/wp\/v2\/product_cat?post=708433"},{"taxonomy":"product_tag","embeddable":true,"href":"https:\/\/roveyayinevi.com.tr\/index.php\/wp-json\/wp\/v2\/product_tag?post=708433"}],"curies":[{"name":"wp","href":"https:\/\/api.w.org\/{rel}","templated":true}]}}