{"id":708432,"date":"2025-08-27T16:14:45","date_gmt":"2025-08-27T13:14:45","guid":{"rendered":"https:\/\/roveyayinevi.com.tr\/index.php\/urun\/perakendede-liderlik-ciltli\/"},"modified":"2026-04-16T02:16:54","modified_gmt":"2026-04-15T23:16:54","slug":"perakendede-liderlik-ciltli","status":"publish","type":"product","link":"https:\/\/roveyayinevi.com.tr\/index.php\/urun\/perakendede-liderlik-ciltli\/","title":{"rendered":"Perakendede Liderlik (Ciltli)"},"content":{"rendered":"<p>PERAKENDEDE D\u0130R\u0130L\u0130\u011e\u0130 KAYBETMEDEN\u0130R\u0130LE\u015eMEKBize s\u0131k s\u0131k, \u201cPerakende konsepti nas\u0131l haz\u0131rlanmal\u0131 ve nas\u0131l icra edilmelidir?\u201d diye sorulur ve \u00e7al\u0131\u015ft\u0131\u011f\u0131m\u0131z projelerde ba\u015far\u0131l\u0131 olabilmek i\u00e7in neler yapt\u0131\u011f\u0131m\u0131z merak edilir. Yan\u0131t olduk\u00e7a basittir:- Tutkulu bi\u00e7imde m\u00fc\u015fteri istek ve\/veya ihtiya\u00e7lar\u0131n\u0131 anlay\u0131p, m\u00fc\u015fteri \u00e7\u00f6z\u00fcmlerine odaklanarak (M\u00fc\u015fteri neden ba\u015fka yere de\u011filde, benim ma\u011fazama gelsin?)- Organizasyon i\u00e7inde \u00e7al\u0131\u015fan herkesin m\u00fc\u015fteri nezdinde kavramsalla\u015ft\u0131r\u0131lm\u0131\u015f \u201cb\u00fcy\u00fck resmi\u201d anlamas\u0131n\u0131 sa\u011flayarak- Basit ve anla\u015f\u0131l\u0131r hedefler koyarak- Do\u011fru buldu\u011fumuz temel de\u011ferleri bir prensip olarak benimseyerek ve \u015fahsen uygulayarak- M\u00fc\u015fteriye de\u011fer yaratan s\u00fcre\u00e7leri az ve \u00f6z, anla\u015f\u0131labilir ve uygulanabilir \u015fekilde tasarlayarak ve de\u011fer yaratmayan s\u00fcre\u00e7leri sonland\u0131rarak- Organizasyon i\u00e7indeki herkesin bu s\u00fcre\u00e7leri anlayarak, neden sorumlu olduklar\u0131n\u0131 kavramalar\u0131ndan emin olarak ve- S\u00f6ylenenlerle yap\u0131lanlar\u0131 s\u00fcrekli g\u00f6zlemleyerek.Hepsi bu kadar m\u0131?.. Evet, ba\u015far\u0131l\u0131 olmak i\u00e7in bunlar kafidir. Bu \u015fartlar\u0131n ger\u00e7ekle\u015ftirilmesi durumunda, birlikte \u00e7al\u0131\u015ft\u0131\u011f\u0131n\u0131z arkada\u015flar\u0131n\u0131z\u0131n g\u00fcven duyabilecekleri ve kendiliklerinden sorumluluk alabilecekleri bir \u00e7al\u0131\u015fma ortam\u0131n\u0131n da kendili\u011finden olu\u015faca\u011f\u0131ndan hi\u00e7 \u015f\u00fcpheniz olmas\u0131n.Perakendeyi \u201ciyi bilen ve iyi yapan\u201d y\u00f6netim kadrolar\u0131, kendilerini g\u00fcvende hisseden ma\u011faza\/merkez kadro ve hissedar temsilcileri ile b\u00fct\u00fcnle\u015fmelidir. B\u00f6ylece ortaya \u00e7\u0131kartacaklar\u0131 y\u00fcksek performansa, yukar\u0131daki ba\u015fl\u0131klar alt\u0131nda, ancak \u00e7\u0131tay\u0131 daha yukar\u0131 kald\u0131rabilen perakende \u015firketleri meydan okuyabilirler. <\/p>\n","protected":false},"excerpt":{"rendered":"<p>PERAKENDEDE D\u0130R\u0130L\u0130\u011e\u0130 KAYBETMEDEN\u0130R\u0130LE\u015eMEKBize s\u0131k s\u0131k, \u201cPerakende konsepti nas\u0131l haz\u0131rlanmal\u0131 ve nas\u0131l icra edilmelidir?\u201d diye sorulur ve \u00e7al\u0131\u015ft\u0131\u011f\u0131m\u0131z projelerde ba\u015far\u0131l\u0131 olabilmek i\u00e7in neler yapt\u0131\u011f\u0131m\u0131z merak edilir. Yan\u0131t<span class=\"excerpt-hellip\"> [\u2026]<\/span><\/p>\n","protected":false},"featured_media":0,"template":"","meta":{"_monsterinsights_skip_tracking":false,"_monsterinsights_sitenote_active":false,"_monsterinsights_sitenote_note":"","_monsterinsights_sitenote_category":0},"product_brand":[],"product_cat":[13043,17647],"product_tag":[],"class_list":{"0":"post-708432","1":"product","2":"type-product","3":"status-publish","5":"product_cat-ekonomi","6":"product_cat-is-dunyasi","7":"pa_cilt-ciltli","8":"pa_tur-kitap","9":"pa_yayinevi-hayat-yayinlari","10":"pa_yazar-servet-topaloglu","12":"first","13":"instock","14":"sale","15":"shipping-taxable","16":"purchasable","17":"product-type-simple"},"_links":{"self":[{"href":"https:\/\/roveyayinevi.com.tr\/index.php\/wp-json\/wp\/v2\/product\/708432","targetHints":{"allow":["GET"]}}],"collection":[{"href":"https:\/\/roveyayinevi.com.tr\/index.php\/wp-json\/wp\/v2\/product"}],"about":[{"href":"https:\/\/roveyayinevi.com.tr\/index.php\/wp-json\/wp\/v2\/types\/product"}],"wp:attachment":[{"href":"https:\/\/roveyayinevi.com.tr\/index.php\/wp-json\/wp\/v2\/media?parent=708432"}],"wp:term":[{"taxonomy":"product_brand","embeddable":true,"href":"https:\/\/roveyayinevi.com.tr\/index.php\/wp-json\/wp\/v2\/product_brand?post=708432"},{"taxonomy":"product_cat","embeddable":true,"href":"https:\/\/roveyayinevi.com.tr\/index.php\/wp-json\/wp\/v2\/product_cat?post=708432"},{"taxonomy":"product_tag","embeddable":true,"href":"https:\/\/roveyayinevi.com.tr\/index.php\/wp-json\/wp\/v2\/product_tag?post=708432"}],"curies":[{"name":"wp","href":"https:\/\/api.w.org\/{rel}","templated":true}]}}