{"id":708430,"date":"2025-08-27T16:14:44","date_gmt":"2025-08-27T13:14:44","guid":{"rendered":"https:\/\/roveyayinevi.com.tr\/index.php\/urun\/macera-gecidi-uzaylilar-dunyada-ciltli\/"},"modified":"2026-04-16T02:16:54","modified_gmt":"2026-04-15T23:16:54","slug":"macera-gecidi-uzaylilar-dunyada-ciltli","status":"publish","type":"product","link":"https:\/\/roveyayinevi.com.tr\/index.php\/urun\/macera-gecidi-uzaylilar-dunyada-ciltli\/","title":{"rendered":"Macera Ge\u00e7idi &#8211; Uzayl\u0131lar D\u00fcnya&#8217;da (Ciltli)"},"content":{"rendered":"<p>Toplamda 100 bin adetlik sat\u0131\u015f\u0131yla gen\u00e7lerin olduk\u00e7a ilgi g\u00f6sterdi\u011fiMACERA GE\u00c7\u0130D\u0130 serisinin 11. Kitab\u0131\u2026BU K\u0130TABIN KAHRAMANI S\u0130ZS\u0130N\u0130Z!Bir sabah annenizin; \u201c\u00c7abuk kalk\u0131n! Uzayl\u0131lar D\u00fcnya\u2019ya sald\u0131r\u0131yor.\u201d \u00e7\u0131\u011fl\u0131klar\u0131yla yata\u011f\u0131n\u0131zdan f\u0131rl\u0131yorsunuz. \u0130\u015fte o andan sonra, t\u00fcm ya\u015fant\u0131n\u0131z de\u011fi\u015fiyor. Uzay Korsanlar\u0131na kar\u015f\u0131 giri\u015fece\u011finiz bu soluk kesici sava\u015fta e\u011fer ba\u015far\u0131ya ula\u015f\u0131rsan\u0131z; herkesin hayranl\u0131\u011f\u0131n\u0131 kazanacak, meydanlara heykelleri dikilen ba\u015far\u0131l\u0131 ve \u00fcnl\u00fc biri olacaks\u0131n\u0131z. Ancak uzay\u0131n derinliklerinde yok olman\u0131z veya uzak bir gezegende k\u00f6le olarak ya\u015faman\u0131z da olas\u0131&#8230; Bunu, roman boyunca verece\u011finiz kararlar belirleyecek. \u00c7\u00fcnk\u00fc bu macerada, tam on d\u00f6rt farkl\u0131 son var.MACERA GE\u00c7\u0130D\u0130NE G\u0130R\u0130N!KEND\u0130 MACERANIZI YA\u015eAYIN! <\/p>\n","protected":false},"excerpt":{"rendered":"<p>Toplamda 100 bin adetlik sat\u0131\u015f\u0131yla gen\u00e7lerin olduk\u00e7a ilgi g\u00f6sterdi\u011fiMACERA GE\u00c7\u0130D\u0130 serisinin 11. Kitab\u0131\u2026BU K\u0130TABIN KAHRAMANI S\u0130ZS\u0130N\u0130Z!Bir sabah annenizin; \u201c\u00c7abuk kalk\u0131n! Uzayl\u0131lar D\u00fcnya\u2019ya sald\u0131r\u0131yor.\u201d \u00e7\u0131\u011fl\u0131klar\u0131yla yata\u011f\u0131n\u0131zdan f\u0131rl\u0131yorsunuz.<span class=\"excerpt-hellip\"> [\u2026]<\/span><\/p>\n","protected":false},"featured_media":0,"template":"","meta":{"_monsterinsights_skip_tracking":false,"_monsterinsights_sitenote_active":false,"_monsterinsights_sitenote_note":"","_monsterinsights_sitenote_category":0},"product_brand":[],"product_cat":[12275,12274],"product_tag":[],"class_list":{"0":"post-708430","1":"product","2":"type-product","3":"status-publish","5":"product_cat-6-12-yas-kitaplari","6":"product_cat-cocuk-ve-genclik-kitaplari","7":"pa_cilt-ciltli","8":"pa_tur-kitap","9":"pa_yayinevi-hayat-yayinlari","10":"pa_yazar-tuncel-altinkopru","12":"first","13":"instock","14":"sale","15":"shipping-taxable","16":"purchasable","17":"product-type-simple"},"_links":{"self":[{"href":"https:\/\/roveyayinevi.com.tr\/index.php\/wp-json\/wp\/v2\/product\/708430","targetHints":{"allow":["GET"]}}],"collection":[{"href":"https:\/\/roveyayinevi.com.tr\/index.php\/wp-json\/wp\/v2\/product"}],"about":[{"href":"https:\/\/roveyayinevi.com.tr\/index.php\/wp-json\/wp\/v2\/types\/product"}],"wp:attachment":[{"href":"https:\/\/roveyayinevi.com.tr\/index.php\/wp-json\/wp\/v2\/media?parent=708430"}],"wp:term":[{"taxonomy":"product_brand","embeddable":true,"href":"https:\/\/roveyayinevi.com.tr\/index.php\/wp-json\/wp\/v2\/product_brand?post=708430"},{"taxonomy":"product_cat","embeddable":true,"href":"https:\/\/roveyayinevi.com.tr\/index.php\/wp-json\/wp\/v2\/product_cat?post=708430"},{"taxonomy":"product_tag","embeddable":true,"href":"https:\/\/roveyayinevi.com.tr\/index.php\/wp-json\/wp\/v2\/product_tag?post=708430"}],"curies":[{"name":"wp","href":"https:\/\/api.w.org\/{rel}","templated":true}]}}