{"id":708429,"date":"2025-08-27T16:14:44","date_gmt":"2025-08-27T13:14:44","guid":{"rendered":"https:\/\/roveyayinevi.com.tr\/index.php\/urun\/sevdanin-kulleri-ciltli\/"},"modified":"2026-04-16T02:16:54","modified_gmt":"2026-04-15T23:16:54","slug":"sevdanin-kulleri-ciltli","status":"publish","type":"product","link":"https:\/\/roveyayinevi.com.tr\/index.php\/urun\/sevdanin-kulleri-ciltli\/","title":{"rendered":"Sevdan\u0131n K\u00fclleri (ciltli)"},"content":{"rendered":"<p>S\u00f6nm\u00fc\u015f bir ate\u015fin k\u00fclleri yeniden harland\u0131\u011f\u0131nda&#8230; Yanmaktan ka\u00e7mak \u00e7\u00f6z\u00fcm olmayacakt\u0131. Ahmet \u00d6zen, etraf\u0131nda ac\u0131mas\u0131zl\u0131\u011f\u0131 ve g\u00fcc\u00fc ile tan\u0131nan bir adamd\u0131. Hayat\u0131nda o\u011flu ile i\u015fi d\u0131\u015f\u0131nda hi\u00e7 kimseye yer yoktu. Kendi varl\u0131\u011f\u0131na bile katlanamayan bir adamken, hayat\u0131na ge\u00e7mi\u015ften gelen bir kad\u0131n\u0131n girmesiyle her \u015fey alt \u00fcst olmak \u00fczereydi&#8230;Deniz i\u00e7in hayat ideallerinden ve annesinden ibaretken bir anda her \u015fey tersine d\u00f6nm\u00fc\u015ft\u00fcr. Ya\u015fan\u0131lan bir trajedi ve beklenmedik bir haber kendisini en b\u00fcy\u00fck d\u00fc\u015fman\u0131n\u0131n insaf\u0131na kalm\u0131\u015f halde bulmas\u0131na sebep olur. \u0130ki farkl\u0131 ya\u015fam. Bir \u00e7ocuk. Bir yanda yan\u0131p t\u00fcten \u00f6fke ate\u015fi, bir yanda ise ge\u00e7mi\u015fteki kalp k\u0131r\u0131kl\u0131\u011f\u0131n\u0131n izlerini ta\u015f\u0131yan iki ac\u0131l\u0131 y\u00fcrek. G\u00f6zya\u015f\u0131yla \u00e7evrelenmi\u015f iki hayat\u0131n ya\u015fam sava\u015f\u0131.Ya bir olup ya\u015famaya devam edeceklerdi ya da kendi nefretlerinin kurban\u0131 olup ya\u015fam sava\u015f\u0131n\u0131 kaybedeceklerdi. <\/p>\n","protected":false},"excerpt":{"rendered":"<p>S\u00f6nm\u00fc\u015f bir ate\u015fin k\u00fclleri yeniden harland\u0131\u011f\u0131nda&#8230; Yanmaktan ka\u00e7mak \u00e7\u00f6z\u00fcm olmayacakt\u0131. Ahmet \u00d6zen, etraf\u0131nda ac\u0131mas\u0131zl\u0131\u011f\u0131 ve g\u00fcc\u00fc ile tan\u0131nan bir adamd\u0131. Hayat\u0131nda o\u011flu ile i\u015fi d\u0131\u015f\u0131nda hi\u00e7<span class=\"excerpt-hellip\"> [\u2026]<\/span><\/p>\n","protected":false},"featured_media":0,"template":"","meta":{"_monsterinsights_skip_tracking":false,"_monsterinsights_sitenote_active":false,"_monsterinsights_sitenote_note":"","_monsterinsights_sitenote_category":0},"product_brand":[],"product_cat":[26663],"product_tag":[],"class_list":{"0":"post-708429","1":"product","2":"type-product","3":"status-publish","5":"product_cat-undefined","6":"pa_cilt-ciltli","7":"pa_tur-kitap","8":"pa_yayinevi-mortena-yayinlari","9":"pa_yazar-dilek-taygun","11":"first","12":"instock","13":"sale","14":"shipping-taxable","15":"purchasable","16":"product-type-simple"},"_links":{"self":[{"href":"https:\/\/roveyayinevi.com.tr\/index.php\/wp-json\/wp\/v2\/product\/708429","targetHints":{"allow":["GET"]}}],"collection":[{"href":"https:\/\/roveyayinevi.com.tr\/index.php\/wp-json\/wp\/v2\/product"}],"about":[{"href":"https:\/\/roveyayinevi.com.tr\/index.php\/wp-json\/wp\/v2\/types\/product"}],"wp:attachment":[{"href":"https:\/\/roveyayinevi.com.tr\/index.php\/wp-json\/wp\/v2\/media?parent=708429"}],"wp:term":[{"taxonomy":"product_brand","embeddable":true,"href":"https:\/\/roveyayinevi.com.tr\/index.php\/wp-json\/wp\/v2\/product_brand?post=708429"},{"taxonomy":"product_cat","embeddable":true,"href":"https:\/\/roveyayinevi.com.tr\/index.php\/wp-json\/wp\/v2\/product_cat?post=708429"},{"taxonomy":"product_tag","embeddable":true,"href":"https:\/\/roveyayinevi.com.tr\/index.php\/wp-json\/wp\/v2\/product_tag?post=708429"}],"curies":[{"name":"wp","href":"https:\/\/api.w.org\/{rel}","templated":true}]}}