{"id":708428,"date":"2025-08-27T16:14:44","date_gmt":"2025-08-27T13:14:44","guid":{"rendered":"https:\/\/roveyayinevi.com.tr\/index.php\/urun\/kurt-adamin-laneti-kankistolar-1\/"},"modified":"2026-04-16T02:16:54","modified_gmt":"2026-04-15T23:16:54","slug":"kurt-adamin-laneti-kankistolar-1","status":"publish","type":"product","link":"https:\/\/roveyayinevi.com.tr\/index.php\/urun\/kurt-adamin-laneti-kankistolar-1\/","title":{"rendered":"Kurt Adam\u0131n Laneti Kanki\u015ftolar 1"},"content":{"rendered":"<p>Sen hi\u00e7 kampa gittin mi kankito\u015fum? Biz gittik! Gitti\u011fimize gidece\u011fimize de pi\u015fman olduk&#8230; Yemye\u015fil orman, ku\u015f c\u0131v\u0131lt\u0131lar\u0131, temiz hava, muhabbet, dinlenme ve e\u011flence dolu kamp\u0131m\u0131z; kurt adam\u0131n lanetiyle kabusa d\u00f6nd\u00fc resmen! Dur, bir dakika! Korkup ka\u00e7mad\u0131k tabi ki; \u00e7\u00fcnk\u00fc biz korksak da \u00e7akt\u0131rmayan, gerekti\u011finde \u00f6l\u00fc taklidi yapan, g\u00f6z\u00fc pek, birazc\u0131k sakar, merakl\u0131 ve bir o kadar da sempatik kankito\u015flar\u0131z. Haydi, o zaman birlikte \u00e7\u00f6zelim \u015fu kurt adam\u0131n lanetini! \ufffcTan\u0131t\u0131m Metni<\/p>\n","protected":false},"excerpt":{"rendered":"<p>Sen hi\u00e7 kampa gittin mi kankito\u015fum? Biz gittik! Gitti\u011fimize gidece\u011fimize de pi\u015fman olduk&#8230; Yemye\u015fil orman, ku\u015f c\u0131v\u0131lt\u0131lar\u0131, temiz hava, muhabbet, dinlenme ve e\u011flence dolu kamp\u0131m\u0131z; kurt<span class=\"excerpt-hellip\"> [\u2026]<\/span><\/p>\n","protected":false},"featured_media":0,"template":"","meta":{"_monsterinsights_skip_tracking":false,"_monsterinsights_sitenote_active":false,"_monsterinsights_sitenote_note":"","_monsterinsights_sitenote_category":0},"product_brand":[],"product_cat":[26663],"product_tag":[],"class_list":{"0":"post-708428","1":"product","2":"type-product","3":"status-publish","5":"product_cat-undefined","6":"pa_cilt-ciltsiz","7":"pa_tur-kitap","8":"pa_yayinevi-acayip-kitaplar","9":"pa_yazar-omer-burak-cinar","11":"first","12":"instock","13":"sale","14":"shipping-taxable","15":"purchasable","16":"product-type-simple"},"_links":{"self":[{"href":"https:\/\/roveyayinevi.com.tr\/index.php\/wp-json\/wp\/v2\/product\/708428","targetHints":{"allow":["GET"]}}],"collection":[{"href":"https:\/\/roveyayinevi.com.tr\/index.php\/wp-json\/wp\/v2\/product"}],"about":[{"href":"https:\/\/roveyayinevi.com.tr\/index.php\/wp-json\/wp\/v2\/types\/product"}],"wp:attachment":[{"href":"https:\/\/roveyayinevi.com.tr\/index.php\/wp-json\/wp\/v2\/media?parent=708428"}],"wp:term":[{"taxonomy":"product_brand","embeddable":true,"href":"https:\/\/roveyayinevi.com.tr\/index.php\/wp-json\/wp\/v2\/product_brand?post=708428"},{"taxonomy":"product_cat","embeddable":true,"href":"https:\/\/roveyayinevi.com.tr\/index.php\/wp-json\/wp\/v2\/product_cat?post=708428"},{"taxonomy":"product_tag","embeddable":true,"href":"https:\/\/roveyayinevi.com.tr\/index.php\/wp-json\/wp\/v2\/product_tag?post=708428"}],"curies":[{"name":"wp","href":"https:\/\/api.w.org\/{rel}","templated":true}]}}