{"id":708427,"date":"2025-08-27T16:14:43","date_gmt":"2025-08-27T13:14:43","guid":{"rendered":"https:\/\/roveyayinevi.com.tr\/index.php\/urun\/kanit-pesinde-gizemli-adam-ciltli\/"},"modified":"2026-04-16T02:16:54","modified_gmt":"2026-04-15T23:16:54","slug":"kanit-pesinde-gizemli-adam-ciltli","status":"publish","type":"product","link":"https:\/\/roveyayinevi.com.tr\/index.php\/urun\/kanit-pesinde-gizemli-adam-ciltli\/","title":{"rendered":"Kan\u0131t Pe\u015finde Gizemli Adam (ciltli)"},"content":{"rendered":"<p>\u0130stanbul trafi\u011fi, bir adam\u0131n bo\u011faz k\u00f6pr\u00fcs\u00fcn\u00fcn ortas\u0131na oturmas\u0131yla kilometrelerce kilitlenmi\u015ftir. Polis ekiplerinin uyarlar\u0131na ald\u0131r\u0131\u015f etmeyen gizemli adam\u0131n kimli\u011fini belirlemek ve kar\u0131\u015ft\u0131\u011f\u0131 olaylar\u0131 \u00e7\u00f6zmek hi\u00e7 kolay olmayacakt\u0131r. Psikolog Yaman Erdem&#8217;in olay\u0131n kan\u0131tlar\u0131 pe\u015finde Diyarbak\u0131r ve Kayseri&#8217;ye uzanan maceras\u0131n\u0131 nefesinizi tutarak okuyacaks\u0131n\u0131z! \ufffcTan\u0131t\u0131m Metni<\/p>\n","protected":false},"excerpt":{"rendered":"<p>\u0130stanbul trafi\u011fi, bir adam\u0131n bo\u011faz k\u00f6pr\u00fcs\u00fcn\u00fcn ortas\u0131na oturmas\u0131yla kilometrelerce kilitlenmi\u015ftir. Polis ekiplerinin uyarlar\u0131na ald\u0131r\u0131\u015f etmeyen gizemli adam\u0131n kimli\u011fini belirlemek ve kar\u0131\u015ft\u0131\u011f\u0131 olaylar\u0131 \u00e7\u00f6zmek hi\u00e7 kolay olmayacakt\u0131r.<span class=\"excerpt-hellip\"> [\u2026]<\/span><\/p>\n","protected":false},"featured_media":0,"template":"","meta":{"_monsterinsights_skip_tracking":false,"_monsterinsights_sitenote_active":false,"_monsterinsights_sitenote_note":"","_monsterinsights_sitenote_category":0},"product_brand":[],"product_cat":[12291,12711],"product_tag":[],"class_list":{"0":"post-708427","1":"product","2":"type-product","3":"status-publish","5":"product_cat-edebiyat","6":"product_cat-roman-oyku","7":"pa_cilt-ciltli","8":"pa_tur-kitap","9":"pa_yayinevi-acayip-kitaplar","10":"pa_yazar-cihangir-defterdar","12":"first","13":"instock","14":"sale","15":"shipping-taxable","16":"purchasable","17":"product-type-simple"},"_links":{"self":[{"href":"https:\/\/roveyayinevi.com.tr\/index.php\/wp-json\/wp\/v2\/product\/708427","targetHints":{"allow":["GET"]}}],"collection":[{"href":"https:\/\/roveyayinevi.com.tr\/index.php\/wp-json\/wp\/v2\/product"}],"about":[{"href":"https:\/\/roveyayinevi.com.tr\/index.php\/wp-json\/wp\/v2\/types\/product"}],"wp:attachment":[{"href":"https:\/\/roveyayinevi.com.tr\/index.php\/wp-json\/wp\/v2\/media?parent=708427"}],"wp:term":[{"taxonomy":"product_brand","embeddable":true,"href":"https:\/\/roveyayinevi.com.tr\/index.php\/wp-json\/wp\/v2\/product_brand?post=708427"},{"taxonomy":"product_cat","embeddable":true,"href":"https:\/\/roveyayinevi.com.tr\/index.php\/wp-json\/wp\/v2\/product_cat?post=708427"},{"taxonomy":"product_tag","embeddable":true,"href":"https:\/\/roveyayinevi.com.tr\/index.php\/wp-json\/wp\/v2\/product_tag?post=708427"}],"curies":[{"name":"wp","href":"https:\/\/api.w.org\/{rel}","templated":true}]}}