{"id":708426,"date":"2025-08-27T16:14:43","date_gmt":"2025-08-27T13:14:43","guid":{"rendered":"https:\/\/roveyayinevi.com.tr\/index.php\/urun\/sosyolojik-savas\/"},"modified":"2026-04-16T02:16:54","modified_gmt":"2026-04-15T23:16:54","slug":"sosyolojik-savas","status":"publish","type":"product","link":"https:\/\/roveyayinevi.com.tr\/index.php\/urun\/sosyolojik-savas\/","title":{"rendered":"Sosyolojik Sava\u015f"},"content":{"rendered":"<p>T\u00fcrkiye ve \u0130slam d\u00fcnyas\u0131, alt kimlik fay hatlar\u0131n\u0131n \u00fcretti\u011fi sosyolojik depremlerle sars\u0131l\u0131yor. Bu sars\u0131nt\u0131lar\u0131n kayna\u011f\u0131nda ise kimlikleri, kimlikler aras\u0131 ili\u015fkileri, dayan\u0131\u015fmalar\u0131 y\u0131k\u0131ma u\u011fratarak farkl\u0131 kimlikleri birbirlerine kar\u015f\u0131 Amin Maalouf\u2019un tabiriyle \u201c\u00f6l\u00fcmc\u00fcl kimlikler\u201de d\u00f6n\u00fc\u015ft\u00fcren bir sava\u015f t\u00fcr\u00fc yat\u0131yor.Bu sava\u015f t\u00fcr\u00fc, sosyoloji disiplinini, toplumsal olaylar\u0131 sadece a\u00e7\u0131klayan bir bilim olarak de\u011fil, kurgulayan ve y\u00f6neten bir bilim dal\u0131 olarak da kurnazca kullan\u0131yor.T\u00fcrkiye ve \u0130slam d\u00fcnyas\u0131 ne t\u00fcr bir sald\u0131r\u0131 ile kar\u015f\u0131 kar\u015f\u0131ya bulundu\u011funun fark\u0131nda m\u0131?Do\u011fru d\u00fc\u015fmanla ve do\u011fru silahlarla m\u0131 sava\u015f\u0131yoruz?Elinizdeki kitap, bu can al\u0131c\u0131 soruya \u201csosyolojik sava\u015f\u201d kavram\u0131 ile cevap veriyor.T\u00fcrkiye ve \u0130slam d\u00fcnyas\u0131n\u0131n sosyolojik kapasitesini hedef alan \u201csosyolojik sava\u015f\u201d klasik silahlar\u0131n de\u011fil sosyolojik silahlar\u0131n kullan\u0131ld\u0131\u011f\u0131 bir sava\u015f t\u00fcr\u00fc.Elinizdeki kitap, bize sava\u015f sahas\u0131nda adeta bir ke\u015fif yapt\u0131r\u0131yor: G\u00f6r\u00fcnmez d\u00fc\u015fman\u0131 a\u00e7\u0131k ediyor ve T\u00fcrkiye ile \u0130slam d\u00fcnyas\u0131na, envanterindeki hi\u00e7bir rakibinin elinde bulunmayan \u00e7ok g\u00fc\u00e7l\u00fc sosyolojik silahlar\u0131 ve bunlar\u0131n yerlerini g\u00f6steriyor.Ve bu silahlar \u00e7ekildi\u011finde, \u201ckar\u015f\u0131 sosyolojik sava\u015f\u201d ba\u015flam\u0131\u015f olacakt\u0131r&#8230; <\/p>\n","protected":false},"excerpt":{"rendered":"<p>T\u00fcrkiye ve \u0130slam d\u00fcnyas\u0131, alt kimlik fay hatlar\u0131n\u0131n \u00fcretti\u011fi sosyolojik depremlerle sars\u0131l\u0131yor. Bu sars\u0131nt\u0131lar\u0131n kayna\u011f\u0131nda ise kimlikleri, kimlikler aras\u0131 ili\u015fkileri, dayan\u0131\u015fmalar\u0131 y\u0131k\u0131ma u\u011fratarak farkl\u0131 kimlikleri birbirlerine<span class=\"excerpt-hellip\"> [\u2026]<\/span><\/p>\n","protected":false},"featured_media":0,"template":"","meta":{"_monsterinsights_skip_tracking":false,"_monsterinsights_sitenote_active":false,"_monsterinsights_sitenote_note":"","_monsterinsights_sitenote_category":0},"product_brand":[],"product_cat":[12835,12324],"product_tag":[],"class_list":{"0":"post-708426","1":"product","2":"type-product","3":"status-publish","5":"product_cat-genel-sosyoloji","6":"product_cat-sosyoloji","7":"pa_cilt-ciltsiz","8":"pa_tur-kitap","9":"pa_yayinevi-timas-yayinlari","10":"pa_yazar-yusuf-caglayan","12":"first","13":"instock","14":"sale","15":"shipping-taxable","16":"purchasable","17":"product-type-simple"},"_links":{"self":[{"href":"https:\/\/roveyayinevi.com.tr\/index.php\/wp-json\/wp\/v2\/product\/708426","targetHints":{"allow":["GET"]}}],"collection":[{"href":"https:\/\/roveyayinevi.com.tr\/index.php\/wp-json\/wp\/v2\/product"}],"about":[{"href":"https:\/\/roveyayinevi.com.tr\/index.php\/wp-json\/wp\/v2\/types\/product"}],"wp:attachment":[{"href":"https:\/\/roveyayinevi.com.tr\/index.php\/wp-json\/wp\/v2\/media?parent=708426"}],"wp:term":[{"taxonomy":"product_brand","embeddable":true,"href":"https:\/\/roveyayinevi.com.tr\/index.php\/wp-json\/wp\/v2\/product_brand?post=708426"},{"taxonomy":"product_cat","embeddable":true,"href":"https:\/\/roveyayinevi.com.tr\/index.php\/wp-json\/wp\/v2\/product_cat?post=708426"},{"taxonomy":"product_tag","embeddable":true,"href":"https:\/\/roveyayinevi.com.tr\/index.php\/wp-json\/wp\/v2\/product_tag?post=708426"}],"curies":[{"name":"wp","href":"https:\/\/api.w.org\/{rel}","templated":true}]}}