{"id":708424,"date":"2025-08-27T16:14:42","date_gmt":"2025-08-27T13:14:42","guid":{"rendered":"https:\/\/roveyayinevi.com.tr\/index.php\/urun\/mekanika\/"},"modified":"2026-04-16T02:16:54","modified_gmt":"2026-04-15T23:16:54","slug":"mekanika","status":"publish","type":"product","link":"https:\/\/roveyayinevi.com.tr\/index.php\/urun\/mekanika\/","title":{"rendered":"Mekanika"},"content":{"rendered":"<p>Korkun\u00e7 \u00fcvey karde\u015fleri Nicolette\u2019i a\u015fa\u011f\u0131lamak i\u00e7in onu \u201cMekanika\u201d diye \u00e7a\u011f\u0131rmaktad\u0131rlar ama asl\u0131nda bu takma isim ona \u00e7ok uygundur, \u00e7\u00fcnk\u00fc mekanik aletlere merak\u0131n\u0131 annesinden alm\u0131\u015ft\u0131r. Annesi \u015fimdi hayatta de\u011fildir ve dahas\u0131 \u00fcvey annesi onu kendi evindebir hizmet\u00e7i yapm\u0131\u015ft\u0131r.Ancak on alt\u0131nc\u0131 ya\u015f g\u00fcn\u00fcnde Nicolette eve gizlenmi\u015f bir at\u00f6lye ke\u015ffeder ve kendisi i\u00e7in yeni bir hayat hayal etmeye ba\u015flar. O at\u00f6lyeye gizlenmi\u015f gizemli kitaplar ve makineler -ve Jules ad\u0131nda metal bir at\u0131n y\u00f6netti\u011fi mekanik yarat\u0131klar- kasvetli hayat\u0131ndan ka\u00e7mas\u0131na yard\u0131mc\u0131 olabilecek midir? Ufukta yakla\u015fan bir teknoloji fuar\u0131 ve kraliyet balosuyla, Nicolette\u2019in sonunda \u00f6zg\u00fcrl\u00fc\u011f\u00fcne kavu\u015fmas\u0131 i\u00e7in zamanlamakusursuz olabilir.Sindirella masal\u0131 zengin bir hayal g\u00fcc\u00fcyle yeniden yaz\u0131l\u0131rken, beyaz atl\u0131 prensini bulan inat\u00e7\u0131 ve dahi Nicolette asl\u0131nda masallardaki mutlu sonu hi\u00e7 istemedi\u011fini fark eder. <\/p>\n","protected":false},"excerpt":{"rendered":"<p>Korkun\u00e7 \u00fcvey karde\u015fleri Nicolette\u2019i a\u015fa\u011f\u0131lamak i\u00e7in onu \u201cMekanika\u201d diye \u00e7a\u011f\u0131rmaktad\u0131rlar ama asl\u0131nda bu takma isim ona \u00e7ok uygundur, \u00e7\u00fcnk\u00fc mekanik aletlere merak\u0131n\u0131 annesinden alm\u0131\u015ft\u0131r. Annesi \u015fimdi<span class=\"excerpt-hellip\"> [\u2026]<\/span><\/p>\n","protected":false},"featured_media":0,"template":"","meta":{"_monsterinsights_skip_tracking":false,"_monsterinsights_sitenote_active":false,"_monsterinsights_sitenote_note":"","_monsterinsights_sitenote_category":0},"product_brand":[],"product_cat":[12291,12711],"product_tag":[],"class_list":{"0":"post-708424","1":"product","2":"type-product","3":"status-publish","5":"product_cat-edebiyat","6":"product_cat-roman-oyku","7":"pa_cilt-ciltsiz","8":"pa_tur-kitap","9":"pa_yayinevi-epsilon-yayinlari","10":"pa_yazar-betsy-cornwell","12":"first","13":"instock","14":"sale","15":"shipping-taxable","16":"purchasable","17":"product-type-simple"},"_links":{"self":[{"href":"https:\/\/roveyayinevi.com.tr\/index.php\/wp-json\/wp\/v2\/product\/708424","targetHints":{"allow":["GET"]}}],"collection":[{"href":"https:\/\/roveyayinevi.com.tr\/index.php\/wp-json\/wp\/v2\/product"}],"about":[{"href":"https:\/\/roveyayinevi.com.tr\/index.php\/wp-json\/wp\/v2\/types\/product"}],"wp:attachment":[{"href":"https:\/\/roveyayinevi.com.tr\/index.php\/wp-json\/wp\/v2\/media?parent=708424"}],"wp:term":[{"taxonomy":"product_brand","embeddable":true,"href":"https:\/\/roveyayinevi.com.tr\/index.php\/wp-json\/wp\/v2\/product_brand?post=708424"},{"taxonomy":"product_cat","embeddable":true,"href":"https:\/\/roveyayinevi.com.tr\/index.php\/wp-json\/wp\/v2\/product_cat?post=708424"},{"taxonomy":"product_tag","embeddable":true,"href":"https:\/\/roveyayinevi.com.tr\/index.php\/wp-json\/wp\/v2\/product_tag?post=708424"}],"curies":[{"name":"wp","href":"https:\/\/api.w.org\/{rel}","templated":true}]}}