{"id":708421,"date":"2025-08-27T16:14:40","date_gmt":"2025-08-27T13:14:40","guid":{"rendered":"https:\/\/roveyayinevi.com.tr\/index.php\/urun\/arda-alyanak\/"},"modified":"2026-04-16T02:16:54","modified_gmt":"2026-04-15T23:16:54","slug":"arda-alyanak","status":"publish","type":"product","link":"https:\/\/roveyayinevi.com.tr\/index.php\/urun\/arda-alyanak\/","title":{"rendered":"Arda Alyanak"},"content":{"rendered":"<p>Hadi bakal\u0131m, alt etmemiz gereken neler var! Arda utanga\u00e7 bir \u00e7ocuktur. Ne zaman, arkada\u015f\u0131 Elvan\u2019\u0131 g\u00f6rse, t\u00f6kezlese, s\u0131n\u0131fta derse kalkmas\u0131 gerekse, ge\u00e7 kalsa hemen y\u00fcz\u00fc k\u0131zarmaya ba\u015flar. Bu y\u00fczden, arkada\u015flar\u0131n\u0131n alay konusu olur. Ancak bir g\u00fcn, Arda eski boks\u00f6r Deniz Dede\u2019sinin antren\u00f6rl\u00fc\u011f\u00fcnde utanga\u00e7l\u0131\u011f\u0131n\u0131 alt etmek i\u00e7in haz\u0131rl\u0131klara ba\u015flar. Arda parktaki herkesin, hatta kar\u0131ncalar\u0131n bile g\u00f6zlerinin kendi \u00fcst\u00fcnde oldu\u011funu hissediyordu. Herkesin g\u00f6z\u00fc, onun yanan y\u00fcz\u00fcne far gibi \u0131\u015f\u0131k tutuyordu sanki. Nas\u0131l yapmal\u0131, ne etmeli de bu yang\u0131na son vermeliydi? \ufffcTan\u0131t\u0131m Metni<\/p>\n","protected":false},"excerpt":{"rendered":"<p>Hadi bakal\u0131m, alt etmemiz gereken neler var! Arda utanga\u00e7 bir \u00e7ocuktur. Ne zaman, arkada\u015f\u0131 Elvan\u2019\u0131 g\u00f6rse, t\u00f6kezlese, s\u0131n\u0131fta derse kalkmas\u0131 gerekse, ge\u00e7 kalsa hemen y\u00fcz\u00fc k\u0131zarmaya<span class=\"excerpt-hellip\"> [\u2026]<\/span><\/p>\n","protected":false},"featured_media":0,"template":"","meta":{"_monsterinsights_skip_tracking":false,"_monsterinsights_sitenote_active":false,"_monsterinsights_sitenote_note":"","_monsterinsights_sitenote_category":0},"product_brand":[],"product_cat":[12275,12274],"product_tag":[],"class_list":{"0":"post-708421","1":"product","2":"type-product","3":"status-publish","5":"product_cat-6-12-yas-kitaplari","6":"product_cat-cocuk-ve-genclik-kitaplari","7":"pa_cilt-ciltsiz","8":"pa_tur-kitap","9":"pa_yayinevi-yapi-kredi-yayinlari","10":"pa_yazar-daniela-palumbo","12":"first","13":"instock","14":"sale","15":"shipping-taxable","16":"purchasable","17":"product-type-simple"},"_links":{"self":[{"href":"https:\/\/roveyayinevi.com.tr\/index.php\/wp-json\/wp\/v2\/product\/708421","targetHints":{"allow":["GET"]}}],"collection":[{"href":"https:\/\/roveyayinevi.com.tr\/index.php\/wp-json\/wp\/v2\/product"}],"about":[{"href":"https:\/\/roveyayinevi.com.tr\/index.php\/wp-json\/wp\/v2\/types\/product"}],"wp:attachment":[{"href":"https:\/\/roveyayinevi.com.tr\/index.php\/wp-json\/wp\/v2\/media?parent=708421"}],"wp:term":[{"taxonomy":"product_brand","embeddable":true,"href":"https:\/\/roveyayinevi.com.tr\/index.php\/wp-json\/wp\/v2\/product_brand?post=708421"},{"taxonomy":"product_cat","embeddable":true,"href":"https:\/\/roveyayinevi.com.tr\/index.php\/wp-json\/wp\/v2\/product_cat?post=708421"},{"taxonomy":"product_tag","embeddable":true,"href":"https:\/\/roveyayinevi.com.tr\/index.php\/wp-json\/wp\/v2\/product_tag?post=708421"}],"curies":[{"name":"wp","href":"https:\/\/api.w.org\/{rel}","templated":true}]}}