{"id":708420,"date":"2025-08-27T16:14:40","date_gmt":"2025-08-27T13:14:40","guid":{"rendered":"https:\/\/roveyayinevi.com.tr\/index.php\/urun\/korku-kulturu-2\/"},"modified":"2026-04-16T02:16:54","modified_gmt":"2026-04-15T23:16:54","slug":"korku-kulturu-2","status":"publish","type":"product","link":"https:\/\/roveyayinevi.com.tr\/index.php\/urun\/korku-kulturu-2\/","title":{"rendered":"Korku K\u00fclt\u00fcr\u00fc"},"content":{"rendered":"<p>Ni\u00e7in \u201cM\u0131\u015f\u201d Gibi Ya\u015f\u0131yoruz? \u201cBen\u201d de\u011fil \u201cbiz\u201d diyen g\u00fc\u00e7l\u00fcd\u00fcr. Toplum olarak \u201cbiz\u201d kimli\u011fimizi ke\u015ffetmek ve ya\u015famak zorunday\u0131z. Bar\u0131\u015f, huzur, \u00fcretim, geli\u015fme i\u00e7inde \u00f6zg\u00fcrce ya\u015famam\u0131z, \u201cbiz\u201d diyebilmemize ba\u011fl\u0131. Evinin temizli\u011fine titizlikle dikkat etti\u011fimiz halde, nas\u0131l oluyor da yollarda, kald\u0131r\u0131mlarda, parklarda, kumsalda arkam\u0131zda bir \u00e7\u00f6pl\u00fck b\u0131rak\u0131yoruz? Neden engelliler i\u00e7in ayr\u0131lm\u0131\u015f park yerlerine, engelli olmad\u0131\u011f\u0131m\u0131z halde arac\u0131m\u0131z\u0131 park ediyoruz? \u201cSadece ben\u201d diyen insan nas\u0131l yeti\u015fiyor? K\u00f6t\u00fc insanlar de\u011filiz, ama birbirimize k\u00f6t\u00fc davran\u0131yoruz. Bizim gibi d\u00fc\u015f\u00fcnmeyenleri dinlemek bile istemiyoruz ve hemen \u00f6tekile\u015ftiriyoruz. N\u0130\u00c7\u0130N? On g\u00fcnl\u00fck bir T\u00fcrkiye yolculu\u011funda g\u00fcnl\u00fck g\u00f6zlemlerle bu ve benzer sorular\u0131n cevab\u0131n\u0131 bulmak i\u00e7in bir sohbet olu\u015fturduk. \u00dc\u00e7 ki\u015fiydik; ben Do\u011fan, bu kitab\u0131n yazar\u0131; Timur, tatil i\u00e7in Amerika\u2019dan gelen otuz ya\u015flar\u0131nda o\u011flum ve Arif \u00f6\u011fretmen. Neden \u201csadece ben\u201d demenin \u00f6tesinde \u201cbiz\u201d diyemedi\u011fimizi anlamaya \u00e7al\u0131\u015ft\u0131k. Neler ke\u015ffetti\u011fimizi merak ediyorsan\u0131z, buyurun sohbetimize siz de kat\u0131l\u0131n. \ufffcTan\u0131t\u0131m Metni<\/p>\n","protected":false},"excerpt":{"rendered":"<p>Ni\u00e7in \u201cM\u0131\u015f\u201d Gibi Ya\u015f\u0131yoruz? \u201cBen\u201d de\u011fil \u201cbiz\u201d diyen g\u00fc\u00e7l\u00fcd\u00fcr. Toplum olarak \u201cbiz\u201d kimli\u011fimizi ke\u015ffetmek ve ya\u015famak zorunday\u0131z. Bar\u0131\u015f, huzur, \u00fcretim, geli\u015fme i\u00e7inde \u00f6zg\u00fcrce ya\u015famam\u0131z, \u201cbiz\u201d diyebilmemize<span class=\"excerpt-hellip\"> [\u2026]<\/span><\/p>\n","protected":false},"featured_media":0,"template":"","meta":{"_monsterinsights_skip_tracking":false,"_monsterinsights_sitenote_active":false,"_monsterinsights_sitenote_note":"","_monsterinsights_sitenote_category":0},"product_brand":[],"product_cat":[12831,12324],"product_tag":[],"class_list":{"0":"post-708420","1":"product","2":"type-product","3":"status-publish","5":"product_cat-aile-ve-cocuk","6":"product_cat-sosyoloji","7":"pa_cilt-ciltsiz","8":"pa_tur-kitap","9":"pa_yayinevi-remzi-kitabevi","10":"pa_yazar-dogan-cuceloglu","12":"first","13":"instock","14":"sale","15":"shipping-taxable","16":"purchasable","17":"product-type-simple"},"_links":{"self":[{"href":"https:\/\/roveyayinevi.com.tr\/index.php\/wp-json\/wp\/v2\/product\/708420","targetHints":{"allow":["GET"]}}],"collection":[{"href":"https:\/\/roveyayinevi.com.tr\/index.php\/wp-json\/wp\/v2\/product"}],"about":[{"href":"https:\/\/roveyayinevi.com.tr\/index.php\/wp-json\/wp\/v2\/types\/product"}],"wp:attachment":[{"href":"https:\/\/roveyayinevi.com.tr\/index.php\/wp-json\/wp\/v2\/media?parent=708420"}],"wp:term":[{"taxonomy":"product_brand","embeddable":true,"href":"https:\/\/roveyayinevi.com.tr\/index.php\/wp-json\/wp\/v2\/product_brand?post=708420"},{"taxonomy":"product_cat","embeddable":true,"href":"https:\/\/roveyayinevi.com.tr\/index.php\/wp-json\/wp\/v2\/product_cat?post=708420"},{"taxonomy":"product_tag","embeddable":true,"href":"https:\/\/roveyayinevi.com.tr\/index.php\/wp-json\/wp\/v2\/product_tag?post=708420"}],"curies":[{"name":"wp","href":"https:\/\/api.w.org\/{rel}","templated":true}]}}