{"id":708419,"date":"2025-08-27T16:14:40","date_gmt":"2025-08-27T13:14:40","guid":{"rendered":"https:\/\/roveyayinevi.com.tr\/index.php\/urun\/dogu-bati-dergi-79-sayi-devrimler-ii\/"},"modified":"2026-04-16T02:16:54","modified_gmt":"2026-04-15T23:16:54","slug":"dogu-bati-dergi-79-sayi-devrimler-ii","status":"publish","type":"product","link":"https:\/\/roveyayinevi.com.tr\/index.php\/urun\/dogu-bati-dergi-79-sayi-devrimler-ii\/","title":{"rendered":"Do\u011fu Bat\u0131 Dergi 79. Say\u0131 Devrimler -II"},"content":{"rendered":"<p>DEVR\u0130MLER II   Arma\u011fan \u00d6zt\u00fcrk Kolektivist Bakunin versus  Kom\u00fcnist Marx   Hilal Onur \u0130nce Reform ve Devrim Diyalekti\u011fi \u00dczerine \u2013 Rosa Luxemburg ve \u0130nsan Merkezli Devrim   Maria Tamboukou Devrimi D\u00fc\u015flemek ve Ya\u015famak: Rosa Luxemburg\u2019un Mektup ve Yaz\u0131lar\u0131n\u0131n Arendt\u00e7i Bir Okumas\u0131   Onurcan \u00dclker Mao\u2019nun Miras\u0131: Devrim \u0130\u00e7inde Devrim   Kemal Bak\u0131r Paul Goodman Siyasette, E\u011fitimde\/Gen\u00e7likte ve Hayatta Devrim   \u00c7a\u011fr\u0131 Ery\u0131lmaz \u00dc\u00e7\u00fcnc\u00fc Do\u011fa i\u00e7in \u00dc\u00e7\u00fcnc\u00fc Devrim   Filiz Kartal \u0130ran \u0130sl\u00e2m Devrimi: Ayk\u0131r\u0131 Bir Devrimin Arka Plan\u0131   Peter Seeberg \u0130ran Devrimi, 1977-79: Etkile\u015fim ve D\u00f6n\u00fc\u015f\u00fcm   Farzin Vahdat 1979 \u0130ran Devrimi \u00dczerine D\u00fc\u015f\u00fcnceler: \u00d6znelik ve Vatanda\u015fl\u0131\u011f\u0131n Y\u00fckseli\u015fi   Yavuz Y\u0131ld\u0131r\u0131m 1968\u2019ten 2000\u2019lere Yeni Toplumsal Hareketlerden Yeniden Toplumsal Hareketlere   Asef Bayat Arap Bahar\u0131\u2019n\u0131n Ayaktak\u0131m\u0131   Soner Torlak Zapatistalar: Salyangozun Uzun Y\u00fcr\u00fcy\u00fc\u015f\u00fc <\/p>\n","protected":false},"excerpt":{"rendered":"<p>DEVR\u0130MLER II Arma\u011fan \u00d6zt\u00fcrk Kolektivist Bakunin versus Kom\u00fcnist Marx Hilal Onur \u0130nce Reform ve Devrim Diyalekti\u011fi \u00dczerine \u2013 Rosa Luxemburg ve \u0130nsan Merkezli Devrim Maria Tamboukou<span class=\"excerpt-hellip\"> [\u2026]<\/span><\/p>\n","protected":false},"featured_media":0,"template":"","meta":{"_monsterinsights_skip_tracking":false,"_monsterinsights_sitenote_active":false,"_monsterinsights_sitenote_note":"","_monsterinsights_sitenote_category":0},"product_brand":[],"product_cat":[13527],"product_tag":[],"class_list":{"0":"post-708419","1":"product","2":"type-product","3":"status-publish","5":"product_cat-sureli-yayinlar","6":"pa_cilt-ciltsiz","7":"pa_tur-dergi","8":"pa_yayinevi-dogu-bati-dergileri","9":"pa_yazar-kolektif","11":"first","12":"instock","13":"sale","14":"shipping-taxable","15":"purchasable","16":"product-type-simple"},"_links":{"self":[{"href":"https:\/\/roveyayinevi.com.tr\/index.php\/wp-json\/wp\/v2\/product\/708419","targetHints":{"allow":["GET"]}}],"collection":[{"href":"https:\/\/roveyayinevi.com.tr\/index.php\/wp-json\/wp\/v2\/product"}],"about":[{"href":"https:\/\/roveyayinevi.com.tr\/index.php\/wp-json\/wp\/v2\/types\/product"}],"wp:attachment":[{"href":"https:\/\/roveyayinevi.com.tr\/index.php\/wp-json\/wp\/v2\/media?parent=708419"}],"wp:term":[{"taxonomy":"product_brand","embeddable":true,"href":"https:\/\/roveyayinevi.com.tr\/index.php\/wp-json\/wp\/v2\/product_brand?post=708419"},{"taxonomy":"product_cat","embeddable":true,"href":"https:\/\/roveyayinevi.com.tr\/index.php\/wp-json\/wp\/v2\/product_cat?post=708419"},{"taxonomy":"product_tag","embeddable":true,"href":"https:\/\/roveyayinevi.com.tr\/index.php\/wp-json\/wp\/v2\/product_tag?post=708419"}],"curies":[{"name":"wp","href":"https:\/\/api.w.org\/{rel}","templated":true}]}}