{"id":708418,"date":"2025-08-27T16:14:39","date_gmt":"2025-08-27T13:14:39","guid":{"rendered":"https:\/\/roveyayinevi.com.tr\/index.php\/urun\/buyukannem-cebimde\/"},"modified":"2026-04-11T13:35:59","modified_gmt":"2026-04-11T10:35:59","slug":"buyukannem-cebimde","status":"publish","type":"product","link":"https:\/\/roveyayinevi.com.tr\/index.php\/urun\/buyukannem-cebimde\/","title":{"rendered":"B\u00fcy\u00fckannem Cebimde"},"content":{"rendered":"<p>Arkada\u015flar\u0131, prenses bir annesi ve oyuncu bir babas\u0131 oldu\u011fu i\u00e7in \u00e7ok \u015fansl\u0131 oldu\u011funu s\u00f6yleseler de k\u00fc\u00e7\u00fck Elias\u2019\u0131n boyundan b\u00fcy\u00fck bir derdi var. Annesi ve babas\u0131 hep me\u015fgul; hep me\u015fgul! D\u00fc\u015f\u00fcnsenize; yedi ya\u015f\u0131na gelmi\u015fsiniz ve \u2018Uzayl\u0131lar\u2019 oyununun nas\u0131l oynand\u0131\u011f\u0131n\u0131 h\u00e2l\u00e2 bilmeyen bir anneye ve u\u00e7urtma yapmay\u0131 do\u011fru d\u00fcr\u00fcst \u00f6\u011frenememi\u015f bir babaya sahipsiniz. Olacak \u015fey de\u011fil! O zaman Kes-Pis-Kokulu-S\u00fcm\u00fckl\u00fc-\u00c7i\u015fli-Mantar-Teke! Yeter Be!  Can s\u0131k\u0131nt\u0131s\u0131n\u0131, bu \u015fekilde sayd\u0131ra sayd\u0131ra gidermeye \u00e7al\u0131\u015fan Elias\u2019a g\u00f6re hayatlar\u0131ndaki en \u00f6nemli eksiklik, annesinin de babas\u0131n\u0131n da art\u0131k birer ebeveyninin bulunmamas\u0131. Ve tan\u0131d\u0131\u011f\u0131 b\u00fct\u00fcn arkada\u015flar\u0131n\u0131n aksine, Elias\u2019\u0131n da ne bir b\u00fcy\u00fckannesi ne de bir b\u00fcy\u00fckbabas\u0131 var. Ah! Ne olurdu \u00e7ocukluk an\u0131lar\u0131n\u0131 ard\u0131 ard\u0131na on kez severek anlatabilecek pamuk bir b\u00fcy\u00fckanneye ya da kendisini hafta sonlar\u0131 parka g\u00f6t\u00fcrebilecek tonton bir b\u00fcy\u00fckbabaya sahip olabilseydi\u2026 Elias\u2019\u0131n bu b\u00fcy\u00fck derdinin \u00e7aresi, ufac\u0131k, minicik, k\u0131p\u0131r k\u0131rp\u0131r, z\u0131p z\u0131p bir sar\u0131 yumurtada gizli. \u00dcstelik bu yumurtan\u0131n i\u00e7erisinde mucizevi bir s\u00fcrpriz sakl\u0131: Sar\u0131 kanatl\u0131, cep boy bir b\u00fcy\u00fckanne! Ya\u015fas\u0131n! Tam da Elias\u2019\u0131n hayalini kurdu\u011fu \u015fey. Ninecik, \u015fark\u0131 s\u00f6ylemek ve y\u00fczmek gibi baz\u0131 \u015feyleri do\u011fu\u015ftan yapabiliyor. Ama y\u00fcr\u00fcmek, y\u0131kanmak ve konu\u015fmak gibi temel \u015feyleri bir t\u00fcrl\u00fc beceremiyor. Birilerinin ona yol g\u00f6stermesi gerekiyor. Elas\u2019\u0131n i\u015fi zor. \u00c7\u00fcnk\u00fc e\u011fer yumurtadan \u00e7\u0131kan kanatal\u0131 bir b\u00fcy\u00fckanneniz varsa, hayat\u0131n\u0131z bir hayli ilgin\u00e7le\u015fecek demektir&#8230; \u00c7ek yazar Iva Proch\u00e1zkov\u00e1\u2019n\u0131n i\u00e7inizi ya\u015fam sevinciyle dolduracak naif kitab\u0131 B\u00fcy\u00fckannem Cebimde, yaln\u0131zl\u0131k \u00e7eken \u00e7ocuklar\u0131n d\u00fc\u015flerini renklendirecek s\u0131cac\u0131k bir dostluk \u00f6yk\u00fcs\u00fc anlat\u0131yor. Marion Goedelt\u2019in g\u00f6z al\u0131c\u0131 resimleriyle ete kemi\u011fe b\u00fcr\u00fcnen sevimli Ninecik, y\u00fcz\u00fcn\u00fcze tatl\u0131 bir \u00f6p\u00fcc\u00fck kondurabilmek i\u00e7in burnunuzu uzatman\u0131z\u0131 bekliyor. Haydi, ne duruyorsunuz!?.. <\/p>\n","protected":false},"excerpt":{"rendered":"<p>Arkada\u015flar\u0131, prenses bir annesi ve oyuncu bir babas\u0131 oldu\u011fu i\u00e7in \u00e7ok \u015fansl\u0131 oldu\u011funu s\u00f6yleseler de k\u00fc\u00e7\u00fck Elias\u2019\u0131n boyundan b\u00fcy\u00fck bir derdi var. Annesi ve babas\u0131 hep<span class=\"excerpt-hellip\"> [\u2026]<\/span><\/p>\n","protected":false},"featured_media":0,"template":"","meta":{"_monsterinsights_skip_tracking":false,"_monsterinsights_sitenote_active":false,"_monsterinsights_sitenote_note":"","_monsterinsights_sitenote_category":0},"product_brand":[],"product_cat":[12275,12274],"product_tag":[],"class_list":{"0":"post-708418","1":"product","2":"type-product","3":"status-publish","5":"product_cat-6-12-yas-kitaplari","6":"product_cat-cocuk-ve-genclik-kitaplari","7":"pa_cilt-ciltsiz","8":"pa_tur-kitap","9":"pa_yayinevi-tudem-yayinlari","10":"pa_yazar-iva-prochazkova","12":"first","13":"instock","14":"sale","15":"shipping-taxable","16":"purchasable","17":"product-type-simple"},"_links":{"self":[{"href":"https:\/\/roveyayinevi.com.tr\/index.php\/wp-json\/wp\/v2\/product\/708418","targetHints":{"allow":["GET"]}}],"collection":[{"href":"https:\/\/roveyayinevi.com.tr\/index.php\/wp-json\/wp\/v2\/product"}],"about":[{"href":"https:\/\/roveyayinevi.com.tr\/index.php\/wp-json\/wp\/v2\/types\/product"}],"wp:attachment":[{"href":"https:\/\/roveyayinevi.com.tr\/index.php\/wp-json\/wp\/v2\/media?parent=708418"}],"wp:term":[{"taxonomy":"product_brand","embeddable":true,"href":"https:\/\/roveyayinevi.com.tr\/index.php\/wp-json\/wp\/v2\/product_brand?post=708418"},{"taxonomy":"product_cat","embeddable":true,"href":"https:\/\/roveyayinevi.com.tr\/index.php\/wp-json\/wp\/v2\/product_cat?post=708418"},{"taxonomy":"product_tag","embeddable":true,"href":"https:\/\/roveyayinevi.com.tr\/index.php\/wp-json\/wp\/v2\/product_tag?post=708418"}],"curies":[{"name":"wp","href":"https:\/\/api.w.org\/{rel}","templated":true}]}}