{"id":708417,"date":"2025-08-27T16:14:39","date_gmt":"2025-08-27T13:14:39","guid":{"rendered":"https:\/\/roveyayinevi.com.tr\/index.php\/urun\/dunya-tarihinin-yapisi-uretim-tarzlarindan-mubadele-tarzlarina\/"},"modified":"2026-04-16T02:16:54","modified_gmt":"2026-04-15T23:16:54","slug":"dunya-tarihinin-yapisi-uretim-tarzlarindan-mubadele-tarzlarina","status":"publish","type":"product","link":"https:\/\/roveyayinevi.com.tr\/index.php\/urun\/dunya-tarihinin-yapisi-uretim-tarzlarindan-mubadele-tarzlarina\/","title":{"rendered":"D\u00fcnya Tarihinin Yap\u0131s\u0131: \u00dcretim Tarzlar\u0131ndan M\u00fcbadele Tarzlar\u0131na"},"content":{"rendered":"<p>Toplumsal formasyonlar tarihini m\u00fcbadele tarzlar\u0131 perspektifinden yeniden de\u011ferlendirmeye y\u00f6nelik bir giri\u015fim bu kitap \u2013 g\u00fcn\u00fcm\u00fcz Sermaye-Ulus-Devlet sistemini kavray\u0131p a\u015fma \u00e7abas\u0131n\u0131n bir \u00fcr\u00fcn\u00fc.Marx\u2019\u0131n d\u00fcnya tarihi versiyonunu sistematik bir bi\u00e7imde yeniden okuyan Karatani ele\u015ftirinin odak noktas\u0131n\u0131 \u00fcretim tarzlar\u0131ndan m\u00fcbadele tarzlar\u0131na kayd\u0131r\u0131yor. G\u00f6\u00e7ebe kabilelerin ay\u0131rt edici \u00f6zelli\u011fi olan kaynaklar\u0131 ortak bir havuzda toplamay\u0131, yerle\u015fik tar\u0131m\u0131n benimsenmesinden sonra geli\u015ftirilen arma\u011fan m\u00fcbadelesi sistemlerini, devletin do\u011fu\u015fuyla birlikte ortaya \u00e7\u0131kan korunmaya kar\u015f\u0131l\u0131k itaat m\u00fcbadelesini, kapitalizme damgas\u0131n\u0131 vuran meta m\u00fcbadelelerini inceliyor ve gelece\u011fin bir m\u00fcbadele tarz\u0131 olarak arma\u011fan m\u00fcbadelesinin d\u00f6n\u00fc\u015f\u00fc \u00fczerinde duruyor. Karatani\u2019ye g\u00f6re mevcut Sermaye-Ulus-Devlet \u00fc\u00e7l\u00fc sisteminin a\u015f\u0131lmas\u0131 anlam\u0131na gelen bu nihai a\u015famay\u0131 kavraman\u0131n en iyi yolu Kant\u2019\u0131n ebedi bar\u0131\u015f \u00fczerine yaz\u0131lar\u0131ndan ge\u00e7iyor.\u201cTarih\u00e7ilerden okumaya al\u0131\u015fk\u0131n oldu\u011fumuz t\u00fcrden bir d\u00fcnya tarihi de\u011fil bu,\u201d diyor Karatani, \u201camac\u0131m, \u00e7e\u015fitli temel m\u00fcbadele tarzlar\u0131 aras\u0131ndaki ili\u015fkilerin a\u015fk\u0131n bir ele\u015ftirisini yapmak. Yani d\u00fcnya tarihinde meydana gelmi\u015f \u00fc\u00e7 b\u00fcy\u00fck de\u011fi\u015fimi <\/p>\n","protected":false},"excerpt":{"rendered":"<p>Toplumsal formasyonlar tarihini m\u00fcbadele tarzlar\u0131 perspektifinden yeniden de\u011ferlendirmeye y\u00f6nelik bir giri\u015fim bu kitap \u2013 g\u00fcn\u00fcm\u00fcz Sermaye-Ulus-Devlet sistemini kavray\u0131p a\u015fma \u00e7abas\u0131n\u0131n bir \u00fcr\u00fcn\u00fc.Marx\u2019\u0131n d\u00fcnya tarihi versiyonunu sistematik<span class=\"excerpt-hellip\"> [\u2026]<\/span><\/p>\n","protected":false},"featured_media":0,"template":"","meta":{"_monsterinsights_skip_tracking":false,"_monsterinsights_sitenote_active":false,"_monsterinsights_sitenote_note":"","_monsterinsights_sitenote_category":0},"product_brand":[],"product_cat":[13590,12337],"product_tag":[],"class_list":{"0":"post-708417","1":"product","2":"type-product","3":"status-publish","5":"product_cat-arastirma-inceleme-politika-siyaset","6":"product_cat-politika-siyaset","7":"pa_cilt-ciltsiz","8":"pa_tur-kitap","9":"pa_yayinevi-metis-yayinlari","10":"pa_yazar-kojin-karatani","12":"first","13":"instock","14":"sale","15":"shipping-taxable","16":"purchasable","17":"product-type-simple"},"_links":{"self":[{"href":"https:\/\/roveyayinevi.com.tr\/index.php\/wp-json\/wp\/v2\/product\/708417","targetHints":{"allow":["GET"]}}],"collection":[{"href":"https:\/\/roveyayinevi.com.tr\/index.php\/wp-json\/wp\/v2\/product"}],"about":[{"href":"https:\/\/roveyayinevi.com.tr\/index.php\/wp-json\/wp\/v2\/types\/product"}],"wp:attachment":[{"href":"https:\/\/roveyayinevi.com.tr\/index.php\/wp-json\/wp\/v2\/media?parent=708417"}],"wp:term":[{"taxonomy":"product_brand","embeddable":true,"href":"https:\/\/roveyayinevi.com.tr\/index.php\/wp-json\/wp\/v2\/product_brand?post=708417"},{"taxonomy":"product_cat","embeddable":true,"href":"https:\/\/roveyayinevi.com.tr\/index.php\/wp-json\/wp\/v2\/product_cat?post=708417"},{"taxonomy":"product_tag","embeddable":true,"href":"https:\/\/roveyayinevi.com.tr\/index.php\/wp-json\/wp\/v2\/product_tag?post=708417"}],"curies":[{"name":"wp","href":"https:\/\/api.w.org\/{rel}","templated":true}]}}