{"id":708416,"date":"2025-08-27T16:14:38","date_gmt":"2025-08-27T13:14:38","guid":{"rendered":"https:\/\/roveyayinevi.com.tr\/index.php\/urun\/hababam-sinifi-sinifta-kaldi\/"},"modified":"2026-04-16T02:16:54","modified_gmt":"2026-04-15T23:16:54","slug":"hababam-sinifi-sinifta-kaldi","status":"publish","type":"product","link":"https:\/\/roveyayinevi.com.tr\/index.php\/urun\/hababam-sinifi-sinifta-kaldi\/","title":{"rendered":"Hababam S\u0131n\u0131f\u0131 S\u0131n\u0131fta Kald\u0131"},"content":{"rendered":"<p>Edebiyat\u0131m\u0131z\u0131n \u201cKoca \u00c7\u0131nar\u201d\u0131 R\u0131fat Ilgaz\u2019\u0131n Hababam S\u0131n\u0131f\u0131,topluma tutulmu\u015f m\u00fcthi\u015f bir aynad\u0131r.Hababam S\u0131n\u0131f\u0131&#8230; Her okulda vard\u0131r b\u00f6yle bir s\u0131n\u0131f! Derslerde \u015fiirler, mektuplar yaz\u0131l\u0131r; akla hayale gelmeyecek \u015fakalar yap\u0131l\u0131r. Dersi kaynatmak, s\u00f6zl\u00fcden ya da yaz\u0131l\u0131dan kurtulmak i\u00e7in bin bir haylazl\u0131k&#8230;\u0130lk bask\u0131s\u0131 1971 y\u0131l\u0131nda yap\u0131lan Hababam S\u0131n\u0131f\u0131 S\u0131n\u0131fta Kald\u0131\u2019da s\u0131n\u0131f\u0131n haylazlar\u0131n\u0131n \u015famatas\u0131 devam ediyor. R\u0131fat Ilgaz, e\u011fitim sistemindeki bozuklu\u011fu, y\u00f6neticilerin ve e\u011fitimcilerin halini, \u00f6\u011frencilerin g\u00f6z\u00fcnden aktarmaya devam ediyor bu kitapta da&#8230;R\u0131fat Ilgaz\u2019\u0131n Hababam S\u0131n\u0131f\u0131 roman\u0131ndan uyarlad\u0131\u011f\u0131 Hababam S\u0131n\u0131f\u0131 S\u0131n\u0131fta Kald\u0131, Hababam S\u0131n\u0131f\u0131 Bask\u0131nda ve Hababam S\u0131n\u0131f\u0131 Uyan\u0131yor adl\u0131 tiyatro oyunlar\u0131n\u0131 okurken, kendinizi hi\u00e7 yabanc\u0131s\u0131 olmad\u0131\u011f\u0131n\u0131z s\u0131n\u0131f\u0131n \u015fenlikli ortam\u0131nda bulacaks\u0131n\u0131z.Hepimizin s\u0131n\u0131f arkada\u015flar\u0131m\u0131za, hocalar\u0131m\u0131za, derslerimize ait birbirinden ilgin\u00e7 an\u0131lar\u0131 var. Kitapta bu an\u0131lar\u0131n birka\u00e7\u0131na rastlayacaks\u0131n\u0131z; kiminiz \u00e7ocukluk, kiminiz ilkgen\u00e7lik g\u00fcnlerinizi yeniden ya\u015fayacaks\u0131n\u0131z.S\u0131n\u0131fta kalan kim? Sistem mi, Hababam S\u0131n\u0131f\u0131 m\u0131? <\/p>\n","protected":false},"excerpt":{"rendered":"<p>Edebiyat\u0131m\u0131z\u0131n \u201cKoca \u00c7\u0131nar\u201d\u0131 R\u0131fat Ilgaz\u2019\u0131n Hababam S\u0131n\u0131f\u0131,topluma tutulmu\u015f m\u00fcthi\u015f bir aynad\u0131r.Hababam S\u0131n\u0131f\u0131&#8230; Her okulda vard\u0131r b\u00f6yle bir s\u0131n\u0131f! Derslerde \u015fiirler, mektuplar yaz\u0131l\u0131r; akla hayale gelmeyecek \u015fakalar<span class=\"excerpt-hellip\"> [\u2026]<\/span><\/p>\n","protected":false},"featured_media":0,"template":"","meta":{"_monsterinsights_skip_tracking":false,"_monsterinsights_sitenote_active":false,"_monsterinsights_sitenote_note":"","_monsterinsights_sitenote_category":0},"product_brand":[],"product_cat":[12275,12274],"product_tag":[],"class_list":{"0":"post-708416","1":"product","2":"type-product","3":"status-publish","5":"product_cat-6-12-yas-kitaplari","6":"product_cat-cocuk-ve-genclik-kitaplari","7":"pa_cilt-ciltsiz","8":"pa_tur-kitap","9":"pa_yayinevi-cinar-yayinlari","10":"pa_yazar-rifat-ilgaz","12":"first","13":"instock","14":"sale","15":"shipping-taxable","16":"purchasable","17":"product-type-simple"},"_links":{"self":[{"href":"https:\/\/roveyayinevi.com.tr\/index.php\/wp-json\/wp\/v2\/product\/708416","targetHints":{"allow":["GET"]}}],"collection":[{"href":"https:\/\/roveyayinevi.com.tr\/index.php\/wp-json\/wp\/v2\/product"}],"about":[{"href":"https:\/\/roveyayinevi.com.tr\/index.php\/wp-json\/wp\/v2\/types\/product"}],"wp:attachment":[{"href":"https:\/\/roveyayinevi.com.tr\/index.php\/wp-json\/wp\/v2\/media?parent=708416"}],"wp:term":[{"taxonomy":"product_brand","embeddable":true,"href":"https:\/\/roveyayinevi.com.tr\/index.php\/wp-json\/wp\/v2\/product_brand?post=708416"},{"taxonomy":"product_cat","embeddable":true,"href":"https:\/\/roveyayinevi.com.tr\/index.php\/wp-json\/wp\/v2\/product_cat?post=708416"},{"taxonomy":"product_tag","embeddable":true,"href":"https:\/\/roveyayinevi.com.tr\/index.php\/wp-json\/wp\/v2\/product_tag?post=708416"}],"curies":[{"name":"wp","href":"https:\/\/api.w.org\/{rel}","templated":true}]}}