{"id":708415,"date":"2025-08-27T16:14:38","date_gmt":"2025-08-27T13:14:38","guid":{"rendered":"https:\/\/roveyayinevi.com.tr\/index.php\/urun\/hababam-sinifi-baskinda\/"},"modified":"2026-04-16T02:16:54","modified_gmt":"2026-04-15T23:16:54","slug":"hababam-sinifi-baskinda","status":"publish","type":"product","link":"https:\/\/roveyayinevi.com.tr\/index.php\/urun\/hababam-sinifi-baskinda\/","title":{"rendered":"Hababam S\u0131n\u0131f\u0131 Bask\u0131nda"},"content":{"rendered":"<p>Edebiyat\u0131m\u0131z\u0131n \u201cKoca \u00c7\u0131nar\u201d\u0131 R\u0131fat Ilgaz\u2019\u0131n Hababam S\u0131n\u0131f\u0131, topluma tutulmu\u015f m\u00fcthi\u015f bir aynad\u0131r.Hababam S\u0131n\u0131f\u0131 Bask\u0131nda\u2019da, s\u0131n\u0131f\u0131n haylazlar\u0131 bu kez insafs\u0131z m\u00fcd\u00fcre kar\u015f\u0131 m\u00fccadele ediyor. Okulun erzak\u0131n\u0131n her ge\u00e7en g\u00fcn azald\u0131\u011f\u0131n\u0131 fark eden \u00f6\u011frenciler m\u00fcd\u00fcre su\u00e7\u00fcst\u00fc yapmaya haz\u0131rlan\u0131yorlar. Ald\u0131\u011f\u0131 onca paraya ra\u011fmen \u00f6\u011frencilerin hi\u00e7bir ihtiyac\u0131n\u0131 kar\u015f\u0131lamayan, hatta var olan imk\u00e2nlar\u0131 da kendisi i\u00e7in kullanmaya kalk\u0131\u015fan m\u00fcd\u00fcr\u00fcn dersini yine Hababam S\u0131n\u0131f\u0131 veriyor.R\u0131fat Ilgaz\u2019\u0131n Hababam S\u0131n\u0131f\u0131 roman\u0131ndan uyarlad\u0131\u011f\u0131 Hababam S\u0131n\u0131f\u0131 S\u0131n\u0131fta Kald\u0131, Hababam S\u0131n\u0131f\u0131 Bask\u0131nda ve Hababam S\u0131n\u0131f\u0131 Uyan\u0131yor adl\u0131 tiyatro oyunlar\u0131n\u0131 okurken, kendinizi hi\u00e7 yabanc\u0131s\u0131 olmad\u0131\u011f\u0131n\u0131z s\u0131n\u0131f\u0131n \u015fenlikli ortam\u0131nda bulacaks\u0131n\u0131z.Hepimizin s\u0131n\u0131f arkada\u015flar\u0131m\u0131za, hocalar\u0131m\u0131za, derslerimize ait birbirinden ilgin\u00e7 an\u0131lar\u0131 var. Kitapta bu an\u0131lar\u0131n birka\u00e7\u0131na rastlayacaks\u0131n\u0131z; kiminiz \u00e7ocukluk, kiminiz ilkgen\u00e7lik g\u00fcnlerinizi yeniden ya\u015fayacaks\u0131n\u0131z.Haydi s\u0131n\u0131fa&#8230; <\/p>\n","protected":false},"excerpt":{"rendered":"<p>Edebiyat\u0131m\u0131z\u0131n \u201cKoca \u00c7\u0131nar\u201d\u0131 R\u0131fat Ilgaz\u2019\u0131n Hababam S\u0131n\u0131f\u0131, topluma tutulmu\u015f m\u00fcthi\u015f bir aynad\u0131r.Hababam S\u0131n\u0131f\u0131 Bask\u0131nda\u2019da, s\u0131n\u0131f\u0131n haylazlar\u0131 bu kez insafs\u0131z m\u00fcd\u00fcre kar\u015f\u0131 m\u00fccadele ediyor. Okulun erzak\u0131n\u0131n her<span class=\"excerpt-hellip\"> [\u2026]<\/span><\/p>\n","protected":false},"featured_media":0,"template":"","meta":{"_monsterinsights_skip_tracking":false,"_monsterinsights_sitenote_active":false,"_monsterinsights_sitenote_note":"","_monsterinsights_sitenote_category":0},"product_brand":[],"product_cat":[12291,12711],"product_tag":[],"class_list":{"0":"post-708415","1":"product","2":"type-product","3":"status-publish","5":"product_cat-edebiyat","6":"product_cat-roman-oyku","7":"pa_cilt-ciltsiz","8":"pa_tur-kitap","9":"pa_yayinevi-cinar-yayinlari","10":"pa_yazar-rifat-ilgaz","12":"first","13":"instock","14":"sale","15":"shipping-taxable","16":"purchasable","17":"product-type-simple"},"_links":{"self":[{"href":"https:\/\/roveyayinevi.com.tr\/index.php\/wp-json\/wp\/v2\/product\/708415","targetHints":{"allow":["GET"]}}],"collection":[{"href":"https:\/\/roveyayinevi.com.tr\/index.php\/wp-json\/wp\/v2\/product"}],"about":[{"href":"https:\/\/roveyayinevi.com.tr\/index.php\/wp-json\/wp\/v2\/types\/product"}],"wp:attachment":[{"href":"https:\/\/roveyayinevi.com.tr\/index.php\/wp-json\/wp\/v2\/media?parent=708415"}],"wp:term":[{"taxonomy":"product_brand","embeddable":true,"href":"https:\/\/roveyayinevi.com.tr\/index.php\/wp-json\/wp\/v2\/product_brand?post=708415"},{"taxonomy":"product_cat","embeddable":true,"href":"https:\/\/roveyayinevi.com.tr\/index.php\/wp-json\/wp\/v2\/product_cat?post=708415"},{"taxonomy":"product_tag","embeddable":true,"href":"https:\/\/roveyayinevi.com.tr\/index.php\/wp-json\/wp\/v2\/product_tag?post=708415"}],"curies":[{"name":"wp","href":"https:\/\/api.w.org\/{rel}","templated":true}]}}