{"id":708414,"date":"2025-08-27T16:14:37","date_gmt":"2025-08-27T13:14:37","guid":{"rendered":"https:\/\/roveyayinevi.com.tr\/index.php\/urun\/limon-agacinin-sarkisi\/"},"modified":"2026-04-16T02:16:54","modified_gmt":"2026-04-15T23:16:54","slug":"limon-agacinin-sarkisi","status":"publish","type":"product","link":"https:\/\/roveyayinevi.com.tr\/index.php\/urun\/limon-agacinin-sarkisi\/","title":{"rendered":"Limon A\u011fac\u0131n\u0131n \u015eark\u0131s\u0131"},"content":{"rendered":"<p>Dal\u0131mda bir kanarya\u015eak\u0131y\u0131p duruyorduBirden \u015funu fark ettimBir \u015fark\u0131 s\u00f6yl\u00fcyordu.\u00d6nce biraz dinledimSonra ona seslendim\u201cBu \u015fark\u0131y\u0131 bana da\u00d6\u011fretir misin?\u201d dedim. <\/p>\n","protected":false},"excerpt":{"rendered":"<p>Dal\u0131mda bir kanarya\u015eak\u0131y\u0131p duruyorduBirden \u015funu fark ettimBir \u015fark\u0131 s\u00f6yl\u00fcyordu.\u00d6nce biraz dinledimSonra ona seslendim\u201cBu \u015fark\u0131y\u0131 bana da\u00d6\u011fretir misin?\u201d dedim.<\/p>\n","protected":false},"featured_media":0,"template":"","meta":{"_monsterinsights_skip_tracking":false,"_monsterinsights_sitenote_active":false,"_monsterinsights_sitenote_note":"","_monsterinsights_sitenote_category":0},"product_brand":[],"product_cat":[12275,12274],"product_tag":[],"class_list":{"0":"post-708414","1":"product","2":"type-product","3":"status-publish","5":"product_cat-6-12-yas-kitaplari","6":"product_cat-cocuk-ve-genclik-kitaplari","7":"pa_cilt-ciltsiz","8":"pa_tur-kitap","9":"pa_yayinevi-kirmizi-kedi-yayinevi","10":"pa_yazar-arslan-sayman","12":"first","13":"instock","14":"sale","15":"shipping-taxable","16":"purchasable","17":"product-type-simple"},"_links":{"self":[{"href":"https:\/\/roveyayinevi.com.tr\/index.php\/wp-json\/wp\/v2\/product\/708414","targetHints":{"allow":["GET"]}}],"collection":[{"href":"https:\/\/roveyayinevi.com.tr\/index.php\/wp-json\/wp\/v2\/product"}],"about":[{"href":"https:\/\/roveyayinevi.com.tr\/index.php\/wp-json\/wp\/v2\/types\/product"}],"wp:attachment":[{"href":"https:\/\/roveyayinevi.com.tr\/index.php\/wp-json\/wp\/v2\/media?parent=708414"}],"wp:term":[{"taxonomy":"product_brand","embeddable":true,"href":"https:\/\/roveyayinevi.com.tr\/index.php\/wp-json\/wp\/v2\/product_brand?post=708414"},{"taxonomy":"product_cat","embeddable":true,"href":"https:\/\/roveyayinevi.com.tr\/index.php\/wp-json\/wp\/v2\/product_cat?post=708414"},{"taxonomy":"product_tag","embeddable":true,"href":"https:\/\/roveyayinevi.com.tr\/index.php\/wp-json\/wp\/v2\/product_tag?post=708414"}],"curies":[{"name":"wp","href":"https:\/\/api.w.org\/{rel}","templated":true}]}}