{"id":708413,"date":"2025-08-27T16:14:37","date_gmt":"2025-08-27T13:14:37","guid":{"rendered":"https:\/\/roveyayinevi.com.tr\/index.php\/urun\/hababam-sinifi-uyaniyor\/"},"modified":"2026-04-16T02:16:54","modified_gmt":"2026-04-15T23:16:54","slug":"hababam-sinifi-uyaniyor","status":"publish","type":"product","link":"https:\/\/roveyayinevi.com.tr\/index.php\/urun\/hababam-sinifi-uyaniyor\/","title":{"rendered":"Hababam S\u0131n\u0131f\u0131 Uyan\u0131yor"},"content":{"rendered":"<p>Edebiyat\u0131m\u0131z\u0131n \u201cKoca \u00c7\u0131nar\u201d\u0131 R\u0131fat Ilgaz\u2019\u0131n Hababam S\u0131n\u0131f\u0131,topluma tutulmu\u015f m\u00fcthi\u015f bir aynad\u0131r.Hababam S\u0131n\u0131f\u0131&#8230; Okulun \u00f6\u011fretmenleri onlar\u0131 \u201ctembel, yaramaz ve kopyac\u0131\u201d diye su\u00e7lasa da bu sevimli haylazlar otoriter e\u011fitim sistemine kar\u015f\u0131 kendilerini farkl\u0131 yollarla ifade ediyorlar.Hababam S\u0131n\u0131f\u0131 Uyan\u0131yor\u2019da, kahramanlar\u0131m\u0131z\u0131n ba\u015f\u0131 bu kez edebiyat \u00f6\u011fretmenleri Piyale \u0130hsan\u2019la dertte. Hababam, bu s\u0131k\u0131nt\u0131dan kurtulabilmenin yollar\u0131n\u0131 ar\u0131yor. Piyale \u0130hsan \u00f6\u011frencilere ezberlemeleri i\u00e7in \u00e7ok uzun ve zor bir \u015fiir veriyor. Hababam S\u0131n\u0131f\u0131\u2019n\u0131n \u201ctembelleri\u201dnin bunu ba\u015faramayaca\u011f\u0131na ve kopyaya ba\u015fvuracaklar\u0131na inan\u0131yor.Ama unuttu\u011fu bir \u015fey var: Kar\u015f\u0131s\u0131ndaki Hababam S\u0131n\u0131f\u0131&#8230;R\u0131fat Ilgaz\u2019\u0131n Hababam S\u0131n\u0131f\u0131 roman\u0131ndan uyarlad\u0131\u011f\u0131 Hababam S\u0131n\u0131f\u0131 S\u0131n\u0131fta Kald\u0131, Hababam S\u0131n\u0131f\u0131 Bask\u0131nda ve Hababam S\u0131n\u0131f\u0131 Uyan\u0131yor adl\u0131 tiyatro oyunlar\u0131n\u0131 okurken, kendinizi hi\u00e7 yabanc\u0131s\u0131 olmad\u0131\u011f\u0131n\u0131z s\u0131n\u0131f\u0131n \u015fenlikli ortam\u0131nda bulacaks\u0131n\u0131z.Hababam hep ezilecek de\u011fil ya. \u0130\u015fte uyan\u0131yorlar&#8230; <\/p>\n","protected":false},"excerpt":{"rendered":"<p>Edebiyat\u0131m\u0131z\u0131n \u201cKoca \u00c7\u0131nar\u201d\u0131 R\u0131fat Ilgaz\u2019\u0131n Hababam S\u0131n\u0131f\u0131,topluma tutulmu\u015f m\u00fcthi\u015f bir aynad\u0131r.Hababam S\u0131n\u0131f\u0131&#8230; Okulun \u00f6\u011fretmenleri onlar\u0131 \u201ctembel, yaramaz ve kopyac\u0131\u201d diye su\u00e7lasa da bu sevimli haylazlar otoriter<span class=\"excerpt-hellip\"> [\u2026]<\/span><\/p>\n","protected":false},"featured_media":0,"template":"","meta":{"_monsterinsights_skip_tracking":false,"_monsterinsights_sitenote_active":false,"_monsterinsights_sitenote_note":"","_monsterinsights_sitenote_category":0},"product_brand":[],"product_cat":[12275,12274],"product_tag":[],"class_list":{"0":"post-708413","1":"product","2":"type-product","3":"status-publish","5":"product_cat-6-12-yas-kitaplari","6":"product_cat-cocuk-ve-genclik-kitaplari","7":"pa_cilt-ciltsiz","8":"pa_tur-kitap","9":"pa_yayinevi-cinar-yayinlari","10":"pa_yazar-rifat-ilgaz","12":"first","13":"instock","14":"sale","15":"shipping-taxable","16":"purchasable","17":"product-type-simple"},"_links":{"self":[{"href":"https:\/\/roveyayinevi.com.tr\/index.php\/wp-json\/wp\/v2\/product\/708413","targetHints":{"allow":["GET"]}}],"collection":[{"href":"https:\/\/roveyayinevi.com.tr\/index.php\/wp-json\/wp\/v2\/product"}],"about":[{"href":"https:\/\/roveyayinevi.com.tr\/index.php\/wp-json\/wp\/v2\/types\/product"}],"wp:attachment":[{"href":"https:\/\/roveyayinevi.com.tr\/index.php\/wp-json\/wp\/v2\/media?parent=708413"}],"wp:term":[{"taxonomy":"product_brand","embeddable":true,"href":"https:\/\/roveyayinevi.com.tr\/index.php\/wp-json\/wp\/v2\/product_brand?post=708413"},{"taxonomy":"product_cat","embeddable":true,"href":"https:\/\/roveyayinevi.com.tr\/index.php\/wp-json\/wp\/v2\/product_cat?post=708413"},{"taxonomy":"product_tag","embeddable":true,"href":"https:\/\/roveyayinevi.com.tr\/index.php\/wp-json\/wp\/v2\/product_tag?post=708413"}],"curies":[{"name":"wp","href":"https:\/\/api.w.org\/{rel}","templated":true}]}}