{"id":708412,"date":"2025-08-27T16:14:36","date_gmt":"2025-08-27T13:14:36","guid":{"rendered":"https:\/\/roveyayinevi.com.tr\/index.php\/urun\/kazakca-konusma-kilavuzu\/"},"modified":"2025-10-23T04:09:38","modified_gmt":"2025-10-23T01:09:38","slug":"kazakca-konusma-kilavuzu","status":"publish","type":"product","link":"https:\/\/roveyayinevi.com.tr\/index.php\/urun\/kazakca-konusma-kilavuzu\/","title":{"rendered":"Kazak\u00e7a Konu\u015fma K\u0131lavuzu"},"content":{"rendered":"<p>Bul T\u00fcrk\u00e7e tila\u015far kitap\u00e7\u0131s\u0131 T\u00fcrk\u00e7e \u00fcyreniv cane sayahattardacan\u0131n\u0131zda birge bolv \u00fc\u00e7in day\u0131ndald\u0131. T\u00fcrk\u00e7e s\u00f6zderdi tvra d\u0131b\u0131stav \u00fc\u00e7in, s\u00f6zderdi T\u00fcrk alfavitimencaz\u0131ld\u0131. Cane bul T\u00fcrk\u00e7e tila\u015fard\u0131n kasetteri de kerek bol\u011fan-dar\u011fa day\u0131ndald\u0131. T\u00fcrk\u00e7e men kazak\u00e7an\u0131n gramatikas\u0131 sal\u0131st\u0131r\u0131ld\u0131. Keybir kazak\u00e7agramatikas\u0131n\u0131n negizgi kuraldar\u0131 da caz\u0131ld\u0131. \ufffc<\/p>\n","protected":false},"excerpt":{"rendered":"<p>Bul T\u00fcrk\u00e7e tila\u015far kitap\u00e7\u0131s\u0131 T\u00fcrk\u00e7e \u00fcyreniv cane sayahattardacan\u0131n\u0131zda birge bolv \u00fc\u00e7in day\u0131ndald\u0131. T\u00fcrk\u00e7e s\u00f6zderdi tvra d\u0131b\u0131stav \u00fc\u00e7in, s\u00f6zderdi T\u00fcrk alfavitimencaz\u0131ld\u0131. Cane bul T\u00fcrk\u00e7e tila\u015fard\u0131n kasetteri de<span class=\"excerpt-hellip\"> [\u2026]<\/span><\/p>\n","protected":false},"featured_media":0,"template":"","meta":{"_monsterinsights_skip_tracking":false,"_monsterinsights_sitenote_active":false,"_monsterinsights_sitenote_note":"","_monsterinsights_sitenote_category":0},"product_brand":[],"product_cat":[12472],"product_tag":[],"class_list":{"0":"post-708412","1":"product","2":"type-product","3":"status-publish","5":"product_cat-yabanci-dilde-kitaplar","6":"pa_cilt-ciltsiz","7":"pa_tur-kitap","8":"pa_yayinevi-engin-yayinevi","9":"pa_yazar-kollektif","11":"first","12":"instock","13":"sale","14":"shipping-taxable","15":"purchasable","16":"product-type-simple"},"_links":{"self":[{"href":"https:\/\/roveyayinevi.com.tr\/index.php\/wp-json\/wp\/v2\/product\/708412","targetHints":{"allow":["GET"]}}],"collection":[{"href":"https:\/\/roveyayinevi.com.tr\/index.php\/wp-json\/wp\/v2\/product"}],"about":[{"href":"https:\/\/roveyayinevi.com.tr\/index.php\/wp-json\/wp\/v2\/types\/product"}],"wp:attachment":[{"href":"https:\/\/roveyayinevi.com.tr\/index.php\/wp-json\/wp\/v2\/media?parent=708412"}],"wp:term":[{"taxonomy":"product_brand","embeddable":true,"href":"https:\/\/roveyayinevi.com.tr\/index.php\/wp-json\/wp\/v2\/product_brand?post=708412"},{"taxonomy":"product_cat","embeddable":true,"href":"https:\/\/roveyayinevi.com.tr\/index.php\/wp-json\/wp\/v2\/product_cat?post=708412"},{"taxonomy":"product_tag","embeddable":true,"href":"https:\/\/roveyayinevi.com.tr\/index.php\/wp-json\/wp\/v2\/product_tag?post=708412"}],"curies":[{"name":"wp","href":"https:\/\/api.w.org\/{rel}","templated":true}]}}