{"id":708411,"date":"2025-08-27T16:14:36","date_gmt":"2025-08-27T13:14:36","guid":{"rendered":"https:\/\/roveyayinevi.com.tr\/index.php\/urun\/iffet-i-kalp\/"},"modified":"2026-04-16T02:16:54","modified_gmt":"2026-04-15T23:16:54","slug":"iffet-i-kalp","status":"publish","type":"product","link":"https:\/\/roveyayinevi.com.tr\/index.php\/urun\/iffet-i-kalp\/","title":{"rendered":"\u0130ffet-i Kalp"},"content":{"rendered":"<p>A\u011fl\u0131yorum\u2026 Her an\u0131ma bir g\u00f6zya\u015f\u0131 daml\u0131yor.   Biliyorum, kelimeydi o.   Varl\u0131\u011f\u0131 yoklu\u011fun ellerinden kurtaran kelamd\u0131.   En g\u00fczel kudretin kelimesiydi o. \u00dcfledi, \u00e2m\u00e2 g\u00f6zler a\u00e7\u0131ld\u0131; dermans\u0131z dertler iyile\u015fti; \u00f6l\u00fcler dirildi.   Kelimemdi o benim. Biricik kelimesiydi annesi Meryem\u2019in. Vakit ak\u015fam\u2026 \u0130sa\u2019m\u0131n m\u00fcjdesi kulaklar\u0131mda: \u201cBen gidiyorum, o gelsin! Faraklit gelsin Ahyet gelsin!\u201dNuriye \u00c7ele\u011fen Hz. \u0130sa\u2019n\u0131n m\u00fcbarek annesi Hz. Meryem&#8217;i, \u201ciffetini en g\u00fczel \u015fekilde koruyan&#8221; o kalp \u00e7i\u00e7e\u011finin as\u0131rlara \u0131\u015f\u0131k tutan hik\u00e2yesini dupduru bir dille anlat\u0131yor.Meryem olman\u0131n, velayet mertebesinde bir \u201ckul\u201d olman\u0131n, en b\u00fcy\u00fck peygamberlerden birini yeti\u015ftiren bir \u201canne\u201d olman\u0131n kalplere nak\u0131\u015f gibi i\u015flenecek \u00f6yk\u00fcs\u00fc&#8230; <\/p>\n","protected":false},"excerpt":{"rendered":"<p>A\u011fl\u0131yorum\u2026 Her an\u0131ma bir g\u00f6zya\u015f\u0131 daml\u0131yor. Biliyorum, kelimeydi o. Varl\u0131\u011f\u0131 yoklu\u011fun ellerinden kurtaran kelamd\u0131. En g\u00fczel kudretin kelimesiydi o. \u00dcfledi, \u00e2m\u00e2 g\u00f6zler a\u00e7\u0131ld\u0131; dermans\u0131z dertler iyile\u015fti;<span class=\"excerpt-hellip\"> [\u2026]<\/span><\/p>\n","protected":false},"featured_media":0,"template":"","meta":{"_monsterinsights_skip_tracking":false,"_monsterinsights_sitenote_active":false,"_monsterinsights_sitenote_note":"","_monsterinsights_sitenote_category":0},"product_brand":[],"product_cat":[19998,12388],"product_tag":[],"class_list":{"0":"post-708411","1":"product","2":"type-product","3":"status-publish","5":"product_cat-din-felsefesi","6":"product_cat-felsefe","7":"pa_cilt-ciltsiz","8":"pa_tur-kitap","9":"pa_yayinevi-timas-yayinlari","10":"pa_yazar-nuriye-celegen","12":"first","13":"instock","14":"sale","15":"shipping-taxable","16":"purchasable","17":"product-type-simple"},"_links":{"self":[{"href":"https:\/\/roveyayinevi.com.tr\/index.php\/wp-json\/wp\/v2\/product\/708411","targetHints":{"allow":["GET"]}}],"collection":[{"href":"https:\/\/roveyayinevi.com.tr\/index.php\/wp-json\/wp\/v2\/product"}],"about":[{"href":"https:\/\/roveyayinevi.com.tr\/index.php\/wp-json\/wp\/v2\/types\/product"}],"wp:attachment":[{"href":"https:\/\/roveyayinevi.com.tr\/index.php\/wp-json\/wp\/v2\/media?parent=708411"}],"wp:term":[{"taxonomy":"product_brand","embeddable":true,"href":"https:\/\/roveyayinevi.com.tr\/index.php\/wp-json\/wp\/v2\/product_brand?post=708411"},{"taxonomy":"product_cat","embeddable":true,"href":"https:\/\/roveyayinevi.com.tr\/index.php\/wp-json\/wp\/v2\/product_cat?post=708411"},{"taxonomy":"product_tag","embeddable":true,"href":"https:\/\/roveyayinevi.com.tr\/index.php\/wp-json\/wp\/v2\/product_tag?post=708411"}],"curies":[{"name":"wp","href":"https:\/\/api.w.org\/{rel}","templated":true}]}}