{"id":708409,"date":"2025-08-27T16:14:35","date_gmt":"2025-08-27T13:14:35","guid":{"rendered":"https:\/\/roveyayinevi.com.tr\/index.php\/urun\/kalbimin-efendisi-set-3-kitap\/"},"modified":"2026-04-16T02:16:54","modified_gmt":"2026-04-15T23:16:54","slug":"kalbimin-efendisi-set-3-kitap","status":"publish","type":"product","link":"https:\/\/roveyayinevi.com.tr\/index.php\/urun\/kalbimin-efendisi-set-3-kitap\/","title":{"rendered":"Kalbimin Efendisi &#8211; Set (3 Kitap)"},"content":{"rendered":"<p>\u0130nsan\u0131 insana k\u00f6le olmaktan kurtaran ve b\u00fct\u00fcn insanl\u0131\u011f\u0131 kucaklayan \u0130slam dinini daha iyi anlamak i\u00e7in Peygamberimizi (sav) daha yak\u0131ndan tan\u0131maya ihtiyac\u0131m\u0131z var\u2026 Kalbimin Efendisi, b\u00fct\u00fcnl\u00fc\u011f\u00fc ve ak\u0131c\u0131 anlat\u0131m\u0131yla; Peygamberimizi(sav) yery\u00fcz\u00fcndeki b\u00fct\u00fcn insanlardan farkl\u0131 k\u0131lan edep ve ahlak \u00fcst\u00fcnl\u00fc\u011f\u00fcyle tan\u0131mam\u0131za yard\u0131mc\u0131 oluyor\u2026 Peygamberimizi (sav) daha yak\u0131ndan tan\u0131mak ve O&#8217;nun (sav) rehberli\u011finde bir hayat s\u00fcrd\u00fcrmek isteyenlere&#8230;<\/p>\n","protected":false},"excerpt":{"rendered":"<p>\u0130nsan\u0131 insana k\u00f6le olmaktan kurtaran ve b\u00fct\u00fcn insanl\u0131\u011f\u0131 kucaklayan \u0130slam dinini daha iyi anlamak i\u00e7in Peygamberimizi (sav) daha yak\u0131ndan tan\u0131maya ihtiyac\u0131m\u0131z var\u2026 Kalbimin Efendisi, b\u00fct\u00fcnl\u00fc\u011f\u00fc ve<span class=\"excerpt-hellip\"> [\u2026]<\/span><\/p>\n","protected":false},"featured_media":0,"template":"","meta":{"_monsterinsights_skip_tracking":false,"_monsterinsights_sitenote_active":false,"_monsterinsights_sitenote_note":"","_monsterinsights_sitenote_category":0},"product_brand":[],"product_cat":[12274,18802],"product_tag":[],"class_list":{"0":"post-708409","1":"product","2":"type-product","3":"status-publish","5":"product_cat-cocuk-ve-genclik-kitaplari","6":"product_cat-din-egitimi","7":"pa_cilt-set","8":"pa_tur-kitap","9":"pa_yayinevi-genc-timas","10":"pa_yazar-salih-suruc","12":"first","13":"instock","14":"sale","15":"shipping-taxable","16":"purchasable","17":"product-type-simple"},"_links":{"self":[{"href":"https:\/\/roveyayinevi.com.tr\/index.php\/wp-json\/wp\/v2\/product\/708409","targetHints":{"allow":["GET"]}}],"collection":[{"href":"https:\/\/roveyayinevi.com.tr\/index.php\/wp-json\/wp\/v2\/product"}],"about":[{"href":"https:\/\/roveyayinevi.com.tr\/index.php\/wp-json\/wp\/v2\/types\/product"}],"wp:attachment":[{"href":"https:\/\/roveyayinevi.com.tr\/index.php\/wp-json\/wp\/v2\/media?parent=708409"}],"wp:term":[{"taxonomy":"product_brand","embeddable":true,"href":"https:\/\/roveyayinevi.com.tr\/index.php\/wp-json\/wp\/v2\/product_brand?post=708409"},{"taxonomy":"product_cat","embeddable":true,"href":"https:\/\/roveyayinevi.com.tr\/index.php\/wp-json\/wp\/v2\/product_cat?post=708409"},{"taxonomy":"product_tag","embeddable":true,"href":"https:\/\/roveyayinevi.com.tr\/index.php\/wp-json\/wp\/v2\/product_tag?post=708409"}],"curies":[{"name":"wp","href":"https:\/\/api.w.org\/{rel}","templated":true}]}}