{"id":708408,"date":"2025-08-27T16:14:35","date_gmt":"2025-08-27T13:14:35","guid":{"rendered":"https:\/\/roveyayinevi.com.tr\/index.php\/urun\/kalbimin-efendisi-peygamberimizin-medine-donemi\/"},"modified":"2026-04-16T02:16:54","modified_gmt":"2026-04-15T23:16:54","slug":"kalbimin-efendisi-peygamberimizin-medine-donemi","status":"publish","type":"product","link":"https:\/\/roveyayinevi.com.tr\/index.php\/urun\/kalbimin-efendisi-peygamberimizin-medine-donemi\/","title":{"rendered":"Kalbimin Efendisi &#8211; Peygamberimizin Medine D\u00f6nemi"},"content":{"rendered":"<p>Kalbimin Efendisi serisinin bu kitab\u0131nda, Peygamberimizin(sav) Medine D\u00f6nemi&#8217;nde \u0130slam d\u00fc\u015fmanlar\u0131na kar\u015f\u0131 verdi\u011fi kutlu m\u00fccadelelere ve h\u0131zla yay\u0131lan \u0130slamiyet&#8217;in \u00f6rnek bir toplum taraf\u0131ndan nas\u0131l ya\u015fand\u0131\u011f\u0131na \u015fahit olacaks\u0131n\u0131z\u2026 \u0130nsan\u0131 insana k\u00f6le olmaktan kurtaran, b\u00fct\u00fcn insanl\u0131\u011f\u0131 kucaklayan \u0130slam dinini daha iyi anlamak ve Peygamber Efendimiz\u2019i (sav) daha yak\u0131ndan tan\u0131mak isteyenlere&#8230; <\/p>\n","protected":false},"excerpt":{"rendered":"<p>Kalbimin Efendisi serisinin bu kitab\u0131nda, Peygamberimizin(sav) Medine D\u00f6nemi&#8217;nde \u0130slam d\u00fc\u015fmanlar\u0131na kar\u015f\u0131 verdi\u011fi kutlu m\u00fccadelelere ve h\u0131zla yay\u0131lan \u0130slamiyet&#8217;in \u00f6rnek bir toplum taraf\u0131ndan nas\u0131l ya\u015fand\u0131\u011f\u0131na \u015fahit olacaks\u0131n\u0131z\u2026<span class=\"excerpt-hellip\"> [\u2026]<\/span><\/p>\n","protected":false},"featured_media":0,"template":"","meta":{"_monsterinsights_skip_tracking":false,"_monsterinsights_sitenote_active":false,"_monsterinsights_sitenote_note":"","_monsterinsights_sitenote_category":0},"product_brand":[],"product_cat":[12274,18802],"product_tag":[],"class_list":{"0":"post-708408","1":"product","2":"type-product","3":"status-publish","5":"product_cat-cocuk-ve-genclik-kitaplari","6":"product_cat-din-egitimi","7":"pa_cilt-ciltsiz","8":"pa_tur-kitap","9":"pa_yayinevi-gulce-kitap","10":"pa_yazar-salih-suruc","12":"first","13":"instock","14":"sale","15":"shipping-taxable","16":"purchasable","17":"product-type-simple"},"_links":{"self":[{"href":"https:\/\/roveyayinevi.com.tr\/index.php\/wp-json\/wp\/v2\/product\/708408","targetHints":{"allow":["GET"]}}],"collection":[{"href":"https:\/\/roveyayinevi.com.tr\/index.php\/wp-json\/wp\/v2\/product"}],"about":[{"href":"https:\/\/roveyayinevi.com.tr\/index.php\/wp-json\/wp\/v2\/types\/product"}],"wp:attachment":[{"href":"https:\/\/roveyayinevi.com.tr\/index.php\/wp-json\/wp\/v2\/media?parent=708408"}],"wp:term":[{"taxonomy":"product_brand","embeddable":true,"href":"https:\/\/roveyayinevi.com.tr\/index.php\/wp-json\/wp\/v2\/product_brand?post=708408"},{"taxonomy":"product_cat","embeddable":true,"href":"https:\/\/roveyayinevi.com.tr\/index.php\/wp-json\/wp\/v2\/product_cat?post=708408"},{"taxonomy":"product_tag","embeddable":true,"href":"https:\/\/roveyayinevi.com.tr\/index.php\/wp-json\/wp\/v2\/product_tag?post=708408"}],"curies":[{"name":"wp","href":"https:\/\/api.w.org\/{rel}","templated":true}]}}