{"id":708406,"date":"2025-08-27T16:14:34","date_gmt":"2025-08-27T13:14:34","guid":{"rendered":"https:\/\/roveyayinevi.com.tr\/index.php\/urun\/kalbimin-efendisi-peygamberimizin-cocuklugu-ve-gencligi\/"},"modified":"2026-04-16T02:16:54","modified_gmt":"2026-04-15T23:16:54","slug":"kalbimin-efendisi-peygamberimizin-cocuklugu-ve-gencligi","status":"publish","type":"product","link":"https:\/\/roveyayinevi.com.tr\/index.php\/urun\/kalbimin-efendisi-peygamberimizin-cocuklugu-ve-gencligi\/","title":{"rendered":"Kalbimin Efendisi-Peygamberimizin \u00c7ocuklu\u011fu ve Gen\u00e7li\u011fi"},"content":{"rendered":"<p>Kalbimin Efendisi\u2019ni okurken, Peygamber Efendimiz\u2019in (sav) d\u00fcnyaya geli\u015fi ile ger\u00e7ekle\u015fen mucizelere, kendisine vahiy gelmeden \u00f6nceki ya\u015fam\u0131na, O\u2019nu herkesten farkl\u0131 k\u0131lan g\u00fcvenirli\u011fine, adaletine ve her ne olursa olsun asla taviz vermedi\u011fi edep ve ahlak g\u00fczelli\u011fine \u015fahit olacaks\u0131n\u0131z\u2026\u0130nsan\u0131 insana k\u00f6le olmaktan kurtaran, b\u00fct\u00fcn insanl\u0131\u011f\u0131 kucaklayan \u0130slam dinini daha iyi anlamak ve Peygamber Efendimiz\u2019i (sav) daha yak\u0131ndan tan\u0131mak isteyenlere&#8230; <\/p>\n","protected":false},"excerpt":{"rendered":"<p>Kalbimin Efendisi\u2019ni okurken, Peygamber Efendimiz\u2019in (sav) d\u00fcnyaya geli\u015fi ile ger\u00e7ekle\u015fen mucizelere, kendisine vahiy gelmeden \u00f6nceki ya\u015fam\u0131na, O\u2019nu herkesten farkl\u0131 k\u0131lan g\u00fcvenirli\u011fine, adaletine ve her ne olursa<span class=\"excerpt-hellip\"> [\u2026]<\/span><\/p>\n","protected":false},"featured_media":0,"template":"","meta":{"_monsterinsights_skip_tracking":false,"_monsterinsights_sitenote_active":false,"_monsterinsights_sitenote_note":"","_monsterinsights_sitenote_category":0},"product_brand":[],"product_cat":[12275,12274],"product_tag":[],"class_list":{"0":"post-708406","1":"product","2":"type-product","3":"status-publish","5":"product_cat-6-12-yas-kitaplari","6":"product_cat-cocuk-ve-genclik-kitaplari","7":"pa_cilt-ciltsiz","8":"pa_tur-kitap","9":"pa_yayinevi-genc-timas","10":"pa_yazar-salih-suruc","12":"first","13":"instock","14":"sale","15":"shipping-taxable","16":"purchasable","17":"product-type-simple"},"_links":{"self":[{"href":"https:\/\/roveyayinevi.com.tr\/index.php\/wp-json\/wp\/v2\/product\/708406","targetHints":{"allow":["GET"]}}],"collection":[{"href":"https:\/\/roveyayinevi.com.tr\/index.php\/wp-json\/wp\/v2\/product"}],"about":[{"href":"https:\/\/roveyayinevi.com.tr\/index.php\/wp-json\/wp\/v2\/types\/product"}],"wp:attachment":[{"href":"https:\/\/roveyayinevi.com.tr\/index.php\/wp-json\/wp\/v2\/media?parent=708406"}],"wp:term":[{"taxonomy":"product_brand","embeddable":true,"href":"https:\/\/roveyayinevi.com.tr\/index.php\/wp-json\/wp\/v2\/product_brand?post=708406"},{"taxonomy":"product_cat","embeddable":true,"href":"https:\/\/roveyayinevi.com.tr\/index.php\/wp-json\/wp\/v2\/product_cat?post=708406"},{"taxonomy":"product_tag","embeddable":true,"href":"https:\/\/roveyayinevi.com.tr\/index.php\/wp-json\/wp\/v2\/product_tag?post=708406"}],"curies":[{"name":"wp","href":"https:\/\/api.w.org\/{rel}","templated":true}]}}