{"id":708404,"date":"2025-08-27T16:14:33","date_gmt":"2025-08-27T13:14:33","guid":{"rendered":"https:\/\/roveyayinevi.com.tr\/index.php\/urun\/adim-adim-hayvanlari-ciz-bakalim\/"},"modified":"2026-04-16T02:16:53","modified_gmt":"2026-04-15T23:16:53","slug":"adim-adim-hayvanlari-ciz-bakalim","status":"publish","type":"product","link":"https:\/\/roveyayinevi.com.tr\/index.php\/urun\/adim-adim-hayvanlari-ciz-bakalim\/","title":{"rendered":"Ad\u0131m Ad\u0131m Hayvanlar\u0131 C\u0327iz Bakal\u0131m"},"content":{"rendered":"<p>Timsah, kelebek, aslan ve daha bir\u00e7ok hayvan, Yarat\u0131c\u0131l\u0131\u011f\u0131n\u0131 g\u00f6stermek istiyorsan, Bir de tekerlemelerden ho\u015flan\u0131yorsan. \u00c7izmeye ba\u015fla bakal\u0131m en ba\u015ftan! \ufffcTan\u0131t\u0131m Metni<\/p>\n","protected":false},"excerpt":{"rendered":"<p>Timsah, kelebek, aslan ve daha bir\u00e7ok hayvan, Yarat\u0131c\u0131l\u0131\u011f\u0131n\u0131 g\u00f6stermek istiyorsan, Bir de tekerlemelerden ho\u015flan\u0131yorsan. \u00c7izmeye ba\u015fla bakal\u0131m en ba\u015ftan! \ufffcTan\u0131t\u0131m Metni<\/p>\n","protected":false},"featured_media":0,"template":"","meta":{"_monsterinsights_skip_tracking":false,"_monsterinsights_sitenote_active":false,"_monsterinsights_sitenote_note":"","_monsterinsights_sitenote_category":0},"product_brand":[],"product_cat":[12913,12274],"product_tag":[],"class_list":{"0":"post-708404","1":"product","2":"type-product","3":"status-publish","5":"product_cat-3-6-yas-kitaplari","6":"product_cat-cocuk-ve-genclik-kitaplari","7":"pa_cilt-ciltsiz","8":"pa_tur-kitap","9":"pa_yayinevi-pia-cocuk-yayinlari","10":"pa_yazar-katja-mensing","12":"first","13":"instock","14":"sale","15":"shipping-taxable","16":"purchasable","17":"product-type-simple"},"_links":{"self":[{"href":"https:\/\/roveyayinevi.com.tr\/index.php\/wp-json\/wp\/v2\/product\/708404","targetHints":{"allow":["GET"]}}],"collection":[{"href":"https:\/\/roveyayinevi.com.tr\/index.php\/wp-json\/wp\/v2\/product"}],"about":[{"href":"https:\/\/roveyayinevi.com.tr\/index.php\/wp-json\/wp\/v2\/types\/product"}],"wp:attachment":[{"href":"https:\/\/roveyayinevi.com.tr\/index.php\/wp-json\/wp\/v2\/media?parent=708404"}],"wp:term":[{"taxonomy":"product_brand","embeddable":true,"href":"https:\/\/roveyayinevi.com.tr\/index.php\/wp-json\/wp\/v2\/product_brand?post=708404"},{"taxonomy":"product_cat","embeddable":true,"href":"https:\/\/roveyayinevi.com.tr\/index.php\/wp-json\/wp\/v2\/product_cat?post=708404"},{"taxonomy":"product_tag","embeddable":true,"href":"https:\/\/roveyayinevi.com.tr\/index.php\/wp-json\/wp\/v2\/product_tag?post=708404"}],"curies":[{"name":"wp","href":"https:\/\/api.w.org\/{rel}","templated":true}]}}