{"id":708403,"date":"2025-08-27T16:14:32","date_gmt":"2025-08-27T13:14:32","guid":{"rendered":"https:\/\/roveyayinevi.com.tr\/index.php\/urun\/yasam-kitabi\/"},"modified":"2026-04-16T02:16:53","modified_gmt":"2026-04-15T23:16:53","slug":"yasam-kitabi","status":"publish","type":"product","link":"https:\/\/roveyayinevi.com.tr\/index.php\/urun\/yasam-kitabi\/","title":{"rendered":"Ya\u015fam Kitab\u0131"},"content":{"rendered":"<p>13 ya\u015f\u0131ndayken d\u00fcnya \u00f6\u011fretmeni se\u00e7ilen Krishnamurti, hayat\u0131n\u0131 d\u00fcnyay\u0131 dola\u015farak, insanlarla  ya\u015fama ve d\u00fcnyaya dair konu\u015farak ge\u00e7irdi. Kendisine mesihlik yak\u0131\u015ft\u0131r\u0131lm\u0131\u015f olmas\u0131na ra\u011fmen bunu hi\u00e7bir zaman kabul etmedi. Onun i\u00e7in, kar\u015f\u0131la\u015ft\u0131\u011f\u0131 herkes ba\u015fl\u0131 ba\u015f\u0131na bir \u201cbirey\u201ddi. Bu nedenle \u00f6\u011fretmekten \u00e7ok payla\u015fmay\u0131 ilke edindi. Yine de d\u00fcnya \u00fczerindeki milyonlarca ki\u015fi ondan \u00e7ok \u015fey \u00f6\u011frendi. Ya\u015fam; kar\u015f\u0131la\u015f\u0131lan durumlar, zorluklar ve onlara yan\u0131t s\u00fcrecidir. Kar\u015f\u0131la\u015f\u0131lan durum ve zorluklar her zaman yenidir ama tepkiler hep eskidir. Ko\u015fullanma ve ge\u00e7mi\u015fin sonucu anlam\u0131na gelen bu tepki, k\u0131nanmadan ve disipline sokulmaya \u00e7al\u0131\u015f\u0131lmadan anla\u015f\u0131lmal\u0131. Bu, her g\u00fcn\u00fc yeniden, sonuna kadar ve tam anlam\u0131yla ya\u015famak demektir. Tam anlam\u0131yla ya\u015famak; ancak sevgi oldu\u011fu, kalbinizin s\u00f6zc\u00fcklerle ve zihnin \u00fcretti\u011fi \u015feylerle dolu olmad\u0131\u011f\u0131 zaman m\u00fcmk\u00fcnd\u00fcr. Sevgi oldu\u011fu zaman bellek sona erer ve i\u015fte o zaman her an, yeniden do\u011fu\u015ftur. <\/p>\n","protected":false},"excerpt":{"rendered":"<p>13 ya\u015f\u0131ndayken d\u00fcnya \u00f6\u011fretmeni se\u00e7ilen Krishnamurti, hayat\u0131n\u0131 d\u00fcnyay\u0131 dola\u015farak, insanlarla ya\u015fama ve d\u00fcnyaya dair konu\u015farak ge\u00e7irdi. Kendisine mesihlik yak\u0131\u015ft\u0131r\u0131lm\u0131\u015f olmas\u0131na ra\u011fmen bunu hi\u00e7bir zaman kabul etmedi.<span class=\"excerpt-hellip\"> [\u2026]<\/span><\/p>\n","protected":false},"featured_media":0,"template":"","meta":{"_monsterinsights_skip_tracking":false,"_monsterinsights_sitenote_active":false,"_monsterinsights_sitenote_note":"","_monsterinsights_sitenote_category":0},"product_brand":[],"product_cat":[12364],"product_tag":[],"class_list":{"0":"post-708403","1":"product","2":"type-product","3":"status-publish","5":"product_cat-genel-konular","6":"pa_cilt-ciltsiz","7":"pa_tur-kitap","8":"pa_yayinevi-omega","9":"pa_yazar-j-krishnamurti","11":"first","12":"instock","13":"sale","14":"shipping-taxable","15":"purchasable","16":"product-type-simple"},"_links":{"self":[{"href":"https:\/\/roveyayinevi.com.tr\/index.php\/wp-json\/wp\/v2\/product\/708403","targetHints":{"allow":["GET"]}}],"collection":[{"href":"https:\/\/roveyayinevi.com.tr\/index.php\/wp-json\/wp\/v2\/product"}],"about":[{"href":"https:\/\/roveyayinevi.com.tr\/index.php\/wp-json\/wp\/v2\/types\/product"}],"wp:attachment":[{"href":"https:\/\/roveyayinevi.com.tr\/index.php\/wp-json\/wp\/v2\/media?parent=708403"}],"wp:term":[{"taxonomy":"product_brand","embeddable":true,"href":"https:\/\/roveyayinevi.com.tr\/index.php\/wp-json\/wp\/v2\/product_brand?post=708403"},{"taxonomy":"product_cat","embeddable":true,"href":"https:\/\/roveyayinevi.com.tr\/index.php\/wp-json\/wp\/v2\/product_cat?post=708403"},{"taxonomy":"product_tag","embeddable":true,"href":"https:\/\/roveyayinevi.com.tr\/index.php\/wp-json\/wp\/v2\/product_tag?post=708403"}],"curies":[{"name":"wp","href":"https:\/\/api.w.org\/{rel}","templated":true}]}}