{"id":708402,"date":"2025-08-27T16:14:32","date_gmt":"2025-08-27T13:14:32","guid":{"rendered":"https:\/\/roveyayinevi.com.tr\/index.php\/urun\/urkunc-aynanin-arkasinda\/"},"modified":"2026-04-16T02:16:53","modified_gmt":"2026-04-15T23:16:53","slug":"urkunc-aynanin-arkasinda","status":"publish","type":"product","link":"https:\/\/roveyayinevi.com.tr\/index.php\/urun\/urkunc-aynanin-arkasinda\/","title":{"rendered":"\u00dcrk\u00fcn\u00e7 Aynan\u0131n Arkas\u0131nda"},"content":{"rendered":"<p>S\u0131radan Kahraman\u0131m\u0131z Can Avar D\u00fcnyay\u0131 Kurtarmaya devam ediyor! Can Avar\u2026 Asl\u0131nda s\u0131radan bir \u00e7ocuk\u2026 Her g\u00fcn d\u00fcnyay\u0131 kurtarmas\u0131n\u0131 saymazsak tabii! Kurt adamlar, hayaletler, mumyalar, vampirler, uzayl\u0131lar&#8230; Hepsiyle tek ba\u015f\u0131na sava\u015f\u0131yor. Bizler de onun sayesinde yata\u011f\u0131m\u0131zda rahat uyuyabiliyoruz. Ah! Bir de b\u00fcy\u00fckleri bu ba\u015far\u0131lar\u0131na inand\u0131rabilse&#8230; Mesela annesini evlerinin bir ejderha taraf\u0131ndan \u0131s\u0131t\u0131ld\u0131\u011f\u0131na ikna edebilse ya da y\u0131llard\u0131r kedi diye besledikleri hayvan\u0131n asl\u0131nda bir rakun oldu\u011funu herkes \u00f6\u011frense&#8230; Anlayaca\u011f\u0131n\u0131z Can&#8217;\u0131n b\u00fcy\u00fcklere anlatmak istedi\u011fi \u00e7ok \u015fey var! Bu yepyeni macerada Can ve tak\u0131m yine bi&#8217; s\u00fcr\u00fc sorunun cevab\u0131n\u0131 ar\u0131yor. Elbette kendilerine \u00f6zg\u00fc y\u00f6ntemleriyle! Anlayaca\u011f\u0131n\u0131z yine bi&#8217; dolu acayiplik, gariplik ve biraz da i\u011fren\u00e7 \u015fey bu kitapta sizleri bekliyor!<\/p>\n","protected":false},"excerpt":{"rendered":"<p>S\u0131radan Kahraman\u0131m\u0131z Can Avar D\u00fcnyay\u0131 Kurtarmaya devam ediyor! Can Avar\u2026 Asl\u0131nda s\u0131radan bir \u00e7ocuk\u2026 Her g\u00fcn d\u00fcnyay\u0131 kurtarmas\u0131n\u0131 saymazsak tabii! Kurt adamlar, hayaletler, mumyalar, vampirler, uzayl\u0131lar&#8230;<span class=\"excerpt-hellip\"> [\u2026]<\/span><\/p>\n","protected":false},"featured_media":0,"template":"","meta":{"_monsterinsights_skip_tracking":false,"_monsterinsights_sitenote_active":false,"_monsterinsights_sitenote_note":"","_monsterinsights_sitenote_category":0},"product_brand":[],"product_cat":[12275,12274],"product_tag":[],"class_list":{"0":"post-708402","1":"product","2":"type-product","3":"status-publish","5":"product_cat-6-12-yas-kitaplari","6":"product_cat-cocuk-ve-genclik-kitaplari","7":"pa_cilt-ciltsiz","8":"pa_tur-kitap","9":"pa_yayinevi-timas-cocuk","10":"pa_yazar-haktan-kaan-icel","12":"first","13":"instock","14":"sale","15":"shipping-taxable","16":"purchasable","17":"product-type-simple"},"_links":{"self":[{"href":"https:\/\/roveyayinevi.com.tr\/index.php\/wp-json\/wp\/v2\/product\/708402","targetHints":{"allow":["GET"]}}],"collection":[{"href":"https:\/\/roveyayinevi.com.tr\/index.php\/wp-json\/wp\/v2\/product"}],"about":[{"href":"https:\/\/roveyayinevi.com.tr\/index.php\/wp-json\/wp\/v2\/types\/product"}],"wp:attachment":[{"href":"https:\/\/roveyayinevi.com.tr\/index.php\/wp-json\/wp\/v2\/media?parent=708402"}],"wp:term":[{"taxonomy":"product_brand","embeddable":true,"href":"https:\/\/roveyayinevi.com.tr\/index.php\/wp-json\/wp\/v2\/product_brand?post=708402"},{"taxonomy":"product_cat","embeddable":true,"href":"https:\/\/roveyayinevi.com.tr\/index.php\/wp-json\/wp\/v2\/product_cat?post=708402"},{"taxonomy":"product_tag","embeddable":true,"href":"https:\/\/roveyayinevi.com.tr\/index.php\/wp-json\/wp\/v2\/product_tag?post=708402"}],"curies":[{"name":"wp","href":"https:\/\/api.w.org\/{rel}","templated":true}]}}