{"id":708401,"date":"2025-08-27T16:14:31","date_gmt":"2025-08-27T13:14:31","guid":{"rendered":"https:\/\/roveyayinevi.com.tr\/index.php\/urun\/masalci-kiz\/"},"modified":"2026-04-16T02:16:53","modified_gmt":"2026-04-15T23:16:53","slug":"masalci-kiz","status":"publish","type":"product","link":"https:\/\/roveyayinevi.com.tr\/index.php\/urun\/masalci-kiz\/","title":{"rendered":"Masalc\u0131 K\u0131z"},"content":{"rendered":"<p>Minikler i\u00e7in Kocaman \u00d6yk\u00fcler&#8230;K\u00fc\u00e7\u00fck K\u0131z&#8217;\u0131n can\u0131 \u00e7ok s\u0131k\u0131lmaktad\u0131r. Bulutlara bakarak g\u00fcnlerini ge\u00e7irirken bir g\u00fcn yan\u0131na bir kurbaga gelir. Ona etraf\u0131 gezdirmek istedigini s\u00f6yler. K\u00fc\u00e7\u00fck K\u0131z h\u00fcz\u00fcnlenir, \u00e7\u00fcnk\u00fc y\u00fcr\u00fcyemiyordur. Yesil Kurbaga ona yard\u0131m edecegini, dert etmemesini s\u00f6yler. Ve onu s\u0131rt\u0131na al\u0131r, dere tepe dolasmaya baslarlar. Evlerin \u00fcst\u00fcnden u\u00e7arlar, deniz alt\u0131nda turlarlar, bal\u0131klarla tan\u0131s\u0131rlar. Bir bal\u0131k, K\u00fc\u00e7\u00fck K\u0131z&#8217;dan bir ricada bulunur. Kendisi i\u00e7in derinlerdeki bir deniz kabugunu bulmas\u0131n\u0131 ister! Onun istegini ger\u00e7eklestirmek i\u00e7in \u00e7abalayan K\u00fc\u00e7\u00fck K\u0131z&#8217;\u0131n hayat\u0131 degisecektir. Masallar\u0131n b\u00fcy\u00fcleyici d\u00fcnyas\u0131yla tan\u0131san k\u00fc\u00e7\u00fck bir k\u0131z\u0131n ilham dolu \u00f6yk\u00fcs\u00fc&#8230; <\/p>\n","protected":false},"excerpt":{"rendered":"<p>Minikler i\u00e7in Kocaman \u00d6yk\u00fcler&#8230;K\u00fc\u00e7\u00fck K\u0131z&#8217;\u0131n can\u0131 \u00e7ok s\u0131k\u0131lmaktad\u0131r. Bulutlara bakarak g\u00fcnlerini ge\u00e7irirken bir g\u00fcn yan\u0131na bir kurbaga gelir. Ona etraf\u0131 gezdirmek istedigini s\u00f6yler. K\u00fc\u00e7\u00fck K\u0131z h\u00fcz\u00fcnlenir,<span class=\"excerpt-hellip\"> [\u2026]<\/span><\/p>\n","protected":false},"featured_media":0,"template":"","meta":{"_monsterinsights_skip_tracking":false,"_monsterinsights_sitenote_active":false,"_monsterinsights_sitenote_note":"","_monsterinsights_sitenote_category":0},"product_brand":[],"product_cat":[12275,12274],"product_tag":[],"class_list":{"0":"post-708401","1":"product","2":"type-product","3":"status-publish","5":"product_cat-6-12-yas-kitaplari","6":"product_cat-cocuk-ve-genclik-kitaplari","7":"pa_cilt-ciltsiz","8":"pa_tur-kitap","9":"pa_yayinevi-timas-cocuk","10":"pa_yazar-monica-k-musil","12":"first","13":"instock","14":"sale","15":"shipping-taxable","16":"purchasable","17":"product-type-simple"},"_links":{"self":[{"href":"https:\/\/roveyayinevi.com.tr\/index.php\/wp-json\/wp\/v2\/product\/708401","targetHints":{"allow":["GET"]}}],"collection":[{"href":"https:\/\/roveyayinevi.com.tr\/index.php\/wp-json\/wp\/v2\/product"}],"about":[{"href":"https:\/\/roveyayinevi.com.tr\/index.php\/wp-json\/wp\/v2\/types\/product"}],"wp:attachment":[{"href":"https:\/\/roveyayinevi.com.tr\/index.php\/wp-json\/wp\/v2\/media?parent=708401"}],"wp:term":[{"taxonomy":"product_brand","embeddable":true,"href":"https:\/\/roveyayinevi.com.tr\/index.php\/wp-json\/wp\/v2\/product_brand?post=708401"},{"taxonomy":"product_cat","embeddable":true,"href":"https:\/\/roveyayinevi.com.tr\/index.php\/wp-json\/wp\/v2\/product_cat?post=708401"},{"taxonomy":"product_tag","embeddable":true,"href":"https:\/\/roveyayinevi.com.tr\/index.php\/wp-json\/wp\/v2\/product_tag?post=708401"}],"curies":[{"name":"wp","href":"https:\/\/api.w.org\/{rel}","templated":true}]}}